{"id":119063,"date":"2025-05-25T12:25:22","date_gmt":"2025-05-25T10:25:22","guid":{"rendered":"https:\/\/poppers-online.ch\/produkt\/sport-fucker-the-wedge-ring-bleu\/"},"modified":"2025-05-26T10:56:10","modified_gmt":"2025-05-26T08:56:10","slug":"sport-fucker-the-wedge-ring-bleu","status":"publish","type":"product","link":"https:\/\/poppers-online.ch\/fr\/produit\/sport-fucker-the-wedge-ring-bleu\/","title":{"rendered":"Sport Fucker The Wedge Ring Bleu"},"content":{"rendered":"","protected":false},"excerpt":{"rendered":"<p class=\"p1\"><span class=\"s1\">Le Sport Fucker The Wedge Ring Bleu est un cock ring extr\u00eamement extensible et tr\u00e8s confortable, fabriqu\u00e9 en caoutchouc TPR super r\u00e9sistant et tr\u00e8s flexible. Il est \u00e9galement disponible en <a href=\"https:\/\/poppers-online.ch\/fr\/produit\/sport-fucker-the-wedge-ring-rouge\/\">rouge<\/a> et <a href=\"https:\/\/poppers-online.ch\/fr\/produit\/sport-fucker-the-wedge-ring-noir\/\">en noir<\/a> dans notre boutique. <\/span><\/p>\n<p class=\"p1\"><span class=\"s1\">Mat\u00e9riau : TPR<br \/>\n<\/span><span class=\"s1\">Fabricant : Sport Fucker<\/span><\/p>\n","protected":false},"featured_media":119060,"comment_status":"open","ping_status":"closed","template":"","meta":{"_acf_changed":false,"iawp_total_views":2,"_glsr_average":0,"_glsr_ranking":0,"_glsr_reviews":0},"product_brand":[],"product_cat":[2091,171],"product_tag":[],"class_list":{"0":"post-119063","1":"product","2":"type-product","3":"status-publish","4":"has-post-thumbnail","6":"product_cat-cock-play","7":"product_cat-sex-toys","9":"first","10":"instock","11":"taxable","12":"shipping-taxable","13":"purchasable","14":"product-type-simple"},"acf":[],"_links":{"self":[{"href":"https:\/\/poppers-online.ch\/fr\/wp-json\/wp\/v2\/product\/119063","targetHints":{"allow":["GET"]}}],"collection":[{"href":"https:\/\/poppers-online.ch\/fr\/wp-json\/wp\/v2\/product"}],"about":[{"href":"https:\/\/poppers-online.ch\/fr\/wp-json\/wp\/v2\/types\/product"}],"replies":[{"embeddable":true,"href":"https:\/\/poppers-online.ch\/fr\/wp-json\/wp\/v2\/comments?post=119063"}],"wp:featuredmedia":[{"embeddable":true,"href":"https:\/\/poppers-online.ch\/fr\/wp-json\/wp\/v2\/media\/119060"}],"wp:attachment":[{"href":"https:\/\/poppers-online.ch\/fr\/wp-json\/wp\/v2\/media?parent=119063"}],"wp:term":[{"taxonomy":"product_brand","embeddable":true,"href":"https:\/\/poppers-online.ch\/fr\/wp-json\/wp\/v2\/product_brand?post=119063"},{"taxonomy":"product_cat","embeddable":true,"href":"https:\/\/poppers-online.ch\/fr\/wp-json\/wp\/v2\/product_cat?post=119063"},{"taxonomy":"product_tag","embeddable":true,"href":"https:\/\/poppers-online.ch\/fr\/wp-json\/wp\/v2\/product_tag?post=119063"}],"curies":[{"name":"wp","href":"https:\/\/api.w.org\/{rel}","templated":true}]}}