{"id":118908,"date":"2025-05-22T20:22:31","date_gmt":"2025-05-22T19:12:11","guid":{"rendered":"https:\/\/poppers-online.ch\/produkt\/kinky-monster-fire-poppers-24ml\/"},"modified":"2026-03-05T10:30:06","modified_gmt":"2026-03-05T09:30:06","slug":"kinky-monster-fire-poppers-24ml","status":"publish","type":"product","link":"https:\/\/poppers-online.ch\/fr\/produit\/kinky-monster-fire-poppers-24ml\/","title":{"rendered":"Kinky Monster Fire Poppers 24ml"},"content":{"rendered":"","protected":false},"excerpt":{"rendered":"<p><span style=\"font-weight: 400\"><strong>Le Kinky Monster Fire Poppers 24ml<\/strong> s&rsquo;adresse \u00e0 tous les kinksters et est synonyme de poppers encore plus forts et plus durables. En outre, les flacons de Kinky Monster Poppers contiennent du nitrite de pentyle particuli\u00e8rement pur et hautement concentr\u00e9. Les poppers Kinky Monster existent en 8 vari\u00e9t\u00e9s diff\u00e9rentes. Kinky Monster Fire fait partie des poppers les plus puissants. Nous avons con\u00e7u ce poppers puissant pour tous les fist lovers et tous ceux qui veulent le devenir. Si tu cherches un poppers qui t&rsquo;aidera \u00e0 avoir une fist session encore plus d\u00e9tendue et excitante, nous te recommandons le poppers Kinky Monster Fire.<\/span><\/p>\n","protected":false},"featured_media":118882,"comment_status":"open","ping_status":"closed","template":"","meta":{"_acf_changed":false,"iawp_total_views":22,"_glsr_average":0,"_glsr_ranking":0,"_glsr_reviews":0},"product_brand":[],"product_cat":[1046,77],"product_tag":[],"class_list":{"0":"post-118908","1":"product","2":"type-product","3":"status-publish","4":"has-post-thumbnail","6":"product_cat-poppers","7":"product_cat-grands-flacons","8":"pa_flaschenform-ovale","9":"pa_gewindegroesse-small","10":"pa_inhalt-24ml","11":"pa_inhaltsstoffe-nitrite-de-pentyle","12":"pa_marke-kinky-monster-poppers","13":"pa_staerke-91","15":"first","16":"instock","17":"taxable","18":"shipping-taxable","19":"purchasable","20":"product-type-simple"},"acf":[],"_links":{"self":[{"href":"https:\/\/poppers-online.ch\/fr\/wp-json\/wp\/v2\/product\/118908","targetHints":{"allow":["GET"]}}],"collection":[{"href":"https:\/\/poppers-online.ch\/fr\/wp-json\/wp\/v2\/product"}],"about":[{"href":"https:\/\/poppers-online.ch\/fr\/wp-json\/wp\/v2\/types\/product"}],"replies":[{"embeddable":true,"href":"https:\/\/poppers-online.ch\/fr\/wp-json\/wp\/v2\/comments?post=118908"}],"wp:featuredmedia":[{"embeddable":true,"href":"https:\/\/poppers-online.ch\/fr\/wp-json\/wp\/v2\/media\/118882"}],"wp:attachment":[{"href":"https:\/\/poppers-online.ch\/fr\/wp-json\/wp\/v2\/media?parent=118908"}],"wp:term":[{"taxonomy":"product_brand","embeddable":true,"href":"https:\/\/poppers-online.ch\/fr\/wp-json\/wp\/v2\/product_brand?post=118908"},{"taxonomy":"product_cat","embeddable":true,"href":"https:\/\/poppers-online.ch\/fr\/wp-json\/wp\/v2\/product_cat?post=118908"},{"taxonomy":"product_tag","embeddable":true,"href":"https:\/\/poppers-online.ch\/fr\/wp-json\/wp\/v2\/product_tag?post=118908"}],"curies":[{"name":"wp","href":"https:\/\/api.w.org\/{rel}","templated":true}]}}