{"id":118903,"date":"2025-05-22T19:57:59","date_gmt":"2025-05-22T17:57:59","guid":{"rendered":"https:\/\/poppers-online.ch\/produkt\/kinky-monster-ultra-strong-poppers-24ml\/"},"modified":"2026-04-02T20:47:41","modified_gmt":"2026-04-02T18:47:41","slug":"kinky-monster-ultra-strong-poppers-24ml","status":"publish","type":"product","link":"https:\/\/poppers-online.ch\/fr\/produit\/kinky-monster-ultra-strong-poppers-24ml\/","title":{"rendered":"Kinky Monster Ultra Strong Poppers 24ml"},"content":{"rendered":"","protected":false},"excerpt":{"rendered":"<p><span style=\"font-weight: 400\"><strong>Kinky Monster Ultra Strong Poppers 24\u202fml<\/strong> s\u2019adresse \u00e0 tous les kinksters et incarne un poppers encore plus fort et plus durable. Les flacons Kinky Monster contiennent du nitrite de pentyle particuli\u00e8rement pur et hautement concentr\u00e9. Les poppers Kinky Monster existent en 8 vari\u00e9t\u00e9s. Le Kinky Monster Ultra Strong est le plus puissant d\u2019entre eux. Il affiche un score de 6+ sur l\u2019\u00e9chelle de puissance. Avec le Kinky Monster Ultra Strong, tu as un poppers ultra fort \u00e0 port\u00e9e de main. Id\u00e9al pour tes sessions Fist, Rubber, Sneakers, Sox, Puppy ou SM. Si tu cherches l\u2019intensit\u00e9 absolue, tu vas adorer ce poppers ultra puissant. Deviens toi-m\u00eame un Ultra\u2013Kinky Monster.        <\/span><\/p>\n","protected":false},"featured_media":118871,"comment_status":"open","ping_status":"closed","template":"","meta":{"_acf_changed":false,"iawp_total_views":79,"_glsr_average":0,"_glsr_ranking":0,"_glsr_reviews":0},"product_brand":[],"product_cat":[1046,77],"product_tag":[],"class_list":{"0":"post-118903","1":"product","2":"type-product","3":"status-publish","4":"has-post-thumbnail","6":"product_cat-poppers","7":"product_cat-grands-flacons","8":"pa_flaschenform-ovale","9":"pa_gewindegroesse-small","10":"pa_inhalt-24ml","11":"pa_inhaltsstoffe-nitrite-de-pentyle","12":"pa_marke-kinky-monster-poppers","13":"pa_staerke-91","15":"first","16":"instock","17":"taxable","18":"shipping-taxable","19":"purchasable","20":"product-type-simple"},"acf":[],"_links":{"self":[{"href":"https:\/\/poppers-online.ch\/fr\/wp-json\/wp\/v2\/product\/118903","targetHints":{"allow":["GET"]}}],"collection":[{"href":"https:\/\/poppers-online.ch\/fr\/wp-json\/wp\/v2\/product"}],"about":[{"href":"https:\/\/poppers-online.ch\/fr\/wp-json\/wp\/v2\/types\/product"}],"replies":[{"embeddable":true,"href":"https:\/\/poppers-online.ch\/fr\/wp-json\/wp\/v2\/comments?post=118903"}],"wp:featuredmedia":[{"embeddable":true,"href":"https:\/\/poppers-online.ch\/fr\/wp-json\/wp\/v2\/media\/118871"}],"wp:attachment":[{"href":"https:\/\/poppers-online.ch\/fr\/wp-json\/wp\/v2\/media?parent=118903"}],"wp:term":[{"taxonomy":"product_brand","embeddable":true,"href":"https:\/\/poppers-online.ch\/fr\/wp-json\/wp\/v2\/product_brand?post=118903"},{"taxonomy":"product_cat","embeddable":true,"href":"https:\/\/poppers-online.ch\/fr\/wp-json\/wp\/v2\/product_cat?post=118903"},{"taxonomy":"product_tag","embeddable":true,"href":"https:\/\/poppers-online.ch\/fr\/wp-json\/wp\/v2\/product_tag?post=118903"}],"curies":[{"name":"wp","href":"https:\/\/api.w.org\/{rel}","templated":true}]}}