{"id":118430,"date":"2025-05-14T21:24:14","date_gmt":"2025-05-14T19:32:54","guid":{"rendered":"https:\/\/poppers-online.ch\/produkt\/brutus-slim-cock-ring-en-silicone\/"},"modified":"2025-05-18T19:38:01","modified_gmt":"2025-05-18T17:38:01","slug":"brutus-slim-cock-ring-en-silicone","status":"publish","type":"product","link":"https:\/\/poppers-online.ch\/fr\/produit\/brutus-slim-cock-ring-en-silicone\/","title":{"rendered":"Brutus Slim Cock Ring en silicone"},"content":{"rendered":"","protected":false},"excerpt":{"rendered":"<p>Le Brutus Slim Silicone Cock Ring est l&rsquo;anneau parfait qui s&rsquo;enroule autour de votre queue et vous donne l&rsquo;impression d&rsquo;\u00eatre une seconde peau. De cette fa\u00e7on, vous pouvez vous concentrer sur ce que vous faites le mieux, sans avoir \u00e0 vous soucier que votre cockring glisse ou vous mette mal \u00e0 l&rsquo;aise. Le Slim Donut est disponible en trois tailles et a une \u00e9lasticit\u00e9 parfaite pour cr\u00e9er un ajustement parfait pour tous.  <\/p>\n<p>Fabriqu\u00e9 en silicone.<\/p>\n<p>Disponible en 3 tailles : 45, 50 ou 55mm<br \/>\nCouleur : noir<br \/>\nFabricant : Brutus<\/p>\n","protected":false},"featured_media":118420,"comment_status":"open","ping_status":"closed","template":"","meta":{"_acf_changed":false,"iawp_total_views":10,"_glsr_average":0,"_glsr_ranking":0,"_glsr_reviews":0},"product_brand":[],"product_cat":[2091,171],"product_tag":[],"class_list":{"0":"post-118430","1":"product","2":"type-product","3":"status-publish","4":"has-post-thumbnail","6":"product_cat-cock-play","7":"product_cat-sex-toys","9":"first","10":"instock","11":"taxable","12":"shipping-taxable","13":"purchasable","14":"product-type-variable"},"acf":[],"_links":{"self":[{"href":"https:\/\/poppers-online.ch\/fr\/wp-json\/wp\/v2\/product\/118430","targetHints":{"allow":["GET"]}}],"collection":[{"href":"https:\/\/poppers-online.ch\/fr\/wp-json\/wp\/v2\/product"}],"about":[{"href":"https:\/\/poppers-online.ch\/fr\/wp-json\/wp\/v2\/types\/product"}],"replies":[{"embeddable":true,"href":"https:\/\/poppers-online.ch\/fr\/wp-json\/wp\/v2\/comments?post=118430"}],"wp:featuredmedia":[{"embeddable":true,"href":"https:\/\/poppers-online.ch\/fr\/wp-json\/wp\/v2\/media\/118420"}],"wp:attachment":[{"href":"https:\/\/poppers-online.ch\/fr\/wp-json\/wp\/v2\/media?parent=118430"}],"wp:term":[{"taxonomy":"product_brand","embeddable":true,"href":"https:\/\/poppers-online.ch\/fr\/wp-json\/wp\/v2\/product_brand?post=118430"},{"taxonomy":"product_cat","embeddable":true,"href":"https:\/\/poppers-online.ch\/fr\/wp-json\/wp\/v2\/product_cat?post=118430"},{"taxonomy":"product_tag","embeddable":true,"href":"https:\/\/poppers-online.ch\/fr\/wp-json\/wp\/v2\/product_tag?post=118430"}],"curies":[{"name":"wp","href":"https:\/\/api.w.org\/{rel}","templated":true}]}}