{"id":118409,"date":"2025-05-14T20:22:55","date_gmt":"2025-05-14T18:30:57","guid":{"rendered":"https:\/\/poppers-online.ch\/produkt\/brutus-stop-and-go-baton-de-perles-anales-en-silicone\/"},"modified":"2025-05-18T19:49:55","modified_gmt":"2025-05-18T17:49:55","slug":"brutus-stop-and-go-baton-de-perles-anales-en-silicone","status":"publish","type":"product","link":"https:\/\/poppers-online.ch\/fr\/produit\/brutus-stop-and-go-baton-de-perles-anales-en-silicone\/","title":{"rendered":"Brutus Stop and Go &#8211; B\u00e2ton de perles anales en silicone"},"content":{"rendered":"","protected":false},"excerpt":{"rendered":"<p>Le <strong>Brutus Stop and Go<\/strong> compl\u00e8te vos aventures anales. Ce nouveau design ondul\u00e9 de Brutus portera votre jeu anal \u00e0 un tout nouveau niveau, car vous sentirez votre trou s&rsquo;\u00e9largir \u00e0 chaque vague alors que vous ins\u00e9rez Stop &amp; Go de plus en plus profond\u00e9ment. <\/p>\n<p>Utiliser un lubrifiant \u00e0 base de silicone, \u00e0 commander directement avec le produit.<\/p>\n<p>Silicone super lisse<br \/>\nLongueur d&rsquo;insertion : 22,5 cm<br \/>\nDiam\u00e8tre : 22-35mm<br \/>\nFabricant : Brutus<\/p>\n","protected":false},"featured_media":118401,"comment_status":"open","ping_status":"closed","template":"","meta":{"_acf_changed":false,"iawp_total_views":6,"_glsr_average":0,"_glsr_ranking":0,"_glsr_reviews":0},"product_brand":[],"product_cat":[2085,171],"product_tag":[],"class_list":{"0":"post-118409","1":"product","2":"type-product","3":"status-publish","4":"has-post-thumbnail","6":"product_cat-anal-play","7":"product_cat-sex-toys","9":"first","10":"instock","11":"taxable","12":"shipping-taxable","13":"purchasable","14":"product-type-simple"},"acf":[],"_links":{"self":[{"href":"https:\/\/poppers-online.ch\/fr\/wp-json\/wp\/v2\/product\/118409","targetHints":{"allow":["GET"]}}],"collection":[{"href":"https:\/\/poppers-online.ch\/fr\/wp-json\/wp\/v2\/product"}],"about":[{"href":"https:\/\/poppers-online.ch\/fr\/wp-json\/wp\/v2\/types\/product"}],"replies":[{"embeddable":true,"href":"https:\/\/poppers-online.ch\/fr\/wp-json\/wp\/v2\/comments?post=118409"}],"wp:featuredmedia":[{"embeddable":true,"href":"https:\/\/poppers-online.ch\/fr\/wp-json\/wp\/v2\/media\/118401"}],"wp:attachment":[{"href":"https:\/\/poppers-online.ch\/fr\/wp-json\/wp\/v2\/media?parent=118409"}],"wp:term":[{"taxonomy":"product_brand","embeddable":true,"href":"https:\/\/poppers-online.ch\/fr\/wp-json\/wp\/v2\/product_brand?post=118409"},{"taxonomy":"product_cat","embeddable":true,"href":"https:\/\/poppers-online.ch\/fr\/wp-json\/wp\/v2\/product_cat?post=118409"},{"taxonomy":"product_tag","embeddable":true,"href":"https:\/\/poppers-online.ch\/fr\/wp-json\/wp\/v2\/product_tag?post=118409"}],"curies":[{"name":"wp","href":"https:\/\/api.w.org\/{rel}","templated":true}]}}