{"id":118393,"date":"2025-05-14T14:10:26","date_gmt":"2025-05-14T12:10:26","guid":{"rendered":"https:\/\/poppers-online.ch\/produkt\/folsom-poppers-combo\/"},"modified":"2025-12-29T19:04:37","modified_gmt":"2025-12-29T18:04:37","slug":"folsom-poppers-combo","status":"publish","type":"product","link":"https:\/\/poppers-online.ch\/fr\/produit\/folsom-poppers-combo\/","title":{"rendered":"Folsom Poppers Combo"},"content":{"rendered":"","protected":false},"excerpt":{"rendered":"<p class=\"\" data-start=\"285\" data-end=\"477\">D\u00e9couvrez la puissance concentr\u00e9e de trois poppers premium dans un seul kit : le <strong data-start=\"352\" data-end=\"376\">Folsom Poppers Combo<\/strong> r\u00e9unit trois best-sellers, synonymes de sessions intenses, de plaisir d\u00e9brid\u00e9 et d&rsquo;effet maximal :<\/p>\n<ul data-start=\"479\" data-end=\"590\">\n<li class=\"\" data-start=\"479\" data-end=\"519\">\n<p class=\"\" data-start=\"481\" data-end=\"519\"><strong data-start=\"481\" data-end=\"519\">BERLIN XXX Hardcore Poppers &#8211; 30ml<\/strong><\/p>\n<\/li>\n<li class=\"\" data-start=\"520\" data-end=\"550\">\n<p class=\"\" data-start=\"522\" data-end=\"550\"><strong data-start=\"522\" data-end=\"550\">Dirty PIG Poppers &#8211; 10ml<\/strong><\/p>\n<\/li>\n<li class=\"\" data-start=\"551\" data-end=\"590\">\n<p class=\"\" data-start=\"553\" data-end=\"590\"><strong data-start=\"553\" data-end=\"590\">MASTER Black Label Extreme &#8211; 30ml<\/strong><\/p>\n<\/li>\n<\/ul>\n<h3 class=\"\" data-start=\"592\" data-end=\"632\">BERLIN XXX Hardcore Poppers &#8211; 30ml<\/h3>\n<p class=\"\" data-start=\"633\" data-end=\"1074\">Avec son nom, ce poppers dit d\u00e9j\u00e0 tout : <strong data-start=\"683\" data-end=\"690\">XXX<\/strong> repr\u00e9sente les fantasmes pornographiques, <strong data-start=\"717\" data-end=\"727\">Berlin<\/strong> la libert\u00e9, le sexe et la culture des clubs. Ce poppers contient du <strong data-start=\"826\" data-end=\"841\">nitrite d&rsquo;hexyle<\/strong>, class\u00e9 comme relativement doux, qui fait n\u00e9anmoins partie des vari\u00e9t\u00e9s les plus fortes avec une <strong data-start=\"860\" data-end=\"872\">force de 5<\/strong>. Id\u00e9al pour les longues soir\u00e9es en club, les sex parties ou en plein air. Le flacon pratique de 30 ml avec un bouchon facile \u00e0 ouvrir assure confort et endurance.   <\/p>\n<h3 class=\"\" data-start=\"1076\" data-end=\"1106\">Dirty PIG Poppers &#8211; 10ml<\/h3>\n<p class=\"\" data-start=\"1107\" data-end=\"1433\">Nouveau depuis 2023 et un v\u00e9ritable must-have pour les nuits endiabl\u00e9es. Dirty PIG contient la l\u00e9gendaire <strong data-start=\"1207\" data-end=\"1224\">formule originale de Pentyl<\/strong> et d\u00e9cha\u00eene ton animal int\u00e9rieur \u00e0 pleine <strong data-start=\"1269\" data-end=\"1281\">puissance 5<\/strong>. Petit mais puissant, ces 10\u202fml te garantissent des moments intenses et un plaisir sans retenue. Parfait pour toi si tu aimes les choses sales. \u00c9galement disponible en 24\u202fml.    <\/p>\n<h3 class=\"\" data-start=\"1435\" data-end=\"1474\">MASTER Black Label Extreme &#8211; 30ml<\/h3>\n<p class=\"\" data-start=\"1475\" data-end=\"1762\">La derni\u00e8re cr\u00e9ation de <strong data-start=\"1500\" data-end=\"1517\">Royal Hexagon<\/strong> est un v\u00e9ritable gamechanger. La <strong data-start=\"1561\" data-end=\"1586\">formule<\/strong> canadienne <strong data-start=\"1561\" data-end=\"1586\">Extreme Pentyl<\/strong> dans une <strong data-start=\"1617\" data-end=\"1637\">bouteille en aluminium<\/strong> styl\u00e9e et robuste &#8211; exclusive et extra forte. Pas moins de 30 ml de poppers extra-puissants garantissent un effet durable et une qualit\u00e9 sans compromis.  <\/p>\n","protected":false},"featured_media":118385,"comment_status":"open","ping_status":"closed","template":"","meta":{"_acf_changed":false,"iawp_total_views":51,"_glsr_average":0,"_glsr_ranking":0,"_glsr_reviews":0},"product_brand":[],"product_cat":[1046,76,77,78],"product_tag":[],"class_list":{"0":"post-118393","1":"product","2":"type-product","3":"status-publish","4":"has-post-thumbnail","6":"product_cat-poppers","7":"product_cat-paquets-economiques","8":"product_cat-grands-flacons","9":"product_cat-petits-flacons","10":"pa_inhalt-combo","11":"pa_inhalt-30ml","12":"pa_inhalt-10ml","13":"pa_inhaltsstoffe-nitrite-de-pentyle","14":"pa_marke-berlin-poppers","15":"pa_staerke-91","17":"first","18":"instock","19":"sale","20":"taxable","21":"shipping-taxable","22":"purchasable","23":"product-type-simple"},"acf":[],"_links":{"self":[{"href":"https:\/\/poppers-online.ch\/fr\/wp-json\/wp\/v2\/product\/118393","targetHints":{"allow":["GET"]}}],"collection":[{"href":"https:\/\/poppers-online.ch\/fr\/wp-json\/wp\/v2\/product"}],"about":[{"href":"https:\/\/poppers-online.ch\/fr\/wp-json\/wp\/v2\/types\/product"}],"replies":[{"embeddable":true,"href":"https:\/\/poppers-online.ch\/fr\/wp-json\/wp\/v2\/comments?post=118393"}],"wp:featuredmedia":[{"embeddable":true,"href":"https:\/\/poppers-online.ch\/fr\/wp-json\/wp\/v2\/media\/118385"}],"wp:attachment":[{"href":"https:\/\/poppers-online.ch\/fr\/wp-json\/wp\/v2\/media?parent=118393"}],"wp:term":[{"taxonomy":"product_brand","embeddable":true,"href":"https:\/\/poppers-online.ch\/fr\/wp-json\/wp\/v2\/product_brand?post=118393"},{"taxonomy":"product_cat","embeddable":true,"href":"https:\/\/poppers-online.ch\/fr\/wp-json\/wp\/v2\/product_cat?post=118393"},{"taxonomy":"product_tag","embeddable":true,"href":"https:\/\/poppers-online.ch\/fr\/wp-json\/wp\/v2\/product_tag?post=118393"}],"curies":[{"name":"wp","href":"https:\/\/api.w.org\/{rel}","templated":true}]}}