{"id":118334,"date":"2025-05-13T18:46:41","date_gmt":"2025-05-13T16:52:39","guid":{"rendered":"https:\/\/poppers-online.ch\/produkt\/sport-fucker-the-wedge-ring-rouge\/"},"modified":"2025-05-18T20:09:27","modified_gmt":"2025-05-18T18:09:27","slug":"sport-fucker-the-wedge-ring-rouge","status":"publish","type":"product","link":"https:\/\/poppers-online.ch\/fr\/produit\/sport-fucker-the-wedge-ring-rouge\/","title":{"rendered":"Sport Fucker The Wedge Ring rouge"},"content":{"rendered":"","protected":false},"excerpt":{"rendered":"<p>Le <strong>Sport Fucker The Wedge Ring rouge<\/strong> est un cockring extr\u00eamement extensible en caoutchouc TPR super r\u00e9sistant et tr\u00e8s flexible. Ajoutez un peu de couleur \u00e0 votre tenue sexy ou montrez ce que vous aimez vraiment avec la couleur rouge. <\/p>\n<p>Mat\u00e9riau : TPR<br \/>\nFabricant : Sport Fucker<\/p>\n","protected":false},"featured_media":118331,"comment_status":"open","ping_status":"closed","template":"","meta":{"_acf_changed":false,"iawp_total_views":1,"_glsr_average":0,"_glsr_ranking":0,"_glsr_reviews":0},"product_brand":[],"product_cat":[2091,171],"product_tag":[],"class_list":{"0":"post-118334","1":"product","2":"type-product","3":"status-publish","4":"has-post-thumbnail","6":"product_cat-cock-play","7":"product_cat-sex-toys","9":"first","10":"instock","11":"taxable","12":"shipping-taxable","13":"purchasable","14":"product-type-simple"},"acf":[],"_links":{"self":[{"href":"https:\/\/poppers-online.ch\/fr\/wp-json\/wp\/v2\/product\/118334","targetHints":{"allow":["GET"]}}],"collection":[{"href":"https:\/\/poppers-online.ch\/fr\/wp-json\/wp\/v2\/product"}],"about":[{"href":"https:\/\/poppers-online.ch\/fr\/wp-json\/wp\/v2\/types\/product"}],"replies":[{"embeddable":true,"href":"https:\/\/poppers-online.ch\/fr\/wp-json\/wp\/v2\/comments?post=118334"}],"wp:featuredmedia":[{"embeddable":true,"href":"https:\/\/poppers-online.ch\/fr\/wp-json\/wp\/v2\/media\/118331"}],"wp:attachment":[{"href":"https:\/\/poppers-online.ch\/fr\/wp-json\/wp\/v2\/media?parent=118334"}],"wp:term":[{"taxonomy":"product_brand","embeddable":true,"href":"https:\/\/poppers-online.ch\/fr\/wp-json\/wp\/v2\/product_brand?post=118334"},{"taxonomy":"product_cat","embeddable":true,"href":"https:\/\/poppers-online.ch\/fr\/wp-json\/wp\/v2\/product_cat?post=118334"},{"taxonomy":"product_tag","embeddable":true,"href":"https:\/\/poppers-online.ch\/fr\/wp-json\/wp\/v2\/product_tag?post=118334"}],"curies":[{"name":"wp","href":"https:\/\/api.w.org\/{rel}","templated":true}]}}