{"id":118289,"date":"2025-05-13T14:58:03","date_gmt":"2025-05-13T12:58:03","guid":{"rendered":"https:\/\/poppers-online.ch\/produkt\/poppers-to-go-kinky-monster-combo-avec-collier\/"},"modified":"2026-04-02T20:47:34","modified_gmt":"2026-04-02T18:47:34","slug":"poppers-to-go-kinky-monster-combo-avec-collier","status":"publish","type":"product","link":"https:\/\/poppers-online.ch\/fr\/produit\/poppers-to-go-kinky-monster-combo-avec-collier\/","title":{"rendered":"Poppers TO GO Kinky Monster Combo avec collier"},"content":{"rendered":"","protected":false},"excerpt":{"rendered":"<p class=\"\" data-start=\"106\" data-end=\"275\"><strong data-start=\"106\" data-end=\"157\">Poppers TO GO Kinky Monster Combo avec collier<\/strong> comprend deux produits :<br data-start=\"183\" data-end=\"186\"> Kinky<strong data-start=\"186\" data-end=\"221\">Monster Ultra Strong 10ml<\/strong> et le <strong data-start=\"230\" data-end=\"274\">collier Kinky Monster Poppers avec anneau<\/strong>.<\/p>\n<p class=\"\" data-start=\"277\" data-end=\"976\"><strong data-start=\"277\" data-end=\"312\">Kinky Monster Ultra Strong 10ml<\/strong> s\u2019adresse \u00e0 tous les kinksters et est synonyme de poppers encore plus forts et plus durables. Les bouteilles de Kinky Monster Poppers contiennent du nitrite de pentyle particuli\u00e8rement pur et hautement concentr\u00e9.<br data-start=\"500\" data-end=\"503\">Kinky Monster Poppers est disponible en 8 vari\u00e9t\u00e9s diff\u00e9rentes.<\/p>\n<p> <br data-start=\"559\" data-end=\"562\"><strong data-start=\"562\" data-end=\"592\">Kinky Monster Ultra Strong<\/strong> est le poppers le plus puissant de la gamme \u2013 avec une force de <strong data-start=\"672\" data-end=\"678\">6+<\/strong> sur l\u2019\u00e9chelle, selon nous.<br data-start=\"693\" data-end=\"696\">Avec Kinky Monster Ultra Strong, tu as un v\u00e9ritable poppers de puissance \u00e0 port\u00e9e de main.<br data-start=\"773\" data-end=\"776\" data-is-only-node=\"\"><strong data-start=\"776\" data-end=\"792\">Ultra Strong<\/strong> pour tes <strong data-start=\"803\" data-end=\"862\">s\u00e9ances de fist, rubber, sneakers, sox, puppy ou SM.<\/strong><br data-start=\"863\" data-end=\"866\">Toi aussi, tu vas adorer ce poppers Kinky Monster ultra puissant. Deviens toi-m\u00eame un <strong data-start=\"952\" data-end=\"975\">ultra Kinky Monster<\/strong> ! <\/p>\n<p class=\"\" data-start=\"978\" data-end=\"1520\"><strong data-start=\"978\" data-end=\"1022\">Collier Kinky Monster Poppers avec anneau<\/strong> \u2013 En tant que fan de poppers, tu connais cette situation : le moment d\u2019excitation est arriv\u00e9 et tu veux renifler ta bouteille de poppers. Mais la bouteille est hors de port\u00e9e.<br data-start=\"1181\" data-end=\"1184\">Le collier Poppers avec anneau de Kinky Monster r\u00e9sout ce probl\u00e8me :<br data-start=\"1262\" data-end=\"1265\">Tu peux attacher ta bouteille pr\u00e9f\u00e9r\u00e9e \u00e0 l&rsquo;anneau en caoutchouc du collier Poppers et ensuite passer le collier autour de ton cou.<br data-start=\"1398\" data-end=\"1401\">Tu peux \u00e9galement ins\u00e9rer le collier sans l\u2019anneau en caoutchouc dans la <strong data-start=\"1481\" data-end=\"1490\">taille<\/strong> pr\u00e9vue d\u2019un XTRM SNFFR. <\/p>\n<p class=\"\" data-start=\"1522\" data-end=\"1676\">Tu seras ainsi toujours pr\u00eat \u00e0 renifler et ne manqueras plus jamais le moment id\u00e9al \u2013 surtout si tu souhaites avoir la bouteille directement sur toi.<\/p>\n","protected":false},"featured_media":118283,"comment_status":"open","ping_status":"closed","template":"","meta":{"_acf_changed":false,"iawp_total_views":20,"_glsr_average":0,"_glsr_ranking":0,"_glsr_reviews":0},"product_brand":[],"product_cat":[1046,76,78,149,1305],"product_tag":[],"class_list":{"0":"post-118289","1":"product","2":"type-product","3":"status-publish","4":"has-post-thumbnail","6":"product_cat-poppers","7":"product_cat-paquets-economiques","8":"product_cat-petits-flacons","9":"product_cat-accessoires-poppers","10":"product_cat-holders","11":"pa_flaschenform-rond-petit","12":"pa_gewindegroesse-small","13":"pa_inhalt-combo","14":"pa_inhalt-10ml","15":"pa_inhaltsstoffe-nitrite-de-pentyle","16":"pa_marke-kinky-monster-poppers","17":"pa_staerke-91","19":"first","20":"instock","21":"sale","22":"taxable","23":"shipping-taxable","24":"purchasable","25":"product-type-simple"},"acf":[],"_links":{"self":[{"href":"https:\/\/poppers-online.ch\/fr\/wp-json\/wp\/v2\/product\/118289","targetHints":{"allow":["GET"]}}],"collection":[{"href":"https:\/\/poppers-online.ch\/fr\/wp-json\/wp\/v2\/product"}],"about":[{"href":"https:\/\/poppers-online.ch\/fr\/wp-json\/wp\/v2\/types\/product"}],"replies":[{"embeddable":true,"href":"https:\/\/poppers-online.ch\/fr\/wp-json\/wp\/v2\/comments?post=118289"}],"wp:featuredmedia":[{"embeddable":true,"href":"https:\/\/poppers-online.ch\/fr\/wp-json\/wp\/v2\/media\/118283"}],"wp:attachment":[{"href":"https:\/\/poppers-online.ch\/fr\/wp-json\/wp\/v2\/media?parent=118289"}],"wp:term":[{"taxonomy":"product_brand","embeddable":true,"href":"https:\/\/poppers-online.ch\/fr\/wp-json\/wp\/v2\/product_brand?post=118289"},{"taxonomy":"product_cat","embeddable":true,"href":"https:\/\/poppers-online.ch\/fr\/wp-json\/wp\/v2\/product_cat?post=118289"},{"taxonomy":"product_tag","embeddable":true,"href":"https:\/\/poppers-online.ch\/fr\/wp-json\/wp\/v2\/product_tag?post=118289"}],"curies":[{"name":"wp","href":"https:\/\/api.w.org\/{rel}","templated":true}]}}