{"id":118278,"date":"2025-05-13T14:08:58","date_gmt":"2025-05-13T12:08:58","guid":{"rendered":"https:\/\/poppers-online.ch\/produkt\/poppers-to-go-kinky-berlin-combo-avec-collier\/"},"modified":"2025-08-28T12:27:12","modified_gmt":"2025-08-28T10:27:12","slug":"poppers-to-go-kinky-berlin-combo-avec-collier","status":"publish","type":"product","link":"https:\/\/poppers-online.ch\/fr\/produit\/poppers-to-go-kinky-berlin-combo-avec-collier\/","title":{"rendered":"Poppers TO GO Kinky Berlin Combo avec collier"},"content":{"rendered":"","protected":false},"excerpt":{"rendered":"<p class=\"\" data-start=\"165\" data-end=\"340\"><strong data-start=\"165\" data-end=\"215\">Poppers TO GO Kinky Berlin Combo avec collier<\/strong> comprend deux produits :<br data-start=\"241\" data-end=\"244\">1 bouteille de <strong data-start=\"254\" data-end=\"290\">poppers Berlin Ultra Strong 10ml<\/strong> et <strong data-start=\"295\" data-end=\"339\">un collier de poppers Kinky Monster avec bague<\/strong>.<\/p>\n<p>&nbsp;<\/p>\n<p class=\"\" data-start=\"342\" data-end=\"677\">Le <strong data-start=\"346\" data-end=\"382\">Berlin Ultra Strong Poppers<\/strong> 10ml est bas\u00e9 sur le nitrite de pentyle original. Ce poppers ultra fort te apporte les possibilit\u00e9s sauvages et exub\u00e9rantes de la capitale queer, y compris KitKat et Berghain Berlin, et te permet, ainsi qu\u2019\u00e0 tes amis, de vivre intens\u00e9ment les vibes berlinoises \u00e0 la maison. <\/p>\n<p class=\"\" data-start=\"679\" data-end=\"1227\"><strong data-start=\"679\" data-end=\"723\">Collier Kinky Monster Poppers avec anneau<\/strong> &#8211; En tant que fan de poppers, tu connais forc\u00e9ment cette situation : le moment d\u2019excitation est arriv\u00e9 et tu veux renifler la bouteille \u2013 mais elle est hors de port\u00e9e.Le collier poppers avec anneau de Kinky Monster r\u00e9sout ce probl\u00e8me.<br data-start=\"973\" data-end=\"976\">Tu peux attacher ta bouteille pr\u00e9f\u00e9r\u00e9e \u00e0 l\u2019anneau en caoutchouc du collier, puis passer le collier autour de ton cou. Tu peux aussi ins\u00e9rer le collier sans l\u2019anneau dans la <strong data-start=\"1188\" data-end=\"1197\">taille<\/strong> pr\u00e9vue d\u2019un XTRM SNFFR.   <\/p>\n<p>&nbsp;<\/p>\n<p class=\"\" data-start=\"1229\" data-end=\"1393\">Tu seras ainsi toujours pr\u00eat \u00e0 renifler la bouteille et tu ne manqueras plus jamais le poppers \u2013 juste au moment o\u00f9 tu le veux, pr\u00e8s de toi.<\/p>\n","protected":false},"featured_media":118271,"comment_status":"open","ping_status":"closed","template":"","meta":{"_acf_changed":false,"iawp_total_views":23,"_glsr_average":0,"_glsr_ranking":0,"_glsr_reviews":0},"product_brand":[],"product_cat":[1046,76,149,1305],"product_tag":[],"class_list":{"0":"post-118278","1":"product","2":"type-product","3":"status-publish","4":"has-post-thumbnail","6":"product_cat-poppers","7":"product_cat-paquets-economiques","8":"product_cat-accessoires-poppers","9":"product_cat-holders","10":"pa_flaschenform-rond-petit","11":"pa_gewindegroesse-small","12":"pa_inhalt-combo","13":"pa_inhalt-10ml","14":"pa_inhaltsstoffe-nitrite-de-pentyle","15":"pa_marke-berlin-poppers","16":"pa_staerke-91","18":"first","19":"instock","20":"sale","21":"taxable","22":"shipping-taxable","23":"purchasable","24":"product-type-simple"},"acf":[],"_links":{"self":[{"href":"https:\/\/poppers-online.ch\/fr\/wp-json\/wp\/v2\/product\/118278","targetHints":{"allow":["GET"]}}],"collection":[{"href":"https:\/\/poppers-online.ch\/fr\/wp-json\/wp\/v2\/product"}],"about":[{"href":"https:\/\/poppers-online.ch\/fr\/wp-json\/wp\/v2\/types\/product"}],"replies":[{"embeddable":true,"href":"https:\/\/poppers-online.ch\/fr\/wp-json\/wp\/v2\/comments?post=118278"}],"wp:featuredmedia":[{"embeddable":true,"href":"https:\/\/poppers-online.ch\/fr\/wp-json\/wp\/v2\/media\/118271"}],"wp:attachment":[{"href":"https:\/\/poppers-online.ch\/fr\/wp-json\/wp\/v2\/media?parent=118278"}],"wp:term":[{"taxonomy":"product_brand","embeddable":true,"href":"https:\/\/poppers-online.ch\/fr\/wp-json\/wp\/v2\/product_brand?post=118278"},{"taxonomy":"product_cat","embeddable":true,"href":"https:\/\/poppers-online.ch\/fr\/wp-json\/wp\/v2\/product_cat?post=118278"},{"taxonomy":"product_tag","embeddable":true,"href":"https:\/\/poppers-online.ch\/fr\/wp-json\/wp\/v2\/product_tag?post=118278"}],"curies":[{"name":"wp","href":"https:\/\/api.w.org\/{rel}","templated":true}]}}