{"id":118267,"date":"2025-05-13T13:23:55","date_gmt":"2025-05-13T11:44:46","guid":{"rendered":"https:\/\/poppers-online.ch\/produkt\/kinky-monster-poppers-collier-avec-anneau\/"},"modified":"2025-12-27T19:16:52","modified_gmt":"2025-12-27T18:16:52","slug":"kinky-monster-poppers-collier-avec-anneau","status":"publish","type":"product","link":"https:\/\/poppers-online.ch\/fr\/produit\/kinky-monster-poppers-collier-avec-anneau\/","title":{"rendered":"Kinky Monster Poppers Collier avec anneau"},"content":{"rendered":"","protected":false},"excerpt":{"rendered":"<p><span style=\"font-weight: 400\"><strong>Kinky Monster Poppers Collier avec anneau.<\/strong>  En tant que fan de poppers, vous connaissez cette situation : le moment excitant est arriv\u00e9 et vous voulez renifler la bouteille de poppers. Mais la bouteille est hors de votre port\u00e9e. Avec le collier Poppers avec anneau de Kinky Monster, nous r\u00e9solvons ce probl\u00e8me. Vous pouvez attacher votre bouteille pr\u00e9f\u00e9r\u00e9e \u00e0 l&rsquo;anneau en caoutchouc du collier Poppers et le porter autour du cou. Vous pouvez \u00e9galement ins\u00e9rer le collier dans l&rsquo;anneau en caoutchouc d&rsquo;un XTRM SNFFR sans l&rsquo;anneau en caoutchouc. Ainsi, vous serez toujours pr\u00eat \u00e0 renifler la bouteille et vous ne manquerez plus jamais la bouteille de poppers au moment o\u00f9 vous voulez l&rsquo;avoir pr\u00e8s de vous.     <\/span><\/p>\n","protected":false},"featured_media":118262,"comment_status":"open","ping_status":"closed","template":"","meta":{"_acf_changed":false,"iawp_total_views":23,"_glsr_average":0,"_glsr_ranking":0,"_glsr_reviews":0},"product_brand":[],"product_cat":[149,1305],"product_tag":[],"class_list":{"0":"post-118267","1":"product","2":"type-product","3":"status-publish","4":"has-post-thumbnail","6":"product_cat-accessoires-poppers","7":"product_cat-holders","9":"first","10":"instock","11":"taxable","12":"shipping-taxable","13":"purchasable","14":"product-type-simple"},"acf":[],"_links":{"self":[{"href":"https:\/\/poppers-online.ch\/fr\/wp-json\/wp\/v2\/product\/118267","targetHints":{"allow":["GET"]}}],"collection":[{"href":"https:\/\/poppers-online.ch\/fr\/wp-json\/wp\/v2\/product"}],"about":[{"href":"https:\/\/poppers-online.ch\/fr\/wp-json\/wp\/v2\/types\/product"}],"replies":[{"embeddable":true,"href":"https:\/\/poppers-online.ch\/fr\/wp-json\/wp\/v2\/comments?post=118267"}],"wp:featuredmedia":[{"embeddable":true,"href":"https:\/\/poppers-online.ch\/fr\/wp-json\/wp\/v2\/media\/118262"}],"wp:attachment":[{"href":"https:\/\/poppers-online.ch\/fr\/wp-json\/wp\/v2\/media?parent=118267"}],"wp:term":[{"taxonomy":"product_brand","embeddable":true,"href":"https:\/\/poppers-online.ch\/fr\/wp-json\/wp\/v2\/product_brand?post=118267"},{"taxonomy":"product_cat","embeddable":true,"href":"https:\/\/poppers-online.ch\/fr\/wp-json\/wp\/v2\/product_cat?post=118267"},{"taxonomy":"product_tag","embeddable":true,"href":"https:\/\/poppers-online.ch\/fr\/wp-json\/wp\/v2\/product_tag?post=118267"}],"curies":[{"name":"wp","href":"https:\/\/api.w.org\/{rel}","templated":true}]}}