{"id":118140,"date":"2025-05-11T21:27:42","date_gmt":"2025-05-11T19:32:15","guid":{"rendered":"https:\/\/poppers-online.ch\/produkt\/cruncher-etireur-de-balle-a-pic-en-silicone\/"},"modified":"2025-05-19T10:02:21","modified_gmt":"2025-05-19T08:02:21","slug":"cruncher-etireur-de-balle-a-pic-en-silicone","status":"publish","type":"product","link":"https:\/\/poppers-online.ch\/fr\/produit\/cruncher-etireur-de-balle-a-pic-en-silicone\/","title":{"rendered":"Cruncher &#8211; \u00c9tireur de balle \u00e0 pic en silicone"},"content":{"rendered":"","protected":false},"excerpt":{"rendered":"<p>Le <strong>Cruncher &#8211; Silicone Spiked Ball Stretcher<\/strong> de Brutus combine le Ball Stretcher classique avec la mati\u00e8re silicone la plus soyeuse que vous ayez jamais sentie. Sentez la combinaison de silicone lisse et de pics alors que le cruncher s&rsquo;enroule autour de votre sac. Le cruncher peut \u00eatre facilement maintenu en place en verrouillant les deux c\u00f4t\u00e9s avec un cadenas fourni.  <\/p>\n<p>Largeur : 40 mm<br \/>\nDiam\u00e8tre int\u00e9rieur : 43 mm<br \/>\nDiam\u00e8tre ext\u00e9rieur : 55 mm<br \/>\nMat\u00e9riau : silicone<br \/>\nFabricant : Brutus<\/p>\n","protected":false},"featured_media":118132,"comment_status":"open","ping_status":"closed","template":"","meta":{"_acf_changed":false,"iawp_total_views":4,"_glsr_average":0,"_glsr_ranking":0,"_glsr_reviews":0},"product_brand":[],"product_cat":[2088,171],"product_tag":[],"class_list":{"0":"post-118140","1":"product","2":"type-product","3":"status-publish","4":"has-post-thumbnail","6":"product_cat-ball-play","7":"product_cat-sex-toys","9":"first","10":"instock","11":"taxable","12":"shipping-taxable","13":"purchasable","14":"product-type-simple"},"acf":[],"_links":{"self":[{"href":"https:\/\/poppers-online.ch\/fr\/wp-json\/wp\/v2\/product\/118140","targetHints":{"allow":["GET"]}}],"collection":[{"href":"https:\/\/poppers-online.ch\/fr\/wp-json\/wp\/v2\/product"}],"about":[{"href":"https:\/\/poppers-online.ch\/fr\/wp-json\/wp\/v2\/types\/product"}],"replies":[{"embeddable":true,"href":"https:\/\/poppers-online.ch\/fr\/wp-json\/wp\/v2\/comments?post=118140"}],"wp:featuredmedia":[{"embeddable":true,"href":"https:\/\/poppers-online.ch\/fr\/wp-json\/wp\/v2\/media\/118132"}],"wp:attachment":[{"href":"https:\/\/poppers-online.ch\/fr\/wp-json\/wp\/v2\/media?parent=118140"}],"wp:term":[{"taxonomy":"product_brand","embeddable":true,"href":"https:\/\/poppers-online.ch\/fr\/wp-json\/wp\/v2\/product_brand?post=118140"},{"taxonomy":"product_cat","embeddable":true,"href":"https:\/\/poppers-online.ch\/fr\/wp-json\/wp\/v2\/product_cat?post=118140"},{"taxonomy":"product_tag","embeddable":true,"href":"https:\/\/poppers-online.ch\/fr\/wp-json\/wp\/v2\/product_tag?post=118140"}],"curies":[{"name":"wp","href":"https:\/\/api.w.org\/{rel}","templated":true}]}}