{"id":118126,"date":"2025-05-11T20:56:01","date_gmt":"2025-05-11T18:56:01","guid":{"rendered":"https:\/\/poppers-online.ch\/produkt\/boules-anales-brutus-beaded-chain-silicone\/"},"modified":"2025-05-19T10:14:58","modified_gmt":"2025-05-19T08:14:58","slug":"boules-anales-brutus-beaded-chain-silicone","status":"publish","type":"product","link":"https:\/\/poppers-online.ch\/fr\/produit\/boules-anales-brutus-beaded-chain-silicone\/","title":{"rendered":"Boules anales Brutus Beaded Chain Silicone"},"content":{"rendered":"","protected":false},"excerpt":{"rendered":"<p>La cha\u00eene anale <strong>Brutus Beaded Chain Silicone<\/strong> est une nouvelle cha\u00eene de perles fabriqu\u00e9e \u00e0 partir du silicone le plus fin. Elle vous procure la sensation ultime du soft touch. Vous ressentez l&rsquo;\u00e9tirement de chaque bourrelet de cette cha\u00eene lors de l&rsquo;insertion, bourrelet apr\u00e8s bourrelet. Pour en faire un d\u00e9fi excitant qui vaut la peine d&rsquo;\u00eatre essay\u00e9, la longueur de la cha\u00eene est de 58 cm, ce qui vous permet d&rsquo;atteindre vos profondeurs les plus importantes. Le crochet \u00e0 l&rsquo;extr\u00e9mit\u00e9 offre une prise parfaite pour que vous puissiez d\u00e9terminer o\u00f9 le collier de perles doit vous mener.    <\/p>\n<p>Utiliser <a href=\"https:\/\/poppers-online.ch\/fr\/produit\/swiss-navy-lubrifiant-sur-silicone-177ml\/\">un lubrifiant \u00e0 base de silicone<\/a>, que vous pouvez commander directement chez nous.<\/p>\n<p>Silicone super lisse<br \/>\nLongueur d&rsquo;insertion : 56 cm<br \/>\nDiam\u00e8tre : 10-24mm<br \/>\nFabricant : Brutus<\/p>\n","protected":false},"featured_media":118114,"comment_status":"open","ping_status":"closed","template":"","meta":{"_acf_changed":false,"iawp_total_views":1,"_glsr_average":0,"_glsr_ranking":0,"_glsr_reviews":0},"product_brand":[],"product_cat":[2085,171],"product_tag":[],"class_list":{"0":"post-118126","1":"product","2":"type-product","3":"status-publish","4":"has-post-thumbnail","6":"product_cat-anal-play","7":"product_cat-sex-toys","9":"first","10":"outofstock","11":"taxable","12":"shipping-taxable","13":"purchasable","14":"product-type-simple"},"acf":[],"_links":{"self":[{"href":"https:\/\/poppers-online.ch\/fr\/wp-json\/wp\/v2\/product\/118126","targetHints":{"allow":["GET"]}}],"collection":[{"href":"https:\/\/poppers-online.ch\/fr\/wp-json\/wp\/v2\/product"}],"about":[{"href":"https:\/\/poppers-online.ch\/fr\/wp-json\/wp\/v2\/types\/product"}],"replies":[{"embeddable":true,"href":"https:\/\/poppers-online.ch\/fr\/wp-json\/wp\/v2\/comments?post=118126"}],"wp:featuredmedia":[{"embeddable":true,"href":"https:\/\/poppers-online.ch\/fr\/wp-json\/wp\/v2\/media\/118114"}],"wp:attachment":[{"href":"https:\/\/poppers-online.ch\/fr\/wp-json\/wp\/v2\/media?parent=118126"}],"wp:term":[{"taxonomy":"product_brand","embeddable":true,"href":"https:\/\/poppers-online.ch\/fr\/wp-json\/wp\/v2\/product_brand?post=118126"},{"taxonomy":"product_cat","embeddable":true,"href":"https:\/\/poppers-online.ch\/fr\/wp-json\/wp\/v2\/product_cat?post=118126"},{"taxonomy":"product_tag","embeddable":true,"href":"https:\/\/poppers-online.ch\/fr\/wp-json\/wp\/v2\/product_tag?post=118126"}],"curies":[{"name":"wp","href":"https:\/\/api.w.org\/{rel}","templated":true}]}}