{"id":118052,"date":"2025-05-10T20:26:30","date_gmt":"2025-05-10T18:26:30","guid":{"rendered":"https:\/\/poppers-online.ch\/produkt\/zeus-e-stim-pro-plug-anal-vibrant-et-e-stim-en-silicone\/"},"modified":"2025-05-10T20:31:25","modified_gmt":"2025-05-10T18:31:25","slug":"zeus-e-stim-pro-plug-anal-vibrant-et-e-stim-en-silicone","status":"publish","type":"product","link":"https:\/\/poppers-online.ch\/fr\/produit\/zeus-e-stim-pro-plug-anal-vibrant-et-e-stim-en-silicone\/","title":{"rendered":"Zeus E-Stim Pro &#8211; Plug anal vibrant et E-Stim en silicone"},"content":{"rendered":"","protected":false},"excerpt":{"rendered":"<p>\u00c9lectrifiez et faites vibrer votre prostate !<\/p>\n<p>Choquez et faites vibrer votre prostate avec le Pro-Shocker ! Le Pro-Shocker a une forme qui stimule la prostate, il est bourr\u00e9 d&rsquo;\u00e9nergie pour stimuler et faire frissonner toute votre zone anale &#8211; parfait pour ceux qui veulent quelque chose de plus qu&rsquo;un simple jouet anal vibrant. Sa forme effil\u00e9e, sa tige courb\u00e9e et sa base flexible rendent ce plug prostatique confortable.  <\/p>\n<p>Le Pro-Shocker a \u00e9t\u00e9 con\u00e7u pour ceux qui souhaitent avoir quelque chose d&rsquo;autre dans les fesses en plus des r\u00e9glages de vibration habituels. Il vous offre un moyen simple et confortable d&rsquo;exp\u00e9rimenter les jeux \u00e9lectriques ! Profitez de 8 modes de vibration et de 8 modes d&rsquo;\u00e9lectrochocs seuls ou combin\u00e9s &#8211; passez d&rsquo;une fonction \u00e0 l&rsquo;autre \u00e0 l&rsquo;aide du contr\u00f4leur sans fil fourni pour une aventure passionnante.  <\/p>\n<p>L&rsquo;\u00e9lectrostimulation commence par des chatouilles tr\u00e8s douces et va jusqu&rsquo;\u00e0 une onde fr\u00e9missante ! D\u00e9couvrez quelle combinaison de vibrations et de chocs est id\u00e9ale pour vous et votre partenaire. <\/p>\n<p>Rechargeable avec le c\u00e2ble de chargement USB fourni pour des plaisirs illimit\u00e9s ! Gr\u00e2ce \u00e0 son \u00e9tanch\u00e9it\u00e9 IPX6, le plug est facile \u00e0 nettoyer, mais ne doit pas \u00eatre compl\u00e8tement immerg\u00e9 dans l&rsquo;eau. Le silicone de haute qualit\u00e9 ne contient pas de phtalates pour une session respectueuse du corps et n <strong>&lsquo;est compatible qu&rsquo;avec les lubrifiants \u00e0 base d&rsquo;eau.<\/strong>  <\/p>\n<p>DIMENSIONS :<br \/>\nLongueur totale : 4,7 pouces \/ 119 mm<br \/>\nLongueur ins\u00e9rable : 4 pouces \/ 102 mm<br \/>\nPlus grand diam\u00e8tre : 1,3 pouce \/ 33 mm<br \/>\nDiam\u00e8tre du col : 0,8 pouce \/ 20 mm<\/p>\n","protected":false},"featured_media":118041,"comment_status":"open","ping_status":"closed","template":"","meta":{"_acf_changed":false,"iawp_total_views":7,"_glsr_average":0,"_glsr_ranking":0,"_glsr_reviews":0},"product_brand":[],"product_cat":[2085,171],"product_tag":[],"class_list":{"0":"post-118052","1":"product","2":"type-product","3":"status-publish","4":"has-post-thumbnail","6":"product_cat-anal-play","7":"product_cat-sex-toys","9":"first","10":"outofstock","11":"taxable","12":"shipping-taxable","13":"purchasable","14":"product-type-simple"},"acf":[],"_links":{"self":[{"href":"https:\/\/poppers-online.ch\/fr\/wp-json\/wp\/v2\/product\/118052","targetHints":{"allow":["GET"]}}],"collection":[{"href":"https:\/\/poppers-online.ch\/fr\/wp-json\/wp\/v2\/product"}],"about":[{"href":"https:\/\/poppers-online.ch\/fr\/wp-json\/wp\/v2\/types\/product"}],"replies":[{"embeddable":true,"href":"https:\/\/poppers-online.ch\/fr\/wp-json\/wp\/v2\/comments?post=118052"}],"wp:featuredmedia":[{"embeddable":true,"href":"https:\/\/poppers-online.ch\/fr\/wp-json\/wp\/v2\/media\/118041"}],"wp:attachment":[{"href":"https:\/\/poppers-online.ch\/fr\/wp-json\/wp\/v2\/media?parent=118052"}],"wp:term":[{"taxonomy":"product_brand","embeddable":true,"href":"https:\/\/poppers-online.ch\/fr\/wp-json\/wp\/v2\/product_brand?post=118052"},{"taxonomy":"product_cat","embeddable":true,"href":"https:\/\/poppers-online.ch\/fr\/wp-json\/wp\/v2\/product_cat?post=118052"},{"taxonomy":"product_tag","embeddable":true,"href":"https:\/\/poppers-online.ch\/fr\/wp-json\/wp\/v2\/product_tag?post=118052"}],"curies":[{"name":"wp","href":"https:\/\/api.w.org\/{rel}","templated":true}]}}