{"id":118033,"date":"2025-05-10T17:25:25","date_gmt":"2025-05-10T15:25:25","guid":{"rendered":"https:\/\/poppers-online.ch\/produkt\/cage-de-puissance-reversible-renegade-transparent\/"},"modified":"2025-05-19T10:27:19","modified_gmt":"2025-05-19T08:27:19","slug":"cage-de-puissance-reversible-renegade-transparent","status":"publish","type":"product","link":"https:\/\/poppers-online.ch\/fr\/produit\/cage-de-puissance-reversible-renegade-transparent\/","title":{"rendered":"Cage de puissance r\u00e9versible Renegade &#8211; Transparent"},"content":{"rendered":"","protected":false},"excerpt":{"rendered":"<p>La <strong>Renegade Reversible Power Cage &#8211; Clear<\/strong> vous rend plus massif et vous stimule ou stimule votre partenaire. Cet \u00e9tui p\u00e9nien r\u00e9versible est tr\u00e8s polyvalent. L&rsquo;\u00e9tui extensible est enfil\u00e9 sur le p\u00e9nis et fix\u00e9 \u00e0 l&rsquo;aide de l&rsquo;anneau testiculaire pour \u00e9viter qu&rsquo;il ne glisse. La forme ergonomique assure ainsi un confort d&rsquo;utilisation. La cage Renegade Reversible Power Cage est lisse d&rsquo;un c\u00f4t\u00e9 et recouverte de picots allong\u00e9s de l&rsquo;autre. Stimulez votre partenaire avec un gros p\u00e9nis en portant les picots vers l&rsquo;ext\u00e9rieur, ou retournez la gaine et profitez vous-m\u00eame de stimuli agr\u00e9ables. Avec du lubrifiant, la Power Cage peut \u00e9galement \u00eatre utilis\u00e9e comme masturbateur. Le TPE utilis\u00e9 est tr\u00e8s r\u00e9sistant, extensible, non collant, facile \u00e0 nettoyer et peut \u00e9galement \u00eatre utilis\u00e9 dans l&rsquo;eau.       <\/p>\n<p>Longueur de la tige : env. 11 cm<br \/>\nLongueur totale : env. 15 cm<br \/>\nDiam\u00e8tre int\u00e9rieur : env. 30 mm<br \/>\nDiam\u00e8tre ext\u00e9rieur : env. 42 mm<br \/>\nMati\u00e8re : TPE Couleur : transparent<br \/>\nFabricant : nsnovelties<\/p>\n","protected":false},"featured_media":118022,"comment_status":"open","ping_status":"closed","template":"","meta":{"_acf_changed":false,"iawp_total_views":6,"_glsr_average":0,"_glsr_ranking":0,"_glsr_reviews":0},"product_brand":[],"product_cat":[2097,171],"product_tag":[],"class_list":{"0":"post-118033","1":"product","2":"type-product","3":"status-publish","4":"has-post-thumbnail","6":"product_cat-agrandir-penis","7":"product_cat-sex-toys","9":"first","10":"instock","11":"taxable","12":"shipping-taxable","13":"purchasable","14":"product-type-simple"},"acf":[],"_links":{"self":[{"href":"https:\/\/poppers-online.ch\/fr\/wp-json\/wp\/v2\/product\/118033","targetHints":{"allow":["GET"]}}],"collection":[{"href":"https:\/\/poppers-online.ch\/fr\/wp-json\/wp\/v2\/product"}],"about":[{"href":"https:\/\/poppers-online.ch\/fr\/wp-json\/wp\/v2\/types\/product"}],"replies":[{"embeddable":true,"href":"https:\/\/poppers-online.ch\/fr\/wp-json\/wp\/v2\/comments?post=118033"}],"wp:featuredmedia":[{"embeddable":true,"href":"https:\/\/poppers-online.ch\/fr\/wp-json\/wp\/v2\/media\/118022"}],"wp:attachment":[{"href":"https:\/\/poppers-online.ch\/fr\/wp-json\/wp\/v2\/media?parent=118033"}],"wp:term":[{"taxonomy":"product_brand","embeddable":true,"href":"https:\/\/poppers-online.ch\/fr\/wp-json\/wp\/v2\/product_brand?post=118033"},{"taxonomy":"product_cat","embeddable":true,"href":"https:\/\/poppers-online.ch\/fr\/wp-json\/wp\/v2\/product_cat?post=118033"},{"taxonomy":"product_tag","embeddable":true,"href":"https:\/\/poppers-online.ch\/fr\/wp-json\/wp\/v2\/product_tag?post=118033"}],"curies":[{"name":"wp","href":"https:\/\/api.w.org\/{rel}","templated":true}]}}