{"id":117999,"date":"2025-05-10T12:53:26","date_gmt":"2025-05-10T10:53:26","guid":{"rendered":"https:\/\/poppers-online.ch\/produkt\/sport-fucker-bullring-bleu\/"},"modified":"2025-05-19T10:56:50","modified_gmt":"2025-05-19T08:56:50","slug":"sport-fucker-bullring-bleu","status":"publish","type":"product","link":"https:\/\/poppers-online.ch\/fr\/produit\/sport-fucker-bullring-bleu\/","title":{"rendered":"Sport Fucker Bullring bleu"},"content":{"rendered":"","protected":false},"excerpt":{"rendered":"<p>Le <strong>Bullring Sport Fucker bleu<\/strong> est un cockring cool au design \u00ab\u00a0bullring piercing\u00a0\u00bb en silicone flexible et m\u00e9dicalement pur. Le tout nouveau qui attire l&rsquo;attention dans la r\u00e9gion g\u00e9nitale ! Le Bullring est \u00e9galement disponible en rouge et en noir.  <\/p>\n<p>Mat\u00e9riau : silicone (m\u00e9dical)<br \/>\nCouleur : bleu<br \/>\nDiam\u00e8tre : 4.8 cm<br \/>\nFabricant : Sport Fuck<\/p>\n","protected":false},"featured_media":117996,"comment_status":"open","ping_status":"closed","template":"","meta":{"_acf_changed":false,"iawp_total_views":3,"_glsr_average":0,"_glsr_ranking":0,"_glsr_reviews":0},"product_brand":[],"product_cat":[2091,171],"product_tag":[],"class_list":{"0":"post-117999","1":"product","2":"type-product","3":"status-publish","4":"has-post-thumbnail","6":"product_cat-cock-play","7":"product_cat-sex-toys","9":"first","10":"outofstock","11":"taxable","12":"shipping-taxable","13":"purchasable","14":"product-type-simple"},"acf":[],"_links":{"self":[{"href":"https:\/\/poppers-online.ch\/fr\/wp-json\/wp\/v2\/product\/117999","targetHints":{"allow":["GET"]}}],"collection":[{"href":"https:\/\/poppers-online.ch\/fr\/wp-json\/wp\/v2\/product"}],"about":[{"href":"https:\/\/poppers-online.ch\/fr\/wp-json\/wp\/v2\/types\/product"}],"replies":[{"embeddable":true,"href":"https:\/\/poppers-online.ch\/fr\/wp-json\/wp\/v2\/comments?post=117999"}],"wp:featuredmedia":[{"embeddable":true,"href":"https:\/\/poppers-online.ch\/fr\/wp-json\/wp\/v2\/media\/117996"}],"wp:attachment":[{"href":"https:\/\/poppers-online.ch\/fr\/wp-json\/wp\/v2\/media?parent=117999"}],"wp:term":[{"taxonomy":"product_brand","embeddable":true,"href":"https:\/\/poppers-online.ch\/fr\/wp-json\/wp\/v2\/product_brand?post=117999"},{"taxonomy":"product_cat","embeddable":true,"href":"https:\/\/poppers-online.ch\/fr\/wp-json\/wp\/v2\/product_cat?post=117999"},{"taxonomy":"product_tag","embeddable":true,"href":"https:\/\/poppers-online.ch\/fr\/wp-json\/wp\/v2\/product_tag?post=117999"}],"curies":[{"name":"wp","href":"https:\/\/api.w.org\/{rel}","templated":true}]}}