{"id":117874,"date":"2025-05-09T12:40:56","date_gmt":"2025-05-09T10:40:56","guid":{"rendered":"https:\/\/poppers-online.ch\/produkt\/plug-anal-fantaisie-avec-telecommande\/"},"modified":"2025-05-19T11:11:21","modified_gmt":"2025-05-19T09:11:21","slug":"plug-anal-fantaisie-avec-telecommande","status":"publish","type":"product","link":"https:\/\/poppers-online.ch\/fr\/produit\/plug-anal-fantaisie-avec-telecommande\/","title":{"rendered":"Plug anal fantaisie avec t\u00e9l\u00e9commande"},"content":{"rendered":"","protected":false},"excerpt":{"rendered":"<div>Id\u00e9al pour les d\u00e9butants, le <strong>plug Anal Fantasy avec t\u00e9l\u00e9commande<\/strong> est facile \u00e0 ins\u00e9rer gr\u00e2ce \u00e0 sa pointe arrondie. Gr\u00e2ce \u00e0 ses 10 modes de vibration de diff\u00e9rentes puissances, vous ferez l&rsquo;exp\u00e9rience d&rsquo;une p\u00e9n\u00e9tration anale d&rsquo;un nouveau niveau. <\/div>\n<div><\/div>\n<div>Le silicone hygi\u00e9nique ne contient pas de phtalates et se nettoie facilement sous l&rsquo;eau courante avec du savon ou du Toy Cleaner. Le plug est \u00e9tanche. <\/div>\n<div>Pour profiter longtemps de votre nouveau plug Anal Fantasy avec t\u00e9l\u00e9commande, nous vous recommandons d&rsquo;utiliser un lubrifiant \u00e0 base d&rsquo;eau.<\/div>\n<div><\/div>\n<ul>\n<li>pointe arrondie pour une insertion facile<\/li>\n<li>10 niveaux de vibration<\/li>\n<li>t\u00e9l\u00e9commande sans fil pour une utilisation facile<\/li>\n<li>silicone premium sans phtalate<\/li>\n<\/ul>\n<div><\/div>\n<div>Longueur : environ 10 cm<br \/>\nLongueur d&rsquo;insertion : environ 8.5 cm<br \/>\nDiam\u00e8tre : environ 1.4 &#8211; 3.5 cm<br \/>\nPile : rechargeable par USB (c\u00e2ble fourni)<br \/>\nMat\u00e9riau : silicone<br \/>\nCouleur : noir<\/div>\n","protected":false},"featured_media":117870,"comment_status":"open","ping_status":"closed","template":"","meta":{"_acf_changed":false,"iawp_total_views":10,"_glsr_average":0,"_glsr_ranking":0,"_glsr_reviews":0},"product_brand":[],"product_cat":[2085,171],"product_tag":[],"class_list":{"0":"post-117874","1":"product","2":"type-product","3":"status-publish","4":"has-post-thumbnail","6":"product_cat-anal-play","7":"product_cat-sex-toys","9":"first","10":"outofstock","11":"taxable","12":"shipping-taxable","13":"purchasable","14":"product-type-simple"},"acf":[],"_links":{"self":[{"href":"https:\/\/poppers-online.ch\/fr\/wp-json\/wp\/v2\/product\/117874","targetHints":{"allow":["GET"]}}],"collection":[{"href":"https:\/\/poppers-online.ch\/fr\/wp-json\/wp\/v2\/product"}],"about":[{"href":"https:\/\/poppers-online.ch\/fr\/wp-json\/wp\/v2\/types\/product"}],"replies":[{"embeddable":true,"href":"https:\/\/poppers-online.ch\/fr\/wp-json\/wp\/v2\/comments?post=117874"}],"wp:featuredmedia":[{"embeddable":true,"href":"https:\/\/poppers-online.ch\/fr\/wp-json\/wp\/v2\/media\/117870"}],"wp:attachment":[{"href":"https:\/\/poppers-online.ch\/fr\/wp-json\/wp\/v2\/media?parent=117874"}],"wp:term":[{"taxonomy":"product_brand","embeddable":true,"href":"https:\/\/poppers-online.ch\/fr\/wp-json\/wp\/v2\/product_brand?post=117874"},{"taxonomy":"product_cat","embeddable":true,"href":"https:\/\/poppers-online.ch\/fr\/wp-json\/wp\/v2\/product_cat?post=117874"},{"taxonomy":"product_tag","embeddable":true,"href":"https:\/\/poppers-online.ch\/fr\/wp-json\/wp\/v2\/product_tag?post=117874"}],"curies":[{"name":"wp","href":"https:\/\/api.w.org\/{rel}","templated":true}]}}