{"id":117801,"date":"2025-05-08T13:58:52","date_gmt":"2025-05-08T11:58:52","guid":{"rendered":"https:\/\/poppers-online.ch\/produkt\/mister-b-cockstrap-plain\/"},"modified":"2025-05-19T11:23:17","modified_gmt":"2025-05-19T09:23:17","slug":"mister-b-cockstrap-plain","status":"publish","type":"product","link":"https:\/\/poppers-online.ch\/fr\/produit\/mister-b-cockstrap-plain\/","title":{"rendered":"Mister B Cockstrap Plain"},"content":{"rendered":"","protected":false},"excerpt":{"rendered":"<p>Le <strong>Mister B Cockstrap Plain<\/strong> est r\u00e9glable \u00e0 l&rsquo;aide de trois boutons-pression. Il y en a donc un pour chaque homme. Que ce soit sur les testicules, le corps du p\u00e9nis ou \u00e0 la base de toute la virilit\u00e9, cet anneau p\u00e9nien convient \u00e0 tout.  <\/p>\n<p>Mati\u00e8re : cuir souple<br \/>\nCouleur : noir<\/p>\n","protected":false},"featured_media":117805,"comment_status":"open","ping_status":"closed","template":"","meta":{"_acf_changed":false,"iawp_total_views":8,"_glsr_average":0,"_glsr_ranking":0,"_glsr_reviews":0},"product_brand":[],"product_cat":[2091,171],"product_tag":[],"class_list":{"0":"post-117801","1":"product","2":"type-product","3":"status-publish","4":"has-post-thumbnail","6":"product_cat-cock-play","7":"product_cat-sex-toys","9":"first","10":"instock","11":"taxable","12":"shipping-taxable","13":"purchasable","14":"product-type-simple"},"acf":[],"_links":{"self":[{"href":"https:\/\/poppers-online.ch\/fr\/wp-json\/wp\/v2\/product\/117801","targetHints":{"allow":["GET"]}}],"collection":[{"href":"https:\/\/poppers-online.ch\/fr\/wp-json\/wp\/v2\/product"}],"about":[{"href":"https:\/\/poppers-online.ch\/fr\/wp-json\/wp\/v2\/types\/product"}],"replies":[{"embeddable":true,"href":"https:\/\/poppers-online.ch\/fr\/wp-json\/wp\/v2\/comments?post=117801"}],"wp:featuredmedia":[{"embeddable":true,"href":"https:\/\/poppers-online.ch\/fr\/wp-json\/wp\/v2\/media\/117805"}],"wp:attachment":[{"href":"https:\/\/poppers-online.ch\/fr\/wp-json\/wp\/v2\/media?parent=117801"}],"wp:term":[{"taxonomy":"product_brand","embeddable":true,"href":"https:\/\/poppers-online.ch\/fr\/wp-json\/wp\/v2\/product_brand?post=117801"},{"taxonomy":"product_cat","embeddable":true,"href":"https:\/\/poppers-online.ch\/fr\/wp-json\/wp\/v2\/product_cat?post=117801"},{"taxonomy":"product_tag","embeddable":true,"href":"https:\/\/poppers-online.ch\/fr\/wp-json\/wp\/v2\/product_tag?post=117801"}],"curies":[{"name":"wp","href":"https:\/\/api.w.org\/{rel}","templated":true}]}}