{"id":116966,"date":"2025-04-24T16:56:24","date_gmt":"2025-04-24T14:56:24","guid":{"rendered":"https:\/\/poppers-online.ch\/produkt\/foam-rush-25ml-retro\/"},"modified":"2025-11-10T21:18:17","modified_gmt":"2025-11-10T20:18:17","slug":"foam-rush-25ml-retro","status":"publish","type":"product","link":"https:\/\/poppers-online.ch\/fr\/produit\/foam-rush-25ml-retro\/","title":{"rendered":"FOAM RUSH 25ml Retro"},"content":{"rendered":"","protected":false},"excerpt":{"rendered":"<p><span style=\"font-weight: 400;\">Avec <strong>FOAM RUSH 25ml Retro Poppers<\/strong>, le fabricant canadien Lockerroom propose un nouveau produit \u00e0 base de nitrite d\u2019hexyle, avec une intensit\u00e9 de niveau\u202f5. Ressentez toute la puissance du RUSH \u2013 sensations garanties !  <\/span><span style=\"font-weight: 400;\"><br \/>\n<\/span><span style=\"font-weight: 400;\"><br \/>\n<\/span><span style=\"font-weight: 400;\">Le fabricant Lockerroom a conditionn\u00e9 le <strong>FOAM RUSH 25ml Retro<\/strong> dans un flacon r\u00e9tro, carr\u00e9 et solide de 25\u202fml. Gr\u00e2ce \u00e0 cette forme particuli\u00e8rement robuste, tu peux facilement glisser le flacon dans ta chaussette. Fais-toi livrer cette nouveaut\u00e9 poppers directement chez toi !  <\/span><\/p>\n","protected":false},"featured_media":133474,"comment_status":"open","ping_status":"closed","template":"","meta":{"_acf_changed":false,"iawp_total_views":19,"_glsr_average":0,"_glsr_ranking":0,"_glsr_reviews":0},"product_brand":[],"product_cat":[1046,77],"product_tag":[],"class_list":{"0":"post-116966","1":"product","2":"type-product","3":"status-publish","4":"has-post-thumbnail","6":"product_cat-poppers","7":"product_cat-grands-flacons","8":"pa_flaschenform-anguleux","9":"pa_gewindegroesse-large","10":"pa_inhalt-25ml","11":"pa_inhaltsstoffe-nitrite-dhexyle","12":"pa_marke-lockerroom-poppers","13":"pa_marke-rush-poppers","14":"pa_staerke-90","16":"first","17":"instock","18":"sale","19":"taxable","20":"shipping-taxable","21":"purchasable","22":"product-type-simple"},"acf":[],"_links":{"self":[{"href":"https:\/\/poppers-online.ch\/fr\/wp-json\/wp\/v2\/product\/116966","targetHints":{"allow":["GET"]}}],"collection":[{"href":"https:\/\/poppers-online.ch\/fr\/wp-json\/wp\/v2\/product"}],"about":[{"href":"https:\/\/poppers-online.ch\/fr\/wp-json\/wp\/v2\/types\/product"}],"replies":[{"embeddable":true,"href":"https:\/\/poppers-online.ch\/fr\/wp-json\/wp\/v2\/comments?post=116966"}],"wp:featuredmedia":[{"embeddable":true,"href":"https:\/\/poppers-online.ch\/fr\/wp-json\/wp\/v2\/media\/133474"}],"wp:attachment":[{"href":"https:\/\/poppers-online.ch\/fr\/wp-json\/wp\/v2\/media?parent=116966"}],"wp:term":[{"taxonomy":"product_brand","embeddable":true,"href":"https:\/\/poppers-online.ch\/fr\/wp-json\/wp\/v2\/product_brand?post=116966"},{"taxonomy":"product_cat","embeddable":true,"href":"https:\/\/poppers-online.ch\/fr\/wp-json\/wp\/v2\/product_cat?post=116966"},{"taxonomy":"product_tag","embeddable":true,"href":"https:\/\/poppers-online.ch\/fr\/wp-json\/wp\/v2\/product_tag?post=116966"}],"curies":[{"name":"wp","href":"https:\/\/api.w.org\/{rel}","templated":true}]}}