{"id":116333,"date":"2025-04-10T11:02:54","date_gmt":"2025-04-10T09:34:39","guid":{"rendered":"https:\/\/poppers-online.ch\/produkt\/poppers-booster-cap-xtrm-kinky-snffr-leakproof-double-small-black\/"},"modified":"2026-04-16T10:49:24","modified_gmt":"2026-04-16T08:49:24","slug":"poppers-booster-cap-xtrm-kinky-snffr-leakproof-double-small-black","status":"publish","type":"product","link":"https:\/\/poppers-online.ch\/fr\/produit\/poppers-booster-cap-xtrm-kinky-snffr-leakproof-double-small-black\/","title":{"rendered":"Poppers Booster Cap XTRM Kinky SNFFR Leakproof Double Small Black"},"content":{"rendered":"","protected":false},"excerpt":{"rendered":"<p><strong>Poppers Booster Cap XTRM Kinky SNFFR Leakproof Double Small Black<\/strong><span style=\"font-weight: 400\">  porte l&rsquo;inhalation de poppers \u00e0 un nouveau niveau ultime. Gr\u00e2ce \u00e0 son canal de kick 5 fois plus grand et \u00e0 son volume d&rsquo;air plus important, le XTRM Kinky SNFFR offre la puissance suppl\u00e9mentaire ultime. Lorsque les choses s&#8217;emballent imm\u00e9diatement apr\u00e8s avoir sniff\u00e9 des poppers, il arrive que la bouteille de poppers se renverse et que vous la trouviez vide. Ce n&rsquo;est que lorsque vous appuyez sur le bouton-poussoir robuste situ\u00e9 sur le c\u00f4t\u00e9 de l&#8217;embout que le poppers s&rsquo;\u00e9chappe de la bouteille par le canal de kick.    Lorsque tu rel\u00e2ches le bouton-poussoir, le sniffer est \u00e0 nouveau \u00e9tanche \u00e0 100% et le poppers reste dans la bouteille, m\u00eame si celle-ci se renverse parce qu&rsquo;il fait chaud en ce moment.<\/span><\/p>\n<p>&nbsp;<\/p>\n<p class=\"\" data-start=\"109\" data-end=\"228\"><span style=\"font-weight: 400\">Le XTRM Kinky SNFFR est le r\u00e9sultat d&rsquo;un d\u00e9veloppement continu de la LEAK PROOF Booster Cap et est fabriqu\u00e9 en une seule pi\u00e8ce, y compris le joint d&rsquo;\u00e9tanch\u00e9it\u00e9 fixe int\u00e9gr\u00e9. Le XTRM Kinky SNFFR est 100% anti-fuite, mesure 62 mm de haut et 40 mm de large. Il s&rsquo;adapte \u00e0 tous les flacons de taille Small. Il s&rsquo;agit des flacons en verre de 10 ml et 30 ml de Lockerroom, de tous les flacons de Shelbora et des flacons en verre de 10 ml et 24 ml d&rsquo;Oxymoron. Avec le XTRM Kinky SNFFR, vous vous prot\u00e9gez du contact direct de la peau avec le poppers.     <\/span><\/p>\n<p><span style=\"font-weight: 400\"><br \/>\n<\/span><span style=\"font-weight: 400\"><br \/>\n<\/span><span style=\"font-weight: 400\">Profitez d&rsquo;un coup de pouce suppl\u00e9mentaire 5 fois plus important et d&rsquo;un confort suppl\u00e9mentaire lorsque vous tirez des poppers. Ne trouvez plus jamais de bouteilles de poppers renvers\u00e9es ou qui fuient gr\u00e2ce \u00e0 la casquette anti-fuite Poppers Booster XTRM Kinky SNFFR Leakproof. M\u00eame les utilisateurs les plus exigeants sont bluff\u00e9s par le coup de pied suppl\u00e9mentaire du XTRM Kinky SNFFR.    <\/span><\/p>\n","protected":false},"featured_media":116303,"comment_status":"open","ping_status":"closed","template":"","meta":{"_acf_changed":false,"iawp_total_views":60,"_glsr_average":0,"_glsr_ranking":0,"_glsr_reviews":0},"product_brand":[],"product_cat":[149,1303],"product_tag":[],"class_list":{"0":"post-116333","1":"product","2":"type-product","3":"status-publish","4":"has-post-thumbnail","6":"product_cat-accessoires-poppers","7":"product_cat-booster-caps","8":"pa_booster-cap-gewindegroesse-pour-taille-de-filetage-small","10":"first","11":"instock","12":"taxable","13":"shipping-taxable","14":"purchasable","15":"product-type-simple"},"acf":[],"_links":{"self":[{"href":"https:\/\/poppers-online.ch\/fr\/wp-json\/wp\/v2\/product\/116333","targetHints":{"allow":["GET"]}}],"collection":[{"href":"https:\/\/poppers-online.ch\/fr\/wp-json\/wp\/v2\/product"}],"about":[{"href":"https:\/\/poppers-online.ch\/fr\/wp-json\/wp\/v2\/types\/product"}],"replies":[{"embeddable":true,"href":"https:\/\/poppers-online.ch\/fr\/wp-json\/wp\/v2\/comments?post=116333"}],"wp:featuredmedia":[{"embeddable":true,"href":"https:\/\/poppers-online.ch\/fr\/wp-json\/wp\/v2\/media\/116303"}],"wp:attachment":[{"href":"https:\/\/poppers-online.ch\/fr\/wp-json\/wp\/v2\/media?parent=116333"}],"wp:term":[{"taxonomy":"product_brand","embeddable":true,"href":"https:\/\/poppers-online.ch\/fr\/wp-json\/wp\/v2\/product_brand?post=116333"},{"taxonomy":"product_cat","embeddable":true,"href":"https:\/\/poppers-online.ch\/fr\/wp-json\/wp\/v2\/product_cat?post=116333"},{"taxonomy":"product_tag","embeddable":true,"href":"https:\/\/poppers-online.ch\/fr\/wp-json\/wp\/v2\/product_tag?post=116333"}],"curies":[{"name":"wp","href":"https:\/\/api.w.org\/{rel}","templated":true}]}}