{"id":114296,"date":"2025-03-13T16:55:06","date_gmt":"2025-03-13T15:55:06","guid":{"rendered":"https:\/\/poppers-online.ch\/produkt\/paris-zurich-london-kinky-poppers-combo\/"},"modified":"2025-09-05T14:18:03","modified_gmt":"2025-09-05T12:18:03","slug":"paris-zurich-london-kinky-poppers-combo","status":"publish","type":"product","link":"https:\/\/poppers-online.ch\/fr\/produit\/paris-zurich-london-kinky-poppers-combo\/","title":{"rendered":"Paris Zurich London Kinky Poppers Combo"},"content":{"rendered":"","protected":false},"excerpt":{"rendered":"<p data-pm-slice=\"1 1 []\"><strong>Paris Zurich London Kinky Poppers Combo \u2013 Votre aventure sensuelle !<\/strong><\/p>\n<p>Faites l&rsquo;exp\u00e9rience de l&rsquo;intensit\u00e9 pure avec le <strong>Paris Zurich London Kinky Poppers Combo<\/strong>! Ce kit exclusif contient trois puissantes bouteilles de poppers : <\/p>\n<ul data-spread=\"false\">\n<li><strong>Paris Poppers XTRA STRONG 30ml<\/strong><\/li>\n<li><strong>Z\u00fcrich Poppers 10ml<\/strong><\/li>\n<li><strong>London Ultra Strong Poppers Alu 10ml<\/strong><\/li>\n<\/ul>\n<p>Chaque bouteille offre une exp\u00e9rience unique et intense &#8211; parfaite pour ceux qui recherchent l&rsquo;originalit\u00e9.<\/p>\n<div>\n<hr>\n<\/div>\n<h3><strong>Paris Poppers XTRA STRONG 30ml &#8211; Passionn\u00e9 &amp; Intense !<\/strong><\/h3>\n<p>Inspir\u00e9 de notre s\u00e9jour passionnant \u00e0 Paris fin 2023, ce poppers vous apporte l&rsquo;essence sensuelle de la ville de l&rsquo;amour. Avec une <strong>force de 6 sur 6<\/strong> et la formule \u00e9prouv\u00e9e du nitrite d&rsquo;hexyle, il compte parmi les poppers les plus puissants du march\u00e9. Le <strong>flacon pratique de 30 ml<\/strong> avec un bouchon facile \u00e0 ouvrir assure un confort maximal.  <\/p>\n<div>\n<hr>\n<\/div>\n<h3><strong>Z\u00fcrich Poppers 10ml \u2013 L&rsquo;intensit\u00e9 suisse !<\/strong><\/h3>\n<p>Commercialis\u00e9 depuis 2023, le <strong>poppers de Zurich<\/strong> est bas\u00e9 sur le <strong>nitrite de pentyle<\/strong> qui a fait ses preuves et porte en lui l&rsquo;\u00e9nergie de l&rsquo;une des villes les plus ouvertes d&rsquo;Europe. Zurich n&rsquo;est pas seulement connue pour Zwingli, Pestalozzi et le Sechsel\u00e4uten &#8211; elle est \u00e9galement consid\u00e9r\u00e9e comme <strong>la capitale suisse de la communaut\u00e9 LGBTQ<\/strong>. Avec une <strong>force 6<\/strong>, ce poppers promet une exp\u00e9rience inoubliable.  <\/p>\n<div>\n<hr>\n<\/div>\n<h3><strong>London Ultra Strong Poppers Alu 10ml \u2013 Sauvage &amp; \u00c9lectrisant !<\/strong><\/h3>\n<p>Le <strong>London Ultra Strong Poppers<\/strong> est synonyme d&rsquo;aventure et de rencontres inoubliables. Inspir\u00e9 des moments intenses pass\u00e9s dans le m\u00e9tro londonien, il offre une intensit\u00e9 maximale gr\u00e2ce \u00e0 sa <strong>force 6<\/strong> et \u00e0 sa formule \u00e0 base de nitrite d&rsquo;hexyle. La <strong>bouteille l\u00e9g\u00e8re en aluminium<\/strong> assure une maniabilit\u00e9 et une discr\u00e9tion optimales.  <\/p>\n<div>\n<hr>\n<\/div>\n<p><strong>Assurez-vous d\u00e8s maintenant le Paris Zurich London Kinky Poppers Combo et vivez la passion \u00e0 un nouveau niveau !<\/strong><\/p>\n","protected":false},"featured_media":114277,"comment_status":"open","ping_status":"closed","template":"","meta":{"_acf_changed":false,"iawp_total_views":5,"_glsr_average":0,"_glsr_ranking":0,"_glsr_reviews":0},"product_brand":[],"product_cat":[1046,76,77,78],"product_tag":[],"class_list":{"0":"post-114296","1":"product","2":"type-product","3":"status-publish","4":"has-post-thumbnail","6":"product_cat-poppers","7":"product_cat-paquets-economiques","8":"product_cat-grands-flacons","9":"product_cat-petits-flacons","10":"pa_gewindegroesse-xs","11":"pa_gewindegroesse-small","12":"pa_inhalt-combo","13":"pa_inhalt-30ml","14":"pa_inhalt-10ml","15":"pa_inhaltsstoffe-nitrite-de-pentyle","16":"pa_inhaltsstoffe-nitrite-dhexyle","17":"pa_marke-royal-hexagon-fr","18":"pa_staerke-91","20":"first","21":"instock","22":"sale","23":"taxable","24":"shipping-taxable","25":"purchasable","26":"product-type-simple"},"acf":[],"_links":{"self":[{"href":"https:\/\/poppers-online.ch\/fr\/wp-json\/wp\/v2\/product\/114296","targetHints":{"allow":["GET"]}}],"collection":[{"href":"https:\/\/poppers-online.ch\/fr\/wp-json\/wp\/v2\/product"}],"about":[{"href":"https:\/\/poppers-online.ch\/fr\/wp-json\/wp\/v2\/types\/product"}],"replies":[{"embeddable":true,"href":"https:\/\/poppers-online.ch\/fr\/wp-json\/wp\/v2\/comments?post=114296"}],"wp:featuredmedia":[{"embeddable":true,"href":"https:\/\/poppers-online.ch\/fr\/wp-json\/wp\/v2\/media\/114277"}],"wp:attachment":[{"href":"https:\/\/poppers-online.ch\/fr\/wp-json\/wp\/v2\/media?parent=114296"}],"wp:term":[{"taxonomy":"product_brand","embeddable":true,"href":"https:\/\/poppers-online.ch\/fr\/wp-json\/wp\/v2\/product_brand?post=114296"},{"taxonomy":"product_cat","embeddable":true,"href":"https:\/\/poppers-online.ch\/fr\/wp-json\/wp\/v2\/product_cat?post=114296"},{"taxonomy":"product_tag","embeddable":true,"href":"https:\/\/poppers-online.ch\/fr\/wp-json\/wp\/v2\/product_tag?post=114296"}],"curies":[{"name":"wp","href":"https:\/\/api.w.org\/{rel}","templated":true}]}}