{"id":114292,"date":"2025-03-13T17:22:29","date_gmt":"2025-03-13T16:22:29","guid":{"rendered":"https:\/\/poppers-online.ch\/produkt\/london-amsterdam-berlin-poppers-combo\/"},"modified":"2025-08-18T13:29:55","modified_gmt":"2025-08-18T11:29:55","slug":"london-amsterdam-berlin-poppers-combo","status":"publish","type":"product","link":"https:\/\/poppers-online.ch\/fr\/produit\/london-amsterdam-berlin-poppers-combo\/","title":{"rendered":"London Amsterdam Berlin Poppers Combo"},"content":{"rendered":"","protected":false},"excerpt":{"rendered":"<h2 data-pm-slice=\"1 1 []\"><strong>London Amsterdam Berlin Poppers Combo<\/strong><\/h2>\n<h3><strong>L&rsquo;ultime pack \u00e9conomique de poppers pour de vraies vibrations de grande ville !<\/strong><\/h3>\n<p>D\u00e9couvre les villes les plus excitantes d&rsquo;Europe avec le <strong>combo London Amsterdam Berlin Poppers<\/strong>! Ce kit contient trois puissantes flacons de Poppers : <\/p>\n<ul data-spread=\"false\">\n<li><strong>Real Amsterdam Extra Strong 10ml<\/strong><\/li>\n<li><strong>Berlin Ultra Strong Poppers 10ml<\/strong><\/li>\n<li><strong>London Ultra Strong Poppers Alu 10ml<\/strong><\/li>\n<\/ul>\n<div>\n<hr>\n<\/div>\n<h3><strong>Real Amsterdam Extra Strong 10ml \u2013 L&rsquo;intensit\u00e9 pure de la ville aux canaux !<\/strong><\/h3>\n<p>Ce <strong>poppers Amsterdam<\/strong> extra fort est \u00e0 base de <strong>nitrite de pentyle<\/strong> de haute qualit\u00e9 et fournit un effet puissant. Parfait pour ceux qui aiment l&rsquo;intensit\u00e9 ! Les excellents commentaires sur le produit parlent d&rsquo;eux-m\u00eames \u2013 essaie-le toi-m\u00eame et laisse ton commentaire !  <\/p>\n<div>\n<hr>\n<\/div>\n<h3><strong>Berlin Ultra Strong Poppers 10ml \u2013 Ressens le rythme de la capitale !<\/strong><\/h3>\n<p>Sur le march\u00e9 suisse depuis 2022, le <strong>Berlin Ultra Strong Poppers<\/strong> t&rsquo;apporte l&rsquo;esprit inimitable de la capitale queer directement chez toi. Que ce soit <strong>au KitKat Club<\/strong> ou <strong>au Berghain<\/strong>, avec ce poppers, tu ram\u00e8nes la vie nocturne sauvage de Berlin chez toi et vis des moments inoubliables avec tes amis ! <\/p>\n<div>\n<hr>\n<\/div>\n<h3><strong>London Ultra Strong Poppers Alu 10ml \u2013 La passion rencontre l&rsquo;\u00e9l\u00e9gance !<\/strong><\/h3>\n<p>Le <strong>London Ultra Strong Poppers <\/strong>de <strong>Royal Hexagon<\/strong>, dans sa <strong>flacon en aluminium<\/strong> innovant, est disponible depuis 2025. Inspir\u00e9 d&rsquo;une exp\u00e9rience torride dans le m\u00e9tro de Londres, ce poppers est synonyme d&rsquo;aventures discr\u00e8tes mais inoubliables. Gr\u00e2ce <strong>au nitrite d&rsquo;hexyle<\/strong>, le nitrite d&rsquo;alkyle le moins nocif pour la sant\u00e9, il offre un effet particuli\u00e8rement puissant (<strong>intensit\u00e9 6<\/strong>). Le flacon l\u00e9ger en aluminium est r\u00e9sistant, se glisse dans n&rsquo;importe quel sac et est id\u00e9al pour les d\u00e9placements.   <\/p>\n<div>\n<hr>\n<\/div>\n<p><strong>Commande d\u00e8s maintenant le London Amsterdam Berlin Poppers Combo et plonge dans un monde d&rsquo;exp\u00e9riences passionnantes !<\/strong><\/p>\n","protected":false},"featured_media":114283,"comment_status":"open","ping_status":"closed","template":"","meta":{"_acf_changed":false,"iawp_total_views":8,"_glsr_average":0,"_glsr_ranking":0,"_glsr_reviews":0},"product_brand":[],"product_cat":[1046,76,78],"product_tag":[],"class_list":{"0":"post-114292","1":"product","2":"type-product","3":"status-publish","4":"has-post-thumbnail","6":"product_cat-poppers","7":"product_cat-paquets-economiques","8":"product_cat-petits-flacons","9":"pa_gewindegroesse-xs","10":"pa_gewindegroesse-small","11":"pa_inhalt-combo","12":"pa_inhalt-10ml","13":"pa_inhaltsstoffe-nitrite-de-pentyle","14":"pa_inhaltsstoffe-nitrite-dhexyle","15":"pa_marke-amsterdam-poppers","16":"pa_marke-berlin-poppers","17":"pa_marke-royal-hexagon-fr","18":"pa_staerke-91","20":"first","21":"instock","22":"sale","23":"taxable","24":"shipping-taxable","25":"purchasable","26":"product-type-simple"},"acf":[],"_links":{"self":[{"href":"https:\/\/poppers-online.ch\/fr\/wp-json\/wp\/v2\/product\/114292","targetHints":{"allow":["GET"]}}],"collection":[{"href":"https:\/\/poppers-online.ch\/fr\/wp-json\/wp\/v2\/product"}],"about":[{"href":"https:\/\/poppers-online.ch\/fr\/wp-json\/wp\/v2\/types\/product"}],"replies":[{"embeddable":true,"href":"https:\/\/poppers-online.ch\/fr\/wp-json\/wp\/v2\/comments?post=114292"}],"wp:featuredmedia":[{"embeddable":true,"href":"https:\/\/poppers-online.ch\/fr\/wp-json\/wp\/v2\/media\/114283"}],"wp:attachment":[{"href":"https:\/\/poppers-online.ch\/fr\/wp-json\/wp\/v2\/media?parent=114292"}],"wp:term":[{"taxonomy":"product_brand","embeddable":true,"href":"https:\/\/poppers-online.ch\/fr\/wp-json\/wp\/v2\/product_brand?post=114292"},{"taxonomy":"product_cat","embeddable":true,"href":"https:\/\/poppers-online.ch\/fr\/wp-json\/wp\/v2\/product_cat?post=114292"},{"taxonomy":"product_tag","embeddable":true,"href":"https:\/\/poppers-online.ch\/fr\/wp-json\/wp\/v2\/product_tag?post=114292"}],"curies":[{"name":"wp","href":"https:\/\/api.w.org\/{rel}","templated":true}]}}