{"id":114288,"date":"2025-03-13T16:20:59","date_gmt":"2025-03-13T15:20:59","guid":{"rendered":"https:\/\/poppers-online.ch\/produkt\/euro-trip-city-poppers-combo\/"},"modified":"2025-10-23T13:04:03","modified_gmt":"2025-10-23T11:04:03","slug":"euro-trip-city-poppers-combo","status":"publish","type":"product","link":"https:\/\/poppers-online.ch\/fr\/produit\/euro-trip-city-poppers-combo\/","title":{"rendered":"Euro Trip City Poppers Combo"},"content":{"rendered":"","protected":false},"excerpt":{"rendered":"<p data-start=\"61\" data-end=\"134\"><strong data-start=\"61\" data-end=\"132\">Euro Trip City Poppers Combo &#8211; D\u00e9couvrez les villes les plus chaudes d&rsquo;Europe !<\/strong><\/p>\n<p data-start=\"136\" data-end=\"281\">Le <strong data-start=\"150\" data-end=\"182\">combo<\/strong> exclusif <strong data-start=\"150\" data-end=\"182\">Euro Trip City Poppers<\/strong> contient cinq bouteilles de poppers de premi\u00e8re qualit\u00e9, inspir\u00e9es par les m\u00e9tropoles les plus excitantes d&rsquo;Europe :<\/p>\n<ul data-start=\"283\" data-end=\"476\">\n<li data-start=\"283\" data-end=\"321\"><strong data-start=\"285\" data-end=\"319\">Paris Poppers XTRA STRONG 30ml<\/strong><\/li>\n<li data-start=\"322\" data-end=\"362\"><strong data-start=\"324\" data-end=\"360\">Real Amsterdam Extra Strong 10ml<\/strong><\/li>\n<li data-start=\"363\" data-end=\"403\"><strong data-start=\"365\" data-end=\"401\">Berlin Ultra Strong Poppers 10ml<\/strong><\/li>\n<li data-start=\"404\" data-end=\"431\"><strong data-start=\"406\" data-end=\"429\">Z\u00fcrich Poppers 10ml<\/strong><\/li>\n<li data-start=\"432\" data-end=\"476\"><strong data-start=\"434\" data-end=\"474\">London Ultra Strong Poppers Alu 10ml<\/strong><\/li>\n<\/ul>\n<p data-start=\"478\" data-end=\"604\">Cette s\u00e9lection tri\u00e9e sur le volet t&rsquo;apporte directement chez toi l&rsquo;atmosph\u00e8re \u00e9lectrisante et les nuits endiabl\u00e9es de ces villes.<\/p>\n<hr data-start=\"606\" data-end=\"609\">\n<h3 data-start=\"611\" data-end=\"696\"><strong data-start=\"615\" data-end=\"694\">Paris Poppers XTRA STRONG 30ml \u2013 La passion pure de la ville de l&rsquo;amour !<\/strong><\/h3>\n<p data-start=\"697\" data-end=\"1080\">Inspir\u00e9 d&rsquo;un moment inoubliable et passionn\u00e9 pass\u00e9 \u00e0 Paris fin 2023, le <strong data-start=\"701\" data-end=\"735\">Paris Poppers XTRA STRONG 30ml<\/strong> est l&rsquo;un des poppers les plus intenses du march\u00e9 avec une <strong data-start=\"831\" data-end=\"845\">force de 6\/6<\/strong> et contient <strong data-start=\"963\" data-end=\"978\">du nitrite d&rsquo;hexyle<\/strong>, class\u00e9 comme le moins nocif pour la sant\u00e9. Le g\u00e9n\u00e9reux <strong data-start=\"995\" data-end=\"1011\">flacon de 30 ml<\/strong>, dot\u00e9 d&rsquo;un bouchon pratique, garantit un plaisir de longue dur\u00e9e.  <\/p>\n<p data-start=\"1082\" data-end=\"1275\"><strong data-start=\"1082\" data-end=\"1106\">Souvenir de Paris : <\/strong>St\u00e9phane, un jeune parisien de 22 ans, nous a montr\u00e9 non seulement les plus beaux quartiers de la ville, mais aussi ce qu&rsquo;est le vrai d\u00e9vouement. Merci, St\u00e9phane ! Nous reviendrons !  <\/p>\n<hr data-start=\"1277\" data-end=\"1280\">\n<h3 data-start=\"1282\" data-end=\"1363\"><strong data-start=\"1286\" data-end=\"1361\">Real Amsterdam Extra Strong 10ml \u2013 L&rsquo;original de la m\u00e9tropole de la f\u00eate !<\/strong><\/h3>\n<p data-start=\"1364\" data-end=\"1612\">Le <strong data-start=\"1368\" data-end=\"1412\">Real Amsterdam Extra Strong Poppers 10ml <\/strong>est \u00e0 base de <strong data-start=\"1438\" data-end=\"1454\">nitrite de pentyle<\/strong> de haute qualit\u00e9 et fournit un effet encore plus fort pour les vrais connaisseurs. Recommand\u00e9 par d&rsquo;innombrables clients enthousiastes \u2013 essaie-le toi-m\u00eame et laisse ton commentaire ! <\/p>\n<hr data-start=\"1614\" data-end=\"1617\">\n<h3 data-start=\"1619\" data-end=\"1700\"><strong data-start=\"1623\" data-end=\"1698\">Berlin Ultra Strong Poppers 10ml \u2013 Ressentez l&rsquo;\u00e9nergie de Queer Capital !<\/strong><\/h3>\n<p data-start=\"1701\" data-end=\"2031\">Sur le march\u00e9 suisse depuis 2022, le <strong data-start=\"1747\" data-end=\"1778\">poppers Berlin Ultra Strong<\/strong> apporte l&rsquo;authentique vie festive berlinoise \u00e0 ton domicile. Avec sa <strong data-start=\"1846\" data-end=\"1869\">formule au nitrite de pentyle<\/strong> et son effet ultra-intensif, il capture parfaitement les nuits endiabl\u00e9es de clubs comme le KitKat et le Berghain. Obtiens la vibe unique de Berlin \u2013 o\u00f9 que tu sois !  <\/p>\n<hr data-start=\"2033\" data-end=\"2036\">\n<h3 data-start=\"2038\" data-end=\"2119\"><strong data-start=\"2042\" data-end=\"2117\">Z\u00fcrich Poppers 10ml \u2013 La ville la plus gay-friendly dans une bouteille !<\/strong><\/h3>\n<p data-start=\"2120\" data-end=\"2398\">Le <strong data-start=\"2124\" data-end=\"2147\">Z\u00fcrich Poppers 10ml<\/strong> est un hommage \u00e0 la sc\u00e8ne queer suisse. Avec sa <strong data-start=\"2202\" data-end=\"2214\">intensit\u00e9 6<\/strong> et sa <strong data-start=\"2233\" data-end=\"2256\">formule \u00e9prouv\u00e9e au nitrite de pentyle<\/strong>, il offre une exp\u00e9rience d&rsquo;une intensit\u00e9 exceptionnelle. Zurich est synonyme d&rsquo;ouverture, de libert\u00e9 et de diversit\u00e9 \u2013 tout comme ce poppers puissant.  <\/p>\n<hr data-start=\"2400\" data-end=\"2403\">\n<h3 data-start=\"2405\" data-end=\"2495\"><strong data-start=\"2409\" data-end=\"2493\">London Ultra Strong Poppers Alu 10ml &#8211; Des nuits chaudes dans la m\u00e9tropole britannique !<\/strong><\/h3>\n<p data-start=\"2496\" data-end=\"2860\">Le <strong data-start=\"2500\" data-end=\"2540\">London Ultra Strong Poppers Alu 10ml<\/strong> de <strong data-start=\"2545\" data-end=\"2562\">Royal Hexagon<\/strong> est synonyme de moments intenses et de rencontres p\u00e9tillantes. Inspir\u00e9 d&rsquo;une exp\u00e9rience inoubliable dans le m\u00e9tro de Londres, ce poppers de <strong data-start=\"2717\" data-end=\"2729\">force 6<\/strong> et <strong data-start=\"2734\" data-end=\"2749\">de nitrite d&rsquo;hexyle<\/strong> procure une pure extase. Sa <strong data-start=\"2776\" data-end=\"2796\">bouteille en aluminium<\/strong> l\u00e9g\u00e8re le rend id\u00e9al pour les d\u00e9placements \u2013 discret et toujours \u00e0 port\u00e9e de main.  <\/p>\n<hr data-start=\"2862\" data-end=\"2865\">\n<h3 data-start=\"2867\" data-end=\"2911\"><strong data-start=\"2871\" data-end=\"2909\">D\u00e9couvre le meilleur de l&rsquo;Europe d\u00e8s maintenant !<\/strong><\/h3>\n<p data-start=\"2912\" data-end=\"3061\">Procure-toi le <strong data-start=\"2924\" data-end=\"2956\">combo Euro Trip City Poppers<\/strong> et plonge dans les nuits les plus excitantes des m\u00e9tropoles europ\u00e9ennes, o\u00f9 que tu sois ! \ud83d\ude80\ud83d\udd25 <\/p>\n","protected":false},"featured_media":114269,"comment_status":"open","ping_status":"closed","template":"","meta":{"_acf_changed":false,"iawp_total_views":26,"_glsr_average":0,"_glsr_ranking":0,"_glsr_reviews":0},"product_brand":[],"product_cat":[1046,76,77,78],"product_tag":[],"class_list":{"0":"post-114288","1":"product","2":"type-product","3":"status-publish","4":"has-post-thumbnail","6":"product_cat-poppers","7":"product_cat-paquets-economiques","8":"product_cat-grands-flacons","9":"product_cat-petits-flacons","10":"pa_inhalt-combo","11":"pa_inhalt-30ml","12":"pa_inhalt-10ml","13":"pa_inhaltsstoffe-nitrite-de-pentyle","14":"pa_inhaltsstoffe-nitrite-dhexyle","15":"pa_marke-amsterdam-poppers","16":"pa_marke-berlin-poppers","17":"pa_marke-royal-hexagon-fr","18":"pa_staerke-91","20":"first","21":"instock","22":"sale","23":"taxable","24":"shipping-taxable","25":"purchasable","26":"product-type-simple"},"acf":[],"_links":{"self":[{"href":"https:\/\/poppers-online.ch\/fr\/wp-json\/wp\/v2\/product\/114288","targetHints":{"allow":["GET"]}}],"collection":[{"href":"https:\/\/poppers-online.ch\/fr\/wp-json\/wp\/v2\/product"}],"about":[{"href":"https:\/\/poppers-online.ch\/fr\/wp-json\/wp\/v2\/types\/product"}],"replies":[{"embeddable":true,"href":"https:\/\/poppers-online.ch\/fr\/wp-json\/wp\/v2\/comments?post=114288"}],"wp:featuredmedia":[{"embeddable":true,"href":"https:\/\/poppers-online.ch\/fr\/wp-json\/wp\/v2\/media\/114269"}],"wp:attachment":[{"href":"https:\/\/poppers-online.ch\/fr\/wp-json\/wp\/v2\/media?parent=114288"}],"wp:term":[{"taxonomy":"product_brand","embeddable":true,"href":"https:\/\/poppers-online.ch\/fr\/wp-json\/wp\/v2\/product_brand?post=114288"},{"taxonomy":"product_cat","embeddable":true,"href":"https:\/\/poppers-online.ch\/fr\/wp-json\/wp\/v2\/product_cat?post=114288"},{"taxonomy":"product_tag","embeddable":true,"href":"https:\/\/poppers-online.ch\/fr\/wp-json\/wp\/v2\/product_tag?post=114288"}],"curies":[{"name":"wp","href":"https:\/\/api.w.org\/{rel}","templated":true}]}}