{"id":114216,"date":"2025-03-12T15:28:57","date_gmt":"2025-03-12T14:28:57","guid":{"rendered":"https:\/\/poppers-online.ch\/produkt\/sniff-it-hard-london-poppers-pack-anti-fuite\/"},"modified":"2025-03-13T11:15:42","modified_gmt":"2025-03-13T10:15:42","slug":"sniff-it-hard-london-poppers-pack-anti-fuite","status":"publish","type":"product","link":"https:\/\/poppers-online.ch\/fr\/produit\/sniff-it-hard-london-poppers-pack-anti-fuite\/","title":{"rendered":"Sniff it Hard LONDON Poppers Pack anti-fuite"},"content":{"rendered":"","protected":false},"excerpt":{"rendered":"<h3 data-start=\"43\" data-end=\"94\"><strong data-start=\"47\" data-end=\"94\">Sniff it Hard LONDON Poppers Pack anti-fuite<\/strong><\/h3>\n<p data-start=\"96\" data-end=\"253\">Vivez l&rsquo;exp\u00e9rience ultime des poppers avec le <strong data-start=\"143\" data-end=\"190\">pack anti-fuite Sniff it Hard LONDON Poppers<\/strong>! Ce pack \u00e9conomique exclusif contient deux produits de qualit\u00e9 sup\u00e9rieure :<\/p>\n<ul data-start=\"255\" data-end=\"355\">\n<li data-start=\"255\" data-end=\"297\"><strong data-start=\"257\" data-end=\"297\">London Ultra Strong Poppers Alu 10ml<\/strong><\/li>\n<li data-start=\"298\" data-end=\"355\"><strong data-start=\"300\" data-end=\"355\">Poppers Booster Cap XTRM Double XS Black LEAK PROOF<\/strong><\/li>\n<\/ul>\n<hr data-start=\"357\" data-end=\"360\">\n<h4 data-start=\"362\" data-end=\"436\"><strong data-start=\"367\" data-end=\"436\">London Ultra Strong Poppers Alu 10ml &#8211; Votre coup de fouet londonien le plus chaud !<\/strong><\/h4>\n<p data-start=\"438\" data-end=\"1244\"><strong data-start=\"438\" data-end=\"478\">London Ultra Strong Poppers Alu 10ml<\/strong> de <strong data-start=\"483\" data-end=\"500\">Royal Hexagon<\/strong> est le poppers parfait pour tous ceux qui ont envie de vivre des exp\u00e9riences intenses. Pr\u00e9sent sur le march\u00e9 depuis 2025, le nom \u00ab\u00a0London\u00a0\u00bb \u00e9voque des souvenirs de moments inoubliables. Imaginez un contact visuel intense avec un s\u00e9duisant inconnu dans le m\u00e9tro de Londres &#8211; et l&rsquo;aventure commence ! Le <strong data-start=\"829\" data-end=\"860\">London Ultra Strong Poppers<\/strong> contient du nitrite d&rsquo;alkyle <strong data-start=\"931\" data-end=\"946\">hexyle<\/strong>, class\u00e9 comme le moins nocif pour la sant\u00e9, et sa force 6 en fait l&rsquo;un des poppers les plus forts du march\u00e9. Le mini-flacon pratique en aluminium contient 10 ml de liquide, qui ont le m\u00eame effet que les flacons en verre traditionnels, mais sont beaucoup plus l\u00e9gers et se glissent parfaitement dans votre poche &#8211; pour une utilisation spontan\u00e9e \u00e0 tout moment.    <\/p>\n<hr data-start=\"1246\" data-end=\"1249\">\n<h4 data-start=\"1251\" data-end=\"1334\"><strong data-start=\"1256\" data-end=\"1334\">Poppers Booster Cap XTRM Double XS Black LEAK PROOF &#8211; Plus de fuites !<\/strong><\/h4>\n<p data-start=\"1336\" data-end=\"1948\">Pas de renversement, pas de fuite &#8211; gr\u00e2ce au <strong data-start=\"1377\" data-end=\"1432\">Poppers Booster Cap XTRM Double XS Black LEAK PROOF<\/strong>. Lorsque le sniffing est chaud et que vous renversez la bouteille sans faire attention, les d\u00e9versements appartiennent au pass\u00e9 ! L&rsquo;\u00e9quipe XTRM a mis au point ce booster ing\u00e9nieux et anti-fuite. Le <strong data-start=\"1625\" data-end=\"1655\">Double XS Black LEAK PROOF<\/strong> se visse tout simplement sur la bouteille. Appuyez sur le bouton-poussoir pratique situ\u00e9 sur le c\u00f4t\u00e9 du couvercle et le poppers s&rsquo;\u00e9coule de mani\u00e8re contr\u00f4l\u00e9e \u00e0 travers le canal de kick. Lorsque vous rel\u00e2chez le bouton, la bouteille redevient 100% \u00e9tanche &#8211; m\u00eame si elle bascule, le poppers reste en s\u00e9curit\u00e9 dans la bouteille.     <\/p>\n<p data-start=\"1950\" data-end=\"2205\">Ce syst\u00e8me de fermeture innovant est fabriqu\u00e9 avec amour en Autriche et s&rsquo;adapte \u00e0 tous les flacons en aluminium de 10 ml de <strong data-start=\"2079\" data-end=\"2096\">Royal Hexagon<\/strong>. Il assure plus de confort et de s\u00e9curit\u00e9 \u00e0 chaque coup de poppers, sans le stress des bouteilles renvers\u00e9es. <\/p>\n<hr data-start=\"2207\" data-end=\"2210\">\n<h4 data-start=\"2212\" data-end=\"2239\"><strong data-start=\"2217\" data-end=\"2239\">Note d&rsquo;application :<\/strong><\/h4>\n<p data-start=\"2241\" data-end=\"2356\">Pour d\u00e9visser le booster <strong data-start=\"2262\" data-end=\"2276\">LEAK PROOF<\/strong>, tenez le bas du booster, vissez doucement et ne serrez pas trop le filetage.<\/p>\n<p data-start=\"2358\" data-end=\"2580\">Avec le <strong data-start=\"2373\" data-end=\"2420\">pack anti-fuite Sniff it Hard LONDON Poppers<\/strong>, d\u00e9couvrez la combinaison parfaite entre moments intenses et utilisation pratique. Obtenez maintenant le coup de fouet et le confort suppl\u00e9mentaires &#8211; plus jamais de poppers renvers\u00e9s ! <\/p>\n","protected":false},"featured_media":114208,"comment_status":"open","ping_status":"closed","template":"","meta":{"_acf_changed":false,"iawp_total_views":20,"_glsr_average":0,"_glsr_ranking":0,"_glsr_reviews":0},"product_brand":[],"product_cat":[1046,76,78,149,1303],"product_tag":[],"class_list":{"0":"post-114216","1":"product","2":"type-product","3":"status-publish","4":"has-post-thumbnail","6":"product_cat-poppers","7":"product_cat-paquets-economiques","8":"product_cat-petits-flacons","9":"product_cat-accessoires-poppers","10":"product_cat-booster-caps","11":"pa_gewindegroesse-xs","12":"pa_inhalt-combo","13":"pa_inhalt-10ml","14":"pa_inhaltsstoffe-nitrite-dhexyle","15":"pa_marke-royal-hexagon-fr","16":"pa_staerke-91","18":"first","19":"instock","20":"sale","21":"taxable","22":"shipping-taxable","23":"purchasable","24":"product-type-simple"},"acf":[],"_links":{"self":[{"href":"https:\/\/poppers-online.ch\/fr\/wp-json\/wp\/v2\/product\/114216","targetHints":{"allow":["GET"]}}],"collection":[{"href":"https:\/\/poppers-online.ch\/fr\/wp-json\/wp\/v2\/product"}],"about":[{"href":"https:\/\/poppers-online.ch\/fr\/wp-json\/wp\/v2\/types\/product"}],"replies":[{"embeddable":true,"href":"https:\/\/poppers-online.ch\/fr\/wp-json\/wp\/v2\/comments?post=114216"}],"wp:featuredmedia":[{"embeddable":true,"href":"https:\/\/poppers-online.ch\/fr\/wp-json\/wp\/v2\/media\/114208"}],"wp:attachment":[{"href":"https:\/\/poppers-online.ch\/fr\/wp-json\/wp\/v2\/media?parent=114216"}],"wp:term":[{"taxonomy":"product_brand","embeddable":true,"href":"https:\/\/poppers-online.ch\/fr\/wp-json\/wp\/v2\/product_brand?post=114216"},{"taxonomy":"product_cat","embeddable":true,"href":"https:\/\/poppers-online.ch\/fr\/wp-json\/wp\/v2\/product_cat?post=114216"},{"taxonomy":"product_tag","embeddable":true,"href":"https:\/\/poppers-online.ch\/fr\/wp-json\/wp\/v2\/product_tag?post=114216"}],"curies":[{"name":"wp","href":"https:\/\/api.w.org\/{rel}","templated":true}]}}