{"id":114214,"date":"2025-03-12T14:16:26","date_gmt":"2025-03-12T13:16:26","guid":{"rendered":"https:\/\/poppers-online.ch\/produkt\/combo-de-poppers-travel-buddy\/"},"modified":"2025-09-08T09:42:15","modified_gmt":"2025-09-08T07:42:15","slug":"combo-de-poppers-travel-buddy","status":"publish","type":"product","link":"https:\/\/poppers-online.ch\/fr\/produit\/combo-de-poppers-travel-buddy\/","title":{"rendered":"Combo de poppers Travel Buddy"},"content":{"rendered":"","protected":false},"excerpt":{"rendered":"<p data-pm-slice=\"1 1 []\"><strong>Travel Buddy Poppers Combo &#8211; Votre compagnon de voyage ultime !<\/strong><\/p>\n<p>Faites l&rsquo;exp\u00e9rience de l&rsquo;intensit\u00e9 pure avec le <strong>Travel Buddy Poppers Combo<\/strong>! Ce kit exclusif contient cinq poppers en aluminium de 10 ml tr\u00e8s puissants, id\u00e9aux pour les voyages : <\/p>\n<ul data-spread=\"false\">\n<li><strong>FUCK YOU Super Strong Poppers Alu 10ml<\/strong><\/li>\n<li><strong>London Ultra Strong Poppers Alu 10ml<\/strong><\/li>\n<li><strong>\u00c9talon excit\u00e9 Ultra Strong Poppers Alu 10ml<\/strong><\/li>\n<li><strong>Geile Sau Ultra Strong Poppers Alu 10ml<\/strong><\/li>\n<li><strong>Poppers Online Signature Edition Maximal Strong Poppers Alu 10ml<\/strong><\/li>\n<\/ul>\n<p>La bouteille en aluminium l\u00e9g\u00e8re et robuste fait de chacun de ces poppers le compagnon id\u00e9al en toute occasion.<\/p>\n<div>\n<hr>\n<\/div>\n<h3><strong>FUCK YOU Super Strong Poppers Alu 10ml &#8211; Montrez votre domination !<\/strong><\/h3>\n<p>Ce power popper de <strong>Royal Hexagon<\/strong> est une d\u00e9claration claire d&rsquo;ind\u00e9pendance et d&rsquo;attitude sans compromis. Son caract\u00e8re unique et sa <strong>puissance extra forte 6<\/strong> avec la formule \u00e9prouv\u00e9e de nitrite d&rsquo;hexyle garantissent une exp\u00e9rience intense. Gr\u00e2ce \u00e0 son flacon compact en aluminium de 10 ml, il se glisse parfaitement dans une poche de pantalon.  <\/p>\n<div>\n<hr>\n<\/div>\n<h3><strong>London Ultra Strong Poppers Alu 10ml &#8211; Passion &amp; Extase !<\/strong><\/h3>\n<p>Le <strong>poppers London Ultra Strong<\/strong> \u00e9voque les rencontres torrides dans la m\u00e9tropole tr\u00e9pidante. Sa <strong>force 6<\/strong> tr\u00e8s efficace et sa formule \u00e0 base de nitrite d&rsquo;hexyle en font l&rsquo;un des poppers les plus intenses du march\u00e9. Sa bouteille en aluminium pratique permet une utilisation discr\u00e8te et spontan\u00e9e en d\u00e9placement.  <\/p>\n<div>\n<hr>\n<\/div>\n<h3><strong>\u00c9talon excit\u00e9 Ultra Strong Poppers Alu 10ml &#8211; Lib\u00e9rez la b\u00eate qui est en vous !<\/strong><\/h3>\n<p>Pr\u00e9parez-vous \u00e0 une aventure \u00e9questre avec l&rsquo;<strong>\u00e9talon excit\u00e9 Ultra Strong Poppers<\/strong>! Sa <strong>force de 6<\/strong> vous fait monter en puissance, tandis que sa bouteille l\u00e9g\u00e8re en aluminium vous offre une flexibilit\u00e9 ultime.<\/p>\n<div>\n<hr>\n<\/div>\n<h3><strong>Geile Sau Ultra Strong Poppers Alu 10ml &#8211; D\u00e9cha\u00eenez-vous !<\/strong><\/h3>\n<p>Le <strong>Geile Sau Ultra Strong Poppers<\/strong> est parfait pour ceux qui veulent se l\u00e2cher compl\u00e8tement. Avec sa <strong>force 5<\/strong>, il vous garantit une exp\u00e9rience intense et \u00e9lectrisante. La bouteille en aluminium l\u00e9g\u00e8re comme une plume se glisse parfaitement dans votre sac.  <\/p>\n<div>\n<hr>\n<\/div>\n<h3><strong>Poppers Online Signature Edition Maximal Strong Poppers Alu 10ml &#8211; L&rsquo;\u00e9dition premium !<\/strong><\/h3>\n<p>Le <strong>Poppers Online Signature Edition<\/strong> est synonyme de qualit\u00e9, de s\u00e9curit\u00e9 et de reconnaissance. Avec une <strong>force 5<\/strong> et la formule \u00e9prouv\u00e9e du nitrite d&rsquo;hexyle, ce poppers \u00e9tablit de nouvelles normes. Parfait pour les connaisseurs qui veulent en tirer le maximum.  <\/p>\n<div>\n<hr>\n<\/div>\n<p><strong>Procurez-vous d\u00e8s maintenant le combo Travel Buddy Poppers et vivez des moments intenses, o\u00f9 que vous soyez !<\/strong><\/p>\n","protected":false},"featured_media":114188,"comment_status":"open","ping_status":"closed","template":"","meta":{"_acf_changed":false,"iawp_total_views":17,"_glsr_average":0,"_glsr_ranking":0,"_glsr_reviews":0},"product_brand":[],"product_cat":[1046,76,78],"product_tag":[],"class_list":{"0":"post-114214","1":"product","2":"type-product","3":"status-publish","4":"has-post-thumbnail","6":"product_cat-poppers","7":"product_cat-paquets-economiques","8":"product_cat-petits-flacons","9":"pa_gewindegroesse-xs","10":"pa_inhalt-combo","11":"pa_inhalt-10ml","12":"pa_inhaltsstoffe-nitrite-dhexyle","13":"pa_marke-royal-hexagon-fr","14":"pa_staerke-91","16":"first","17":"instock","18":"sale","19":"taxable","20":"shipping-taxable","21":"purchasable","22":"product-type-simple"},"acf":[],"_links":{"self":[{"href":"https:\/\/poppers-online.ch\/fr\/wp-json\/wp\/v2\/product\/114214","targetHints":{"allow":["GET"]}}],"collection":[{"href":"https:\/\/poppers-online.ch\/fr\/wp-json\/wp\/v2\/product"}],"about":[{"href":"https:\/\/poppers-online.ch\/fr\/wp-json\/wp\/v2\/types\/product"}],"replies":[{"embeddable":true,"href":"https:\/\/poppers-online.ch\/fr\/wp-json\/wp\/v2\/comments?post=114214"}],"wp:featuredmedia":[{"embeddable":true,"href":"https:\/\/poppers-online.ch\/fr\/wp-json\/wp\/v2\/media\/114188"}],"wp:attachment":[{"href":"https:\/\/poppers-online.ch\/fr\/wp-json\/wp\/v2\/media?parent=114214"}],"wp:term":[{"taxonomy":"product_brand","embeddable":true,"href":"https:\/\/poppers-online.ch\/fr\/wp-json\/wp\/v2\/product_brand?post=114214"},{"taxonomy":"product_cat","embeddable":true,"href":"https:\/\/poppers-online.ch\/fr\/wp-json\/wp\/v2\/product_cat?post=114214"},{"taxonomy":"product_tag","embeddable":true,"href":"https:\/\/poppers-online.ch\/fr\/wp-json\/wp\/v2\/product_tag?post=114214"}],"curies":[{"name":"wp","href":"https:\/\/api.w.org\/{rel}","templated":true}]}}