{"id":112682,"date":"2025-02-20T14:29:25","date_gmt":"2025-02-20T13:29:25","guid":{"rendered":"https:\/\/poppers-online.ch\/produkt\/geile-sau-ultra-strong-poppers-alu-10ml\/"},"modified":"2026-01-26T11:00:28","modified_gmt":"2026-01-26T10:00:28","slug":"geile-sau-ultra-strong-poppers-alu-10ml","status":"publish","type":"product","link":"https:\/\/poppers-online.ch\/fr\/produit\/geile-sau-ultra-strong-poppers-alu-10ml\/","title":{"rendered":"Geile Sau Ultra Strong Poppers Alu 10ml"},"content":{"rendered":"","protected":false},"excerpt":{"rendered":"<p><span style=\"font-weight: 400;\">Le <\/span><strong>Geile Sau Ultra Strong Poppers Alu 10ml<\/strong><span style=\"font-weight: 400;\">  de Royal Hexagon en mini-bouteille d&rsquo;aluminium est sur le march\u00e9 depuis 2025. Ce poppers fait de vous une truie perverse et excit\u00e9e. Tirez fortement sur le    <\/span><span style=\"font-weight: 400;\">Geile Sau Ultra Strong Poppers Alu 10ml<\/span><span style=\"font-weight: 400;\">  et faites sortir la truie en chaleur. Faites-le bien sentir \u00e0 votre partenaire de baise. Amusez-vous bien \u00e0 vous d\u00e9foncer. Le poppers Geile Sau Ultra Strong contient du nitrite d&rsquo;alkyle, appel\u00e9 nitrite d&rsquo;hexyle, qui est class\u00e9 comme le moins nocif pour la sant\u00e9. Avec une force de 5, il fait partie des poppers les plus forts du march\u00e9. La petite bouteille en aluminium contient 10 ml de liquide, comme les bouteilles en verre traditionnelles. Mais elle est l\u00e9g\u00e8re comme une plume et sa forme fine est id\u00e9ale pour se glisser dans une poche de pantalon.     <\/span><\/p>\n","protected":false},"featured_media":112659,"comment_status":"open","ping_status":"closed","template":"","meta":{"_acf_changed":false,"iawp_total_views":115,"_glsr_average":0,"_glsr_ranking":0,"_glsr_reviews":0},"product_brand":[],"product_cat":[1046,78],"product_tag":[],"class_list":{"0":"post-112682","1":"product","2":"type-product","3":"status-publish","4":"has-post-thumbnail","6":"product_cat-poppers","7":"product_cat-petits-flacons","8":"pa_gewindegroesse-xs","9":"pa_inhalt-10ml","10":"pa_inhaltsstoffe-nitrite-dhexyle","11":"pa_marke-royal-hexagon-fr","12":"pa_staerke-90","14":"first","15":"instock","16":"taxable","17":"shipping-taxable","18":"purchasable","19":"product-type-simple"},"acf":[],"_links":{"self":[{"href":"https:\/\/poppers-online.ch\/fr\/wp-json\/wp\/v2\/product\/112682","targetHints":{"allow":["GET"]}}],"collection":[{"href":"https:\/\/poppers-online.ch\/fr\/wp-json\/wp\/v2\/product"}],"about":[{"href":"https:\/\/poppers-online.ch\/fr\/wp-json\/wp\/v2\/types\/product"}],"replies":[{"embeddable":true,"href":"https:\/\/poppers-online.ch\/fr\/wp-json\/wp\/v2\/comments?post=112682"}],"wp:featuredmedia":[{"embeddable":true,"href":"https:\/\/poppers-online.ch\/fr\/wp-json\/wp\/v2\/media\/112659"}],"wp:attachment":[{"href":"https:\/\/poppers-online.ch\/fr\/wp-json\/wp\/v2\/media?parent=112682"}],"wp:term":[{"taxonomy":"product_brand","embeddable":true,"href":"https:\/\/poppers-online.ch\/fr\/wp-json\/wp\/v2\/product_brand?post=112682"},{"taxonomy":"product_cat","embeddable":true,"href":"https:\/\/poppers-online.ch\/fr\/wp-json\/wp\/v2\/product_cat?post=112682"},{"taxonomy":"product_tag","embeddable":true,"href":"https:\/\/poppers-online.ch\/fr\/wp-json\/wp\/v2\/product_tag?post=112682"}],"curies":[{"name":"wp","href":"https:\/\/api.w.org\/{rel}","templated":true}]}}