{"id":112621,"date":"2025-02-20T12:36:22","date_gmt":"2025-02-20T11:36:22","guid":{"rendered":"https:\/\/poppers-online.ch\/produkt\/london-ultra-strong-poppers-alu-10ml\/"},"modified":"2025-09-15T14:11:14","modified_gmt":"2025-09-15T12:11:14","slug":"london-ultra-strong-poppers-alu-10ml","status":"publish","type":"product","link":"https:\/\/poppers-online.ch\/fr\/produit\/london-ultra-strong-poppers-alu-10ml\/","title":{"rendered":"London Ultra Strong Poppers Alu 10ml"},"content":{"rendered":"","protected":false},"excerpt":{"rendered":"<p><span style=\"font-weight: 400;\">Le site <\/span><strong>London Ultra Strong Poppers Alu 10ml <\/strong> <span style=\"font-weight: 400;\">de Royal Hexagon en mini-bouteille d&rsquo;aluminium est sur le march\u00e9 depuis 2025. Le nom London Poppers nous rappelle notre exp\u00e9rience excitante dans le m\u00e9tro de Londres il y a un an. Apr\u00e8s un contact visuel intense avec un gars sexy dans l&rsquo;escalator, nous nous sommes suivis et dans un coin sombre et tortueux, nous avons eu un \u00e9change tr\u00e8s intense et violent. Le London Ultra Strong Poppers contient du nitrite d&rsquo;alkyle, appel\u00e9 nitrite d&rsquo;hexyle, class\u00e9 comme le moins nocif pour la sant\u00e9, et sa force 6 en fait l&rsquo;un des poppers les plus forts du march\u00e9. La petite bouteille en aluminium contient 10 ml de liquide, comme les bouteilles en verre traditionnelles. Mais elle est l\u00e9g\u00e8re comme une plume et sa forme fine est id\u00e9ale pour se glisser dans une poche de pantalon.     <\/span><\/p>\n","protected":false},"featured_media":112617,"comment_status":"open","ping_status":"closed","template":"","meta":{"_acf_changed":false,"iawp_total_views":29,"_glsr_average":0,"_glsr_ranking":0,"_glsr_reviews":0},"product_brand":[],"product_cat":[1046,78],"product_tag":[],"class_list":{"0":"post-112621","1":"product","2":"type-product","3":"status-publish","4":"has-post-thumbnail","6":"product_cat-poppers","7":"product_cat-petits-flacons","8":"pa_gewindegroesse-xs","9":"pa_inhalt-10ml","10":"pa_inhaltsstoffe-nitrite-dhexyle","11":"pa_marke-royal-hexagon-fr","12":"pa_staerke-91","14":"first","15":"instock","16":"taxable","17":"shipping-taxable","18":"purchasable","19":"product-type-simple"},"acf":[],"_links":{"self":[{"href":"https:\/\/poppers-online.ch\/fr\/wp-json\/wp\/v2\/product\/112621","targetHints":{"allow":["GET"]}}],"collection":[{"href":"https:\/\/poppers-online.ch\/fr\/wp-json\/wp\/v2\/product"}],"about":[{"href":"https:\/\/poppers-online.ch\/fr\/wp-json\/wp\/v2\/types\/product"}],"replies":[{"embeddable":true,"href":"https:\/\/poppers-online.ch\/fr\/wp-json\/wp\/v2\/comments?post=112621"}],"wp:featuredmedia":[{"embeddable":true,"href":"https:\/\/poppers-online.ch\/fr\/wp-json\/wp\/v2\/media\/112617"}],"wp:attachment":[{"href":"https:\/\/poppers-online.ch\/fr\/wp-json\/wp\/v2\/media?parent=112621"}],"wp:term":[{"taxonomy":"product_brand","embeddable":true,"href":"https:\/\/poppers-online.ch\/fr\/wp-json\/wp\/v2\/product_brand?post=112621"},{"taxonomy":"product_cat","embeddable":true,"href":"https:\/\/poppers-online.ch\/fr\/wp-json\/wp\/v2\/product_cat?post=112621"},{"taxonomy":"product_tag","embeddable":true,"href":"https:\/\/poppers-online.ch\/fr\/wp-json\/wp\/v2\/product_tag?post=112621"}],"curies":[{"name":"wp","href":"https:\/\/api.w.org\/{rel}","templated":true}]}}