{"id":112343,"date":"2025-02-18T12:08:48","date_gmt":"2025-02-18T11:26:28","guid":{"rendered":"https:\/\/poppers-online.ch\/produkt\/sniff-it-hard-poppers-usa-leakproof-pack\/"},"modified":"2026-04-02T20:47:31","modified_gmt":"2026-04-02T18:47:31","slug":"sniff-it-hard-poppers-usa-leakproof-pack","status":"publish","type":"product","link":"https:\/\/poppers-online.ch\/fr\/produit\/sniff-it-hard-poppers-usa-leakproof-pack\/","title":{"rendered":"Sniff it Hard Poppers USA Leakproof-Pack"},"content":{"rendered":"","protected":false},"excerpt":{"rendered":"<p data-start=\"89\" data-end=\"257\">Le <strong>pack Sniff it Hard Poppers USA Leakproof<\/strong> offre une exp\u00e9rience de poppers intense et s\u00fbre. Ce kit combine deux produits parfaitement adapt\u00e9s l&rsquo;un \u00e0 l&rsquo;autre : <\/p>\n<h3 data-start=\"259\" data-end=\"304\"><strong data-start=\"263\" data-end=\"302\">HARD F*CK Extra Strong 30ml Poppers<\/strong><\/h3>\n<p data-start=\"305\" data-end=\"466\">La c\u00e9l\u00e8bre formule Canadian Pentyl est d\u00e9sormais disponible dans une bouteille en aluminium indestructible. Royal Hexagon pose de nouveaux jalons avec HARD F*CK Extra Strong : <\/p>\n<ul data-start=\"467\" data-end=\"619\">\n<li data-start=\"467\" data-end=\"510\">Contient 30 ml de nitrite de pentyle extra fort<\/li>\n<li data-start=\"511\" data-end=\"567\">Bouteille en aluminium de haute qualit\u00e9 pour une s\u00e9curit\u00e9 maximale<\/li>\n<li data-start=\"568\" data-end=\"619\">Id\u00e9al pour les sessions intenses et de longue dur\u00e9e<\/li>\n<\/ul>\n<h3 data-start=\"621\" data-end=\"682\"><strong data-start=\"625\" data-end=\"680\">Casquette Poppers Booster XTRM LEAK PROOF Double XL Black<\/strong><\/h3>\n<p data-start=\"683\" data-end=\"765\">La casquette anti-fuite Booster Cap garantit une exp\u00e9rience confortable et s\u00fbre :<\/p>\n<ul data-start=\"766\" data-end=\"984\">\n<li data-start=\"766\" data-end=\"821\">Pas de renversement gr\u00e2ce \u00e0 un syst\u00e8me innovant de bouton-poussoir<\/li>\n<li data-start=\"822\" data-end=\"873\">Le poppers n&rsquo;est lib\u00e9r\u00e9 que lorsqu&rsquo;on appuie sur un bouton<\/li>\n<li data-start=\"874\" data-end=\"922\">100 % \u00e9tanche, m\u00eame si la bouteille se renverse<\/li>\n<li data-start=\"923\" data-end=\"984\">Convient \u00e0 tous les flacons en aluminium 30ml de <a href=\"https:\/\/poppers-online.ch\/fr\/propriete-du-produit\/marque\/royal-hexagon-fr\/\">Royal Hexagon<\/a><\/li>\n<\/ul>\n<h3 data-start=\"986\" data-end=\"1014\"><strong data-start=\"990\" data-end=\"1012\">Note d&rsquo;application :<\/strong><\/h3>\n<p data-start=\"1015\" data-end=\"1110\">Tenez le LEAK PROOF XL par le bas, vissez-le avec pr\u00e9caution en veillant \u00e0 ne pas trop serrer le filetage.<\/p>\n<p data-start=\"1112\" data-end=\"1207\" data-is-last-node=\"\">Avec ce kit, tout reste s\u00fbr et sous contr\u00f4le &#8211; pour une exp\u00e9rience poppers sans souci.<\/p>\n","protected":false},"featured_media":112339,"comment_status":"open","ping_status":"closed","template":"","meta":{"_acf_changed":false,"iawp_total_views":90,"_glsr_average":0,"_glsr_ranking":0,"_glsr_reviews":0},"product_brand":[],"product_cat":[1046,76,77,1303],"product_tag":[],"class_list":{"0":"post-112343","1":"product","2":"type-product","3":"status-publish","4":"has-post-thumbnail","6":"product_cat-poppers","7":"product_cat-paquets-economiques","8":"product_cat-grands-flacons","9":"product_cat-booster-caps","10":"pa_inhalt-combo","11":"pa_inhalt-30ml","12":"pa_inhaltsstoffe-formule-canadienne-de-pentyle","13":"pa_marke-royal-hexagon-fr","14":"pa_staerke-91","16":"first","17":"instock","18":"sale","19":"taxable","20":"shipping-taxable","21":"purchasable","22":"product-type-simple"},"acf":[],"_links":{"self":[{"href":"https:\/\/poppers-online.ch\/fr\/wp-json\/wp\/v2\/product\/112343","targetHints":{"allow":["GET"]}}],"collection":[{"href":"https:\/\/poppers-online.ch\/fr\/wp-json\/wp\/v2\/product"}],"about":[{"href":"https:\/\/poppers-online.ch\/fr\/wp-json\/wp\/v2\/types\/product"}],"replies":[{"embeddable":true,"href":"https:\/\/poppers-online.ch\/fr\/wp-json\/wp\/v2\/comments?post=112343"}],"wp:featuredmedia":[{"embeddable":true,"href":"https:\/\/poppers-online.ch\/fr\/wp-json\/wp\/v2\/media\/112339"}],"wp:attachment":[{"href":"https:\/\/poppers-online.ch\/fr\/wp-json\/wp\/v2\/media?parent=112343"}],"wp:term":[{"taxonomy":"product_brand","embeddable":true,"href":"https:\/\/poppers-online.ch\/fr\/wp-json\/wp\/v2\/product_brand?post=112343"},{"taxonomy":"product_cat","embeddable":true,"href":"https:\/\/poppers-online.ch\/fr\/wp-json\/wp\/v2\/product_cat?post=112343"},{"taxonomy":"product_tag","embeddable":true,"href":"https:\/\/poppers-online.ch\/fr\/wp-json\/wp\/v2\/product_tag?post=112343"}],"curies":[{"name":"wp","href":"https:\/\/api.w.org\/{rel}","templated":true}]}}