{"id":111214,"date":"2025-02-02T14:40:11","date_gmt":"2025-02-02T13:40:11","guid":{"rendered":"https:\/\/poppers-online.ch\/produkt\/extreme-invader-open-plug-large\/"},"modified":"2025-02-04T12:09:35","modified_gmt":"2025-02-04T11:09:35","slug":"extreme-invader-open-plug-large","status":"publish","type":"product","link":"https:\/\/poppers-online.ch\/fr\/produit\/extreme-invader-open-plug-large\/","title":{"rendered":"Extreme Invader Open Plug Large"},"content":{"rendered":"","protected":false},"excerpt":{"rendered":"<p><strong>Extreme Invader Open Plug Large &#8211; Stimulation maximale et polyvalence intime<\/strong><\/p>\n<p>La <strong>collection Extreme de Hidden Desire<\/strong> est destin\u00e9e \u00e0 tous ceux qui souhaitent red\u00e9finir les limites de leur plaisir. L&rsquo;<strong>Invader Open Plug<\/strong> est con\u00e7u pour produire une stimulation intense avec chaque c\u00f4te, tout en glissant doucement le long du sphincter. <\/p>\n<p>Une fois qu&rsquo;il est compl\u00e8tement ins\u00e9r\u00e9, il procure une sensation unique et \u00e9panouissante. Mais le meilleur dans tout cela ? Sa <strong>conception ouverte<\/strong> permet d&rsquo;augmenter encore le plaisir &#8211; glissez ce qui vous excite \u00e0 travers l&rsquo;ouverture et profitez d&rsquo;un plaisir encore plus intense.  <\/p>\n<p>Fabriqu\u00e9 en <strong>silicone 100 % pur et de haute qualit\u00e9<\/strong>, et dot\u00e9 d&rsquo;une <strong>large base<\/strong> pour une s\u00e9curit\u00e9 et un confort maximum, l&rsquo;<strong>Extreme Invader Open Plug<\/strong> est l&rsquo;aventure ultime pour les explorateurs audacieux.<\/p>\n<p>&nbsp;<\/p>\n<p><strong>D\u00e9tails du produit :<\/strong><\/p>\n<ul>\n<li><strong>Mat\u00e9riau<\/strong>: silicone<\/li>\n<li><strong>Longueur totale<\/strong>: 8,7 cm<\/li>\n<li><strong>Diam\u00e8tre<\/strong>: 5 cm<\/li>\n<\/ul>\n<p>D\u00e9couvrez de nouvelles dimensions de plaisir avec l&rsquo;<strong>Extreme Invader Open Plug de Hidden Desire<\/strong>!<\/p>\n","protected":false},"featured_media":111180,"comment_status":"open","ping_status":"closed","template":"","meta":{"_acf_changed":false,"iawp_total_views":19,"_glsr_average":0,"_glsr_ranking":0,"_glsr_reviews":0},"product_brand":[],"product_cat":[2085,171],"product_tag":[],"class_list":{"0":"post-111214","1":"product","2":"type-product","3":"status-publish","4":"has-post-thumbnail","6":"product_cat-anal-play","7":"product_cat-sex-toys","9":"first","10":"instock","11":"taxable","12":"shipping-taxable","13":"purchasable","14":"product-type-simple"},"acf":[],"_links":{"self":[{"href":"https:\/\/poppers-online.ch\/fr\/wp-json\/wp\/v2\/product\/111214","targetHints":{"allow":["GET"]}}],"collection":[{"href":"https:\/\/poppers-online.ch\/fr\/wp-json\/wp\/v2\/product"}],"about":[{"href":"https:\/\/poppers-online.ch\/fr\/wp-json\/wp\/v2\/types\/product"}],"replies":[{"embeddable":true,"href":"https:\/\/poppers-online.ch\/fr\/wp-json\/wp\/v2\/comments?post=111214"}],"wp:featuredmedia":[{"embeddable":true,"href":"https:\/\/poppers-online.ch\/fr\/wp-json\/wp\/v2\/media\/111180"}],"wp:attachment":[{"href":"https:\/\/poppers-online.ch\/fr\/wp-json\/wp\/v2\/media?parent=111214"}],"wp:term":[{"taxonomy":"product_brand","embeddable":true,"href":"https:\/\/poppers-online.ch\/fr\/wp-json\/wp\/v2\/product_brand?post=111214"},{"taxonomy":"product_cat","embeddable":true,"href":"https:\/\/poppers-online.ch\/fr\/wp-json\/wp\/v2\/product_cat?post=111214"},{"taxonomy":"product_tag","embeddable":true,"href":"https:\/\/poppers-online.ch\/fr\/wp-json\/wp\/v2\/product_tag?post=111214"}],"curies":[{"name":"wp","href":"https:\/\/api.w.org\/{rel}","templated":true}]}}