{"id":110966,"date":"2025-02-01T17:27:06","date_gmt":"2025-02-01T16:29:37","guid":{"rendered":"https:\/\/poppers-online.ch\/produkt\/hidden-desire-extreme-buttplug-xl-18cm\/"},"modified":"2025-02-04T11:28:18","modified_gmt":"2025-02-04T10:28:18","slug":"hidden-desire-extreme-buttplug-xl-18cm","status":"publish","type":"product","link":"https:\/\/poppers-online.ch\/fr\/produit\/hidden-desire-extreme-buttplug-xl-18cm\/","title":{"rendered":"Hidden Desire Extreme Buttplug XL 18cm"},"content":{"rendered":"","protected":false},"excerpt":{"rendered":"<p><strong>Hidden Desire Extreme Buttplug XL 18cm &#8211; Lib\u00e9rez vos fantasmes les plus fous<\/strong><\/p>\n<p>Avec Hidden Desire Extreme Buttplug XL 18cm de la collection exclusive de <strong>HIDDEN DESIRE<\/strong>, vous pouvez red\u00e9finir les limites du plaisir. Ce jouet anal XXL a \u00e9t\u00e9 sp\u00e9cialement con\u00e7u pour ceux qui recherchent des sensations plus intenses. <\/p>\n<p>Il a \u00e9t\u00e9 con\u00e7u pour p\u00e9n\u00e9trer en douceur et, lorsqu&rsquo;il est profond\u00e9ment enfonc\u00e9, vous pouvez effectuer des mouvements de haut en bas pour atteindre un point culminant sensationnel. La mati\u00e8re lisse du PVC rend l&rsquo;insertion agr\u00e9able, tandis que la large base assure la s\u00e9curit\u00e9 et le confort pendant l&rsquo;utilisation. <\/p>\n<p>&nbsp;<\/p>\n<p><strong>D\u00e9tails du produit :<\/strong><\/p>\n<ul>\n<li><strong>Mat\u00e9riau<\/strong>: PVC<\/li>\n<li><strong>Longueur totale<\/strong>: 18 cm<\/li>\n<li><strong>Diam\u00e8tre<\/strong>: 7 cm<\/li>\n<\/ul>\n<p>Lib\u00e9rez vos fantasmes les plus fous avec <strong>Hidden Desire Extreme XXL Anal Gear<\/strong> et vivez des moments forts inoubliables !<\/p>\n","protected":false},"featured_media":110962,"comment_status":"open","ping_status":"closed","template":"","meta":{"_acf_changed":false,"iawp_total_views":20,"_glsr_average":0,"_glsr_ranking":0,"_glsr_reviews":0},"product_brand":[],"product_cat":[2085,171],"product_tag":[],"class_list":{"0":"post-110966","1":"product","2":"type-product","3":"status-publish","4":"has-post-thumbnail","6":"product_cat-anal-play","7":"product_cat-sex-toys","9":"first","10":"instock","11":"taxable","12":"shipping-taxable","13":"purchasable","14":"product-type-simple"},"acf":[],"_links":{"self":[{"href":"https:\/\/poppers-online.ch\/fr\/wp-json\/wp\/v2\/product\/110966","targetHints":{"allow":["GET"]}}],"collection":[{"href":"https:\/\/poppers-online.ch\/fr\/wp-json\/wp\/v2\/product"}],"about":[{"href":"https:\/\/poppers-online.ch\/fr\/wp-json\/wp\/v2\/types\/product"}],"replies":[{"embeddable":true,"href":"https:\/\/poppers-online.ch\/fr\/wp-json\/wp\/v2\/comments?post=110966"}],"wp:featuredmedia":[{"embeddable":true,"href":"https:\/\/poppers-online.ch\/fr\/wp-json\/wp\/v2\/media\/110962"}],"wp:attachment":[{"href":"https:\/\/poppers-online.ch\/fr\/wp-json\/wp\/v2\/media?parent=110966"}],"wp:term":[{"taxonomy":"product_brand","embeddable":true,"href":"https:\/\/poppers-online.ch\/fr\/wp-json\/wp\/v2\/product_brand?post=110966"},{"taxonomy":"product_cat","embeddable":true,"href":"https:\/\/poppers-online.ch\/fr\/wp-json\/wp\/v2\/product_cat?post=110966"},{"taxonomy":"product_tag","embeddable":true,"href":"https:\/\/poppers-online.ch\/fr\/wp-json\/wp\/v2\/product_tag?post=110966"}],"curies":[{"name":"wp","href":"https:\/\/api.w.org\/{rel}","templated":true}]}}