{"id":110940,"date":"2025-02-01T17:18:05","date_gmt":"2025-02-01T16:18:05","guid":{"rendered":"https:\/\/poppers-online.ch\/?post_type=product&#038;p=110940"},"modified":"2025-02-01T17:27:48","modified_gmt":"2025-02-01T16:27:48","slug":"poppers-booster-cap-xtrm-leak-proof-double-xl-black","status":"publish","type":"product","link":"https:\/\/poppers-online.ch\/fr\/produit\/poppers-booster-cap-xtrm-leak-proof-double-xl-black\/","title":{"rendered":"Poppers Booster Cap XTRM LEAK PROOF Double XL Black"},"content":{"rendered":"","protected":false},"excerpt":{"rendered":"<p>Lorsque l&rsquo;on se met \u00e0 sniffer des poppers, il arrive que la bouteille de poppers soit renvers\u00e9e et qu&rsquo;elle fuit. L&rsquo;\u00e9quipe XTRM a d\u00e9velopp\u00e9 pour cela une casquette Poppers Booster XTRM Double XL Black LEAK PROOF g\u00e9niale, anti-fuite et facile \u00e0 utiliser, avec un bouton-pression. Tu visses le sniffer anti-fuite sur la bouteille comme d&rsquo;habitude. Ce n&rsquo;est que lorsque tu appuies sur le bouton-pression situ\u00e9 sur le c\u00f4t\u00e9 de l&#8217;embout que le poppers s&rsquo;\u00e9coule de la bouteille par le canal de kick. Lorsque tu rel\u00e2ches le bouton-poussoir, le sniffer est \u00e0 nouveau \u00e9tanche \u00e0 100% et le poppers reste dans la bouteille, m\u00eame si celle-ci se renverse parce qu&rsquo;elle est en train de chauffer.<\/p>\n<p>Le Double XL Black LEAK PROOF Booster Cap s&rsquo;adapte exclusivement \u00e0 toutes les bouteilles en aluminium de 30 ml de Royal Hexagon. Il existe d\u00e9sormais quatre tailles de filetage diff\u00e9rentes pour les bouteilles de poppers et donc quatre variantes XTRM LEAK PROOF diff\u00e9rentes (taille XS, S, L et XL). D\u00e9couvre le plaisir et le confort suppl\u00e9mentaires lors de l&rsquo;extraction des poppers. Plus jamais de bouteilles de poppers renvers\u00e9es, gr\u00e2ce \u00e0 la casquette anti-fuite Poppers Booster LEAK PROOF. Conseil d&rsquo;utilisation : pour visser, tenir le LEAK PROOF XL par le bas, visser avec pr\u00e9caution et ne pas trop serrer le filetage.<\/p>\n","protected":false},"featured_media":110944,"comment_status":"open","ping_status":"closed","template":"","meta":{"_acf_changed":false,"iawp_total_views":7,"_glsr_average":0,"_glsr_ranking":0,"_glsr_reviews":0},"product_brand":[],"product_cat":[149,1303],"product_tag":[437],"class_list":{"0":"post-110940","1":"product","2":"type-product","3":"status-publish","4":"has-post-thumbnail","6":"product_cat-accessoires-poppers","7":"product_cat-booster-caps","8":"product_tag-poppers-booster-cap-xtrm-double-small-black-leak-proof-fr","10":"first","11":"instock","12":"taxable","13":"shipping-taxable","14":"purchasable","15":"product-type-simple"},"acf":[],"_links":{"self":[{"href":"https:\/\/poppers-online.ch\/fr\/wp-json\/wp\/v2\/product\/110940","targetHints":{"allow":["GET"]}}],"collection":[{"href":"https:\/\/poppers-online.ch\/fr\/wp-json\/wp\/v2\/product"}],"about":[{"href":"https:\/\/poppers-online.ch\/fr\/wp-json\/wp\/v2\/types\/product"}],"replies":[{"embeddable":true,"href":"https:\/\/poppers-online.ch\/fr\/wp-json\/wp\/v2\/comments?post=110940"}],"wp:featuredmedia":[{"embeddable":true,"href":"https:\/\/poppers-online.ch\/fr\/wp-json\/wp\/v2\/media\/110944"}],"wp:attachment":[{"href":"https:\/\/poppers-online.ch\/fr\/wp-json\/wp\/v2\/media?parent=110940"}],"wp:term":[{"taxonomy":"product_brand","embeddable":true,"href":"https:\/\/poppers-online.ch\/fr\/wp-json\/wp\/v2\/product_brand?post=110940"},{"taxonomy":"product_cat","embeddable":true,"href":"https:\/\/poppers-online.ch\/fr\/wp-json\/wp\/v2\/product_cat?post=110940"},{"taxonomy":"product_tag","embeddable":true,"href":"https:\/\/poppers-online.ch\/fr\/wp-json\/wp\/v2\/product_tag?post=110940"}],"curies":[{"name":"wp","href":"https:\/\/api.w.org\/{rel}","templated":true}]}}