{"id":110936,"date":"2025-02-01T17:01:57","date_gmt":"2025-02-01T16:16:09","guid":{"rendered":"https:\/\/poppers-online.ch\/produkt\/balles-anales-lourdes-extremes-large\/"},"modified":"2025-02-04T11:22:56","modified_gmt":"2025-02-04T10:22:56","slug":"balles-anales-lourdes-extremes-large","status":"publish","type":"product","link":"https:\/\/poppers-online.ch\/fr\/produit\/balles-anales-lourdes-extremes-large\/","title":{"rendered":"Balles anales lourdes extr\u00eames Large"},"content":{"rendered":"","protected":false},"excerpt":{"rendered":"<p><strong>Extreme Heavy Anal Balls Large &#8211; Lib\u00e9rez vos fantasmes les plus fous<\/strong><\/p>\n<p>Avec les <strong>Extreme Heavy Anal Balls Large<\/strong> de la collection exclusive de <strong>Hidden Desire<\/strong>, vous allez red\u00e9finir les limites du plaisir. Ces jouets anaux sont sp\u00e9cialement con\u00e7us pour ceux qui n&rsquo;ont pas peur de rechercher des sensations plus intenses. <\/p>\n<p>Les lourdes perles anales sont con\u00e7ues pour \u00eatre ins\u00e9r\u00e9es en douceur et vous procurer des sensations plus intenses \u00e0 chaque perle. Une fois qu&rsquo;elles sont bien en place, vous pouvez commencer \u00e0 retirer lentement les perles &#8211; un moment excitant qui m\u00e8ne \u00e0 un orgasme d&rsquo;une intensit\u00e9 in\u00e9gal\u00e9e. Fabriqu\u00e9es en silicone 100% pur, les <strong>Heavy Anal Balls<\/strong> offrent non seulement un plaisir intense, mais aussi un maximum de s\u00e9curit\u00e9 et de confort, gr\u00e2ce \u00e0 un large anneau qui assure un maintien s\u00fbr.  <\/p>\n<p>&nbsp;<\/p>\n<p><strong>D\u00e9tails du produit :<\/strong><\/p>\n<ul>\n<li><strong>Mat\u00e9riau<\/strong>: silicone<\/li>\n<li><strong>Dimensions<\/strong>: 39 x 4 cm<\/li>\n<li><strong>Longueur totale<\/strong>: 39 cm<\/li>\n<li><strong>Diam\u00e8tre<\/strong>: 4 cm<\/li>\n<\/ul>\n<p>Lib\u00e9rez vos fantasmes les plus fous avec les <strong>Extreme Heavy Anal Balls<\/strong> et vivez des moments inoubliables !<\/p>\n","protected":false},"featured_media":110933,"comment_status":"open","ping_status":"closed","template":"","meta":{"_acf_changed":false,"iawp_total_views":11,"_glsr_average":0,"_glsr_ranking":0,"_glsr_reviews":0},"product_brand":[],"product_cat":[2085,171],"product_tag":[],"class_list":{"0":"post-110936","1":"product","2":"type-product","3":"status-publish","4":"has-post-thumbnail","6":"product_cat-anal-play","7":"product_cat-sex-toys","9":"first","10":"instock","11":"taxable","12":"shipping-taxable","13":"purchasable","14":"product-type-simple"},"acf":[],"_links":{"self":[{"href":"https:\/\/poppers-online.ch\/fr\/wp-json\/wp\/v2\/product\/110936","targetHints":{"allow":["GET"]}}],"collection":[{"href":"https:\/\/poppers-online.ch\/fr\/wp-json\/wp\/v2\/product"}],"about":[{"href":"https:\/\/poppers-online.ch\/fr\/wp-json\/wp\/v2\/types\/product"}],"replies":[{"embeddable":true,"href":"https:\/\/poppers-online.ch\/fr\/wp-json\/wp\/v2\/comments?post=110936"}],"wp:featuredmedia":[{"embeddable":true,"href":"https:\/\/poppers-online.ch\/fr\/wp-json\/wp\/v2\/media\/110933"}],"wp:attachment":[{"href":"https:\/\/poppers-online.ch\/fr\/wp-json\/wp\/v2\/media?parent=110936"}],"wp:term":[{"taxonomy":"product_brand","embeddable":true,"href":"https:\/\/poppers-online.ch\/fr\/wp-json\/wp\/v2\/product_brand?post=110936"},{"taxonomy":"product_cat","embeddable":true,"href":"https:\/\/poppers-online.ch\/fr\/wp-json\/wp\/v2\/product_cat?post=110936"},{"taxonomy":"product_tag","embeddable":true,"href":"https:\/\/poppers-online.ch\/fr\/wp-json\/wp\/v2\/product_tag?post=110936"}],"curies":[{"name":"wp","href":"https:\/\/api.w.org\/{rel}","templated":true}]}}