{"id":110557,"date":"2025-01-28T13:21:58","date_gmt":"2025-01-28T12:42:31","guid":{"rendered":"https:\/\/poppers-online.ch\/produkt\/fist-pentyl-deep-formula-poppers-24ml\/"},"modified":"2025-10-16T07:53:46","modified_gmt":"2025-10-16T05:53:46","slug":"fist-pentyl-deep-formula-poppers-24ml","status":"publish","type":"product","link":"https:\/\/poppers-online.ch\/fr\/produit\/fist-pentyl-deep-formula-poppers-24ml\/","title":{"rendered":"Fist Pentyl Deep Formula Poppers 24ml"},"content":{"rendered":"","protected":false},"excerpt":{"rendered":"<p><b>Fist Pentyl Deep Formula Poppers 24ml <span style=\"font-weight: 400;\">contient du nitrite de pentyle hautement efficace et de longue dur\u00e9e. La formule Deep Formula a \u00e9t\u00e9 con\u00e7ue pour rendre votre s\u00e9ance de fist encore plus intense et plus excitante. Les amateurs de fisting du monde entier ont \u00e9t\u00e9 s\u00e9duits par cette formule pendant des ann\u00e9es. Mettez le Fist Deep Formula dans votre poche et pr\u00e9parez-vous pour votre prochaine session de fist.   <\/span><\/b><\/p>\n<p>Combinez les poppers avec des accessoires adapt\u00e9s et des fist-toys qui stimulent le plaisir. Pour en savoir plus, consultez notre blog<a href=\"https:\/\/poppers-online.ch\/blog\/fisting-entspannter-spass-mit-fist-poppers\/\">\u00ab\u00a0Fisting &#8211; plaisir d\u00e9tendu avec Fist Poppers, les bons accessoires et des fist-toys excitants<\/a>\u00ab\u00a0. <\/p>\n","protected":false},"featured_media":110544,"comment_status":"open","ping_status":"closed","template":"","meta":{"_acf_changed":false,"iawp_total_views":54,"_glsr_average":0,"_glsr_ranking":0,"_glsr_reviews":0},"product_brand":[],"product_cat":[1046,77],"product_tag":[],"class_list":{"0":"post-110557","1":"product","2":"type-product","3":"status-publish","4":"has-post-thumbnail","6":"product_cat-poppers","7":"product_cat-grands-flacons","8":"pa_flaschenform-anguleux","9":"pa_gewindegroesse-large","10":"pa_inhalt-24ml","11":"pa_inhaltsstoffe-nitrite-dalcool-isoamylique","12":"pa_marke-fist-poppers","13":"pa_staerke-91","15":"first","16":"instock","17":"taxable","18":"shipping-taxable","19":"purchasable","20":"product-type-simple"},"acf":[],"_links":{"self":[{"href":"https:\/\/poppers-online.ch\/fr\/wp-json\/wp\/v2\/product\/110557","targetHints":{"allow":["GET"]}}],"collection":[{"href":"https:\/\/poppers-online.ch\/fr\/wp-json\/wp\/v2\/product"}],"about":[{"href":"https:\/\/poppers-online.ch\/fr\/wp-json\/wp\/v2\/types\/product"}],"replies":[{"embeddable":true,"href":"https:\/\/poppers-online.ch\/fr\/wp-json\/wp\/v2\/comments?post=110557"}],"wp:featuredmedia":[{"embeddable":true,"href":"https:\/\/poppers-online.ch\/fr\/wp-json\/wp\/v2\/media\/110544"}],"wp:attachment":[{"href":"https:\/\/poppers-online.ch\/fr\/wp-json\/wp\/v2\/media?parent=110557"}],"wp:term":[{"taxonomy":"product_brand","embeddable":true,"href":"https:\/\/poppers-online.ch\/fr\/wp-json\/wp\/v2\/product_brand?post=110557"},{"taxonomy":"product_cat","embeddable":true,"href":"https:\/\/poppers-online.ch\/fr\/wp-json\/wp\/v2\/product_cat?post=110557"},{"taxonomy":"product_tag","embeddable":true,"href":"https:\/\/poppers-online.ch\/fr\/wp-json\/wp\/v2\/product_tag?post=110557"}],"curies":[{"name":"wp","href":"https:\/\/api.w.org\/{rel}","templated":true}]}}