{"id":110440,"date":"2025-01-26T16:52:34","date_gmt":"2025-01-26T15:52:34","guid":{"rendered":"https:\/\/poppers-online.ch\/produkt\/fantasme-anal-insta-gaper\/"},"modified":"2025-01-29T16:06:36","modified_gmt":"2025-01-29T15:06:36","slug":"fantasme-anal-insta-gaper","status":"publish","type":"product","link":"https:\/\/poppers-online.ch\/fr\/produit\/fantasme-anal-insta-gaper\/","title":{"rendered":"Fantasme anal Insta-Gaper"},"content":{"rendered":"","protected":false},"excerpt":{"rendered":"<div><strong>Fantasme anal Insta-Gaper.<\/strong> Comprimez, ins\u00e9rez, r\u00e9jouissez-vous &#8211; le plug anal Insta-Gaper offre un plaisir anal incroyable et, ins\u00e9r\u00e9 horizontalement, il exerce une pression sur la prostate pour stimuler l&rsquo;orgasme. Ferm\u00e9, il se glisse facilement \u00e0 l&rsquo;int\u00e9rieur avec du lubrifiant. Une fois dans l&rsquo;anus, ses deux moiti\u00e9s se d\u00e9plient imm\u00e9diatement et se remplissent de mani\u00e8re agr\u00e9able et stimulante. Le silicone utilis\u00e9 a une surface lisse et velout\u00e9e. Le mat\u00e9riau est \u00e9lastique et tr\u00e8s agr\u00e9ablement doux. Les blessures sont ainsi exclues. La ventouse emp\u00eache une p\u00e9n\u00e9tration involontaire et plus profonde et sa forme ovale permet de la placer confortablement entre les fesses. La t\u00e9tine sur la ventouse aide au d\u00e9gagement. Celle-ci est d&rsquo;ailleurs n\u00e9cessaire, car ce plug anal tient tr\u00e8s bien sur les surfaces lisses. Lors de l&rsquo;utilisation, le t\u00e9ton ne g\u00eane pas. Le manche a un diam\u00e8tre agr\u00e9able sur lequel la rosette peut rester plus longtemps. En combinaison avec ses autres caract\u00e9ristiques, l&rsquo;Insta-Gaper est un buttplug qui peut \u00eatre port\u00e9 plus longtemps sans probl\u00e8me.           <\/div>\n<div><\/div>\n<p>&nbsp;<\/p>\n<div>Longueur d&rsquo;insertion : environ 8,5 cm<\/div>\n<div>Longueur totale : environ 9,5 cm<\/div>\n<div>Diam\u00e8tre ferm\u00e9 : environ 4 cm<\/div>\n<div>Diam\u00e8tre ouvert : max. 8,5 cm <\/div>\n<div>Diam\u00e8tre de la tige : environ 1,8 cm<\/div>\n<div>Mat\u00e9riau : silicone<\/div>\n<div>Couleur : Noir<\/div>\n<div>Contenu de la livraison : 1x Buttplug 1x gel lubrifiant 1x cr\u00e8me lubrifiante 1x Toy Cleaner 2x doigtiers<\/div>\n","protected":false},"featured_media":110420,"comment_status":"open","ping_status":"closed","template":"","meta":{"_acf_changed":false,"iawp_total_views":17,"_glsr_average":0,"_glsr_ranking":0,"_glsr_reviews":0},"product_brand":[],"product_cat":[2085,171],"product_tag":[],"class_list":{"0":"post-110440","1":"product","2":"type-product","3":"status-publish","4":"has-post-thumbnail","6":"product_cat-anal-play","7":"product_cat-sex-toys","9":"first","10":"instock","11":"taxable","12":"shipping-taxable","13":"purchasable","14":"product-type-simple"},"acf":[],"_links":{"self":[{"href":"https:\/\/poppers-online.ch\/fr\/wp-json\/wp\/v2\/product\/110440","targetHints":{"allow":["GET"]}}],"collection":[{"href":"https:\/\/poppers-online.ch\/fr\/wp-json\/wp\/v2\/product"}],"about":[{"href":"https:\/\/poppers-online.ch\/fr\/wp-json\/wp\/v2\/types\/product"}],"replies":[{"embeddable":true,"href":"https:\/\/poppers-online.ch\/fr\/wp-json\/wp\/v2\/comments?post=110440"}],"wp:featuredmedia":[{"embeddable":true,"href":"https:\/\/poppers-online.ch\/fr\/wp-json\/wp\/v2\/media\/110420"}],"wp:attachment":[{"href":"https:\/\/poppers-online.ch\/fr\/wp-json\/wp\/v2\/media?parent=110440"}],"wp:term":[{"taxonomy":"product_brand","embeddable":true,"href":"https:\/\/poppers-online.ch\/fr\/wp-json\/wp\/v2\/product_brand?post=110440"},{"taxonomy":"product_cat","embeddable":true,"href":"https:\/\/poppers-online.ch\/fr\/wp-json\/wp\/v2\/product_cat?post=110440"},{"taxonomy":"product_tag","embeddable":true,"href":"https:\/\/poppers-online.ch\/fr\/wp-json\/wp\/v2\/product_tag?post=110440"}],"curies":[{"name":"wp","href":"https:\/\/api.w.org\/{rel}","templated":true}]}}