{"id":110437,"date":"2025-01-26T16:20:43","date_gmt":"2025-01-26T15:20:43","guid":{"rendered":"https:\/\/poppers-online.ch\/produkt\/boy-butter-creme-lubrifiante-237-ml\/"},"modified":"2025-06-03T17:13:49","modified_gmt":"2025-06-03T15:13:49","slug":"boy-butter-creme-lubrifiante-237-ml","status":"publish","type":"product","link":"https:\/\/poppers-online.ch\/fr\/produit\/boy-butter-creme-lubrifiante-237-ml\/","title":{"rendered":"Boy Butter cr\u00e8me lubrifiante 237ml"},"content":{"rendered":"","protected":false},"excerpt":{"rendered":"<h2>Le Boy Butter original dans son emballage culte<\/h2>\n<p><strong>Boy Butter Lubrifiant 237ml<\/strong> est un lubrifiant \u00e0 base d&rsquo;huile compos\u00e9 de deux ingr\u00e9dients puissants mais agr\u00e9ables : l&rsquo;huile de coco et le silicone organique, souvent pr\u00e9sent dans les apr\u00e8s-shampooings. Les ingr\u00e9dients sont homog\u00e9n\u00e9is\u00e9s comme dans du vrai beurre et le r\u00e9sultat est un lubrifiant qui dure plus longtemps que les gels synth\u00e9tiques ou les lubrifiants \u00e0 base de silicone pur. Il s&rsquo;\u00e9limine facilement \u00e0 l&rsquo;eau de tous les tissus. Boy Butter est hypoallerg\u00e9nique et sans danger pour tous les sex toys. Malheureusement, la cr\u00e8me lubrifiante Boy Butter 237 ml n&rsquo;est pas compatible avec le latex et ne convient donc pas aux pr\u00e9servatifs. Utilisez donc Boy Butter pour vous-m\u00eame ou avec un partenaire.     <\/p>\n<p>La cr\u00e8me lubrifiante \u00e0 base d&rsquo;eau <a href=\"https:\/\/poppers-online.ch\/fr\/produit\/boy-butter-h2o-creme-lubrifiante-237-ml\/\">Boy Butter H2O<\/a> (emballage bleu) est compatible avec les pr\u00e9servatifs en latex. Nous proposons \u00e9galement cette version sans latex dans notre gamme.<\/p>\n<p>Les produits Boy Butter Original Formula sont particuli\u00e8rement appr\u00e9ci\u00e9s pour leur longue dur\u00e9e de vie pendant l&rsquo;utilisation et leur formulation respectueuse de la peau. Sa consistance cr\u00e9meuse et beurr\u00e9e et sa texture lisse et l\u00e9g\u00e8re garantissent un plaisir de glisse sensuel. <\/p>\n<p>L&rsquo;une des caract\u00e9ristiques de la marque est le design innovant de l&#8217;emballage &#8211; les lubrifiants sont conditionn\u00e9s dans des r\u00e9cipients qui ressemblent \u00e0 des pots de beurre classiques.<\/p>\n<p>Vous pouvez acheter ce produit culte ainsi que d&rsquo;autres produits Boy Butter en ligne chez nous \u00e0 un prix avantageux. Nous livrons votre commande rapidement et discr\u00e8tement \u00e0 votre domicile. <\/p>\n","protected":false},"featured_media":110408,"comment_status":"open","ping_status":"closed","template":"","meta":{"_acf_changed":false,"iawp_total_views":7,"_glsr_average":0,"_glsr_ranking":0,"_glsr_reviews":0},"product_brand":[],"product_cat":[2067,166],"product_tag":[],"class_list":{"0":"post-110437","1":"product","2":"type-product","3":"status-publish","4":"has-post-thumbnail","6":"product_cat-lubrifiant","7":"product_cat-droguerie","9":"first","10":"instock","11":"taxable","12":"shipping-taxable","13":"purchasable","14":"product-type-simple"},"acf":[],"_links":{"self":[{"href":"https:\/\/poppers-online.ch\/fr\/wp-json\/wp\/v2\/product\/110437","targetHints":{"allow":["GET"]}}],"collection":[{"href":"https:\/\/poppers-online.ch\/fr\/wp-json\/wp\/v2\/product"}],"about":[{"href":"https:\/\/poppers-online.ch\/fr\/wp-json\/wp\/v2\/types\/product"}],"replies":[{"embeddable":true,"href":"https:\/\/poppers-online.ch\/fr\/wp-json\/wp\/v2\/comments?post=110437"}],"wp:featuredmedia":[{"embeddable":true,"href":"https:\/\/poppers-online.ch\/fr\/wp-json\/wp\/v2\/media\/110408"}],"wp:attachment":[{"href":"https:\/\/poppers-online.ch\/fr\/wp-json\/wp\/v2\/media?parent=110437"}],"wp:term":[{"taxonomy":"product_brand","embeddable":true,"href":"https:\/\/poppers-online.ch\/fr\/wp-json\/wp\/v2\/product_brand?post=110437"},{"taxonomy":"product_cat","embeddable":true,"href":"https:\/\/poppers-online.ch\/fr\/wp-json\/wp\/v2\/product_cat?post=110437"},{"taxonomy":"product_tag","embeddable":true,"href":"https:\/\/poppers-online.ch\/fr\/wp-json\/wp\/v2\/product_tag?post=110437"}],"curies":[{"name":"wp","href":"https:\/\/api.w.org\/{rel}","templated":true}]}}