{"id":110140,"date":"2025-01-22T15:17:11","date_gmt":"2025-01-22T14:37:09","guid":{"rendered":"https:\/\/poppers-online.ch\/produkt\/combo-extreme-boy-fist-poppers\/"},"modified":"2025-09-15T13:55:36","modified_gmt":"2025-09-15T11:55:36","slug":"combo-extreme-boy-fist-poppers","status":"publish","type":"product","link":"https:\/\/poppers-online.ch\/fr\/produit\/combo-extreme-boy-fist-poppers\/","title":{"rendered":"Combo Extreme Boy Fist Poppers"},"content":{"rendered":"","protected":false},"excerpt":{"rendered":"<p>L&rsquo;<strong>Extreme Boy Fist Poppers Combo<\/strong> est le kit ultime pour les amateurs de poppers audacieux qui recherchent des exp\u00e9riences intenses et extraordinaires. Avec trois bouteilles puissantes sp\u00e9cialement con\u00e7ues pour des sessions difficiles et des aventures d\u00e9brid\u00e9es, ce kit est un must absolu. Parfait pour les fans de jeux de fist, de jouets et de nuits folles de passion.  <\/p>\n<p><strong>L&rsquo;ensemble contient<\/strong><\/p>\n<ul>\n<li><strong>Iron Fist Poppers Ultra Strong (10ml) :<\/strong><br \/>\nCe poppers est plus fort que jamais ! Gr\u00e2ce \u00e0 son nouvel ingr\u00e9dient, le n-pentanol, il offre un effet encore plus intense et plus durable. Le flacon en aluminium robuste prot\u00e8ge le poppers dans toutes les situations et en fait le compagnon id\u00e9al pour les d\u00e9placements. Id\u00e9al pour les experts chevronn\u00e9s qui ne connaissent pas de limites. Une fois ouvert, Iron Fist Ultra Strong vous transforme en un animal sans retenue, pr\u00eat \u00e0 recevoir de grosses bites, des poings et des jouets. Son format de poche pratique se glisse dans toutes les poches.     <\/li>\n<li><strong>Iron Fist Poppers Ultra Strong (24ml) :<\/strong><br \/>\nEncore plus fort, encore plus extr\u00eame ! La version 24ml de l&rsquo;Iron Fist Ultra Strong est destin\u00e9e \u00e0 ceux qui veulent profiter de sessions plus intenses et plus longues. Fabriqu\u00e9 avec du n-pentanol pour un effet incomparable, ce poppers est parfait pour les amateurs intr\u00e9pides de jeux intenses. Le flacon styl\u00e9 en aluminium prot\u00e8ge le poppers et vous permet d&rsquo;en profiter partout et \u00e0 tout moment. Devenez le ma\u00eetre de votre plaisir et d\u00e9couvrez une nouvelle dimension de plaisir.    <\/li>\n<li><strong>Boy Poppers Tall Bottle (24ml) :<\/strong><br \/>\nTransformez-vous en un bad boy effr\u00e9n\u00e9 ! Avec de l&rsquo;alcool isoamylique nitrite de force 5, ce poppers offre une exp\u00e9rience exceptionnellement intense. Le flacon haut et rond a \u00e9t\u00e9 con\u00e7u pour permettre au poppers de se d\u00e9ployer de mani\u00e8re optimale. Laissez-vous aller et savourez le plaisir tout en rendant chaque partenaire insatiable. Parfait pour les nuits folles et les aventures excitantes.    <\/li>\n<\/ul>\n<p><strong>D\u00e9couvrez la puissance ultime d&rsquo;Iron Fist et de Boy Poppers avec le combo Extreme Boy Fist Poppers. Commandez d\u00e8s maintenant et plongez dans un monde de plaisirs d\u00e9brid\u00e9s et de sensations intenses ! <\/strong><\/p>\n","protected":false},"featured_media":110131,"comment_status":"open","ping_status":"closed","template":"","meta":{"_acf_changed":false,"iawp_total_views":56,"_glsr_average":0,"_glsr_ranking":0,"_glsr_reviews":0},"product_brand":[],"product_cat":[1046,76,77,78],"product_tag":[],"class_list":{"0":"post-110140","1":"product","2":"type-product","3":"status-publish","4":"has-post-thumbnail","6":"product_cat-poppers","7":"product_cat-paquets-economiques","8":"product_cat-grands-flacons","9":"product_cat-petits-flacons","10":"pa_gewindegroesse-small","11":"pa_inhalt-combo","12":"pa_inhalt-24ml","13":"pa_inhalt-10ml","14":"pa_inhaltsstoffe-nitrite-de-n-pentanol","15":"pa_marke-fist-poppers","16":"pa_staerke-91","18":"first","19":"instock","20":"sale","21":"taxable","22":"shipping-taxable","23":"purchasable","24":"product-type-simple"},"acf":[],"_links":{"self":[{"href":"https:\/\/poppers-online.ch\/fr\/wp-json\/wp\/v2\/product\/110140","targetHints":{"allow":["GET"]}}],"collection":[{"href":"https:\/\/poppers-online.ch\/fr\/wp-json\/wp\/v2\/product"}],"about":[{"href":"https:\/\/poppers-online.ch\/fr\/wp-json\/wp\/v2\/types\/product"}],"replies":[{"embeddable":true,"href":"https:\/\/poppers-online.ch\/fr\/wp-json\/wp\/v2\/comments?post=110140"}],"wp:featuredmedia":[{"embeddable":true,"href":"https:\/\/poppers-online.ch\/fr\/wp-json\/wp\/v2\/media\/110131"}],"wp:attachment":[{"href":"https:\/\/poppers-online.ch\/fr\/wp-json\/wp\/v2\/media?parent=110140"}],"wp:term":[{"taxonomy":"product_brand","embeddable":true,"href":"https:\/\/poppers-online.ch\/fr\/wp-json\/wp\/v2\/product_brand?post=110140"},{"taxonomy":"product_cat","embeddable":true,"href":"https:\/\/poppers-online.ch\/fr\/wp-json\/wp\/v2\/product_cat?post=110140"},{"taxonomy":"product_tag","embeddable":true,"href":"https:\/\/poppers-online.ch\/fr\/wp-json\/wp\/v2\/product_tag?post=110140"}],"curies":[{"name":"wp","href":"https:\/\/api.w.org\/{rel}","templated":true}]}}