{"id":110134,"date":"2025-01-22T14:15:15","date_gmt":"2025-01-22T13:15:15","guid":{"rendered":"https:\/\/poppers-online.ch\/produkt\/amsterdam-play-party-poppers-combo\/"},"modified":"2025-11-16T23:02:49","modified_gmt":"2025-11-16T22:02:49","slug":"amsterdam-play-party-poppers-combo","status":"publish","type":"product","link":"https:\/\/poppers-online.ch\/fr\/produit\/amsterdam-play-party-poppers-combo\/","title":{"rendered":"Amsterdam Play Party Poppers Combo"},"content":{"rendered":"","protected":false},"excerpt":{"rendered":"<p>Le <strong>combo Amsterdam Play Party Poppers<\/strong> est le choix parfait pour tous ceux qui souhaitent apporter les l\u00e9gendaires vibrations de la capitale n\u00e9erlandaise directement dans leur propre f\u00eate ! Ce kit contient trois flacons de poppers extraordinaires qui t&rsquo;aideront \u00e0 profiter de nuits torrides et d&rsquo;exp\u00e9riences intenses. Laisse-toi emporter par les effets puissants et durables de ces poppers Amsterdam et vis le frisson ultime de tes aventures \u00e9rotiques.  <\/p>\n<h3><strong>L&rsquo;ensemble contient<\/strong><\/h3>\n<ul>\n<li><strong>Amsterdam Black Extra Strong Poppers (24ml) :<\/strong><br \/>\nLa version noire et forte d&rsquo;Amsterdam Poppers ! Fabriqu\u00e9 \u00e0 partir de nitrite de pentyle de haute qualit\u00e9, ce poppers offre une intensit\u00e9 exceptionnelle et fait partie des plus durs et des plus intenses de la s\u00e9rie Amsterdam. Vis une aventure excitante et laisse les vibrations profondes et \u00e9rotiques t&#8217;emmener dans la prochaine dimension de ton plaisir.  <\/li>\n<li><strong>Amsterdam Special (30ml) :<\/strong> Avec <strong>Amsterdam Special <\/strong>de Lockerroom au Canada, tu n&rsquo;as plus besoin de te rendre \u00e0 Amsterdam pour go\u00fbter au charme libertin de la ville. Ce poppers \u00e0 base de nitrite d&rsquo;hexyle s&rsquo;est impos\u00e9 au fil des ans comme l&rsquo;un des plus populaires de notre gamme. Obtiens un peu du style de vie n\u00e9erlandais et profite d&rsquo;exp\u00e9riences excitantes et durables.  <\/li>\n<li><strong>Amsterdam XXX Ultra Strong Poppers (10ml) :<\/strong><br \/>\nPuissant, violent et d&rsquo;une efficacit\u00e9 incomparable, le poppers <strong>Amsterdam XXX Ultra Strong<\/strong> vous plonge dans un \u00e9tat de relaxation absolue et de plaisir sans retenue. Gr\u00e2ce au nitrite d&rsquo;alcool isoamylique, ce poppers produit un effet impressionnant qui vous propulse, vous et votre partenaire, vers de nouveaux sommets excitants de plaisir sexuel. Parfait pour des aventures sexuelles sauvages ou une s\u00e9ance de masturbation intense.  <\/li>\n<\/ul>\n<h3><strong>Vis Amsterdam &#8211; vis la libert\u00e9 et le plaisir intense !<\/strong><\/h3>\n<p>Le <strong>combo Amsterdam Play Party Poppers <\/strong>t&rsquo;offre tout ce dont tu as besoin pour passer des nuits excitantes et inoubliables. Commande d\u00e8s maintenant et plonge dans un monde de vibrations intenses et de moments forts fantastiques ! <\/p>\n","protected":false},"featured_media":110118,"comment_status":"open","ping_status":"closed","template":"","meta":{"_acf_changed":false,"iawp_total_views":17,"_glsr_average":0,"_glsr_ranking":0,"_glsr_reviews":0},"product_brand":[],"product_cat":[1046,76,77,78],"product_tag":[],"class_list":{"0":"post-110134","1":"product","2":"type-product","3":"status-publish","4":"has-post-thumbnail","6":"product_cat-poppers","7":"product_cat-paquets-economiques","8":"product_cat-grands-flacons","9":"product_cat-petits-flacons","10":"pa_gewindegroesse-small","11":"pa_inhalt-combo","12":"pa_inhalt-30ml","13":"pa_inhalt-24ml","14":"pa_inhalt-10ml","15":"pa_inhaltsstoffe-nitrite-de-pentyle","16":"pa_inhaltsstoffe-nitrite-dhexyle","17":"pa_marke-amsterdam-poppers","18":"pa_staerke-90","20":"first","21":"instock","22":"sale","23":"taxable","24":"shipping-taxable","25":"purchasable","26":"product-type-simple"},"acf":[],"_links":{"self":[{"href":"https:\/\/poppers-online.ch\/fr\/wp-json\/wp\/v2\/product\/110134","targetHints":{"allow":["GET"]}}],"collection":[{"href":"https:\/\/poppers-online.ch\/fr\/wp-json\/wp\/v2\/product"}],"about":[{"href":"https:\/\/poppers-online.ch\/fr\/wp-json\/wp\/v2\/types\/product"}],"replies":[{"embeddable":true,"href":"https:\/\/poppers-online.ch\/fr\/wp-json\/wp\/v2\/comments?post=110134"}],"wp:featuredmedia":[{"embeddable":true,"href":"https:\/\/poppers-online.ch\/fr\/wp-json\/wp\/v2\/media\/110118"}],"wp:attachment":[{"href":"https:\/\/poppers-online.ch\/fr\/wp-json\/wp\/v2\/media?parent=110134"}],"wp:term":[{"taxonomy":"product_brand","embeddable":true,"href":"https:\/\/poppers-online.ch\/fr\/wp-json\/wp\/v2\/product_brand?post=110134"},{"taxonomy":"product_cat","embeddable":true,"href":"https:\/\/poppers-online.ch\/fr\/wp-json\/wp\/v2\/product_cat?post=110134"},{"taxonomy":"product_tag","embeddable":true,"href":"https:\/\/poppers-online.ch\/fr\/wp-json\/wp\/v2\/product_tag?post=110134"}],"curies":[{"name":"wp","href":"https:\/\/api.w.org\/{rel}","templated":true}]}}