{"id":109388,"date":"2025-01-10T12:30:38","date_gmt":"2025-01-10T11:30:38","guid":{"rendered":"https:\/\/poppers-online.ch\/produkt\/meta-pentyl-poppers-10ml\/"},"modified":"2025-04-11T18:03:41","modified_gmt":"2025-04-11T16:03:41","slug":"meta-pentyl-poppers-10ml","status":"publish","type":"product","link":"https:\/\/poppers-online.ch\/fr\/produit\/meta-pentyl-poppers-10ml\/","title":{"rendered":"Meta Pentyl Poppers 10ml"},"content":{"rendered":"","protected":false},"excerpt":{"rendered":"<p><b>Meta Pentyl Poppers 10ml<\/b><span style=\"font-weight: 400;\">  apporte un vent de fra\u00eecheur dans l&rsquo;univers de Poppers. Nous voulons tous aller de l&rsquo;avant. Meta Pentyl Poppers vous y aide. La nouvelle formule Matrix of Life bas\u00e9e sur le pentyle et le nitrite d&rsquo;alcool isoamylique vous aide \u00e0 vous d\u00e9barrasser de vos inhibitions et \u00e0 maintenir la tension sexuelle pendant une p\u00e9riode prolong\u00e9e et \u00e0 ressentir l&rsquo;orgasme particuli\u00e8rement longtemps et intens\u00e9ment. Les t\u00e9moignages montrent que l&rsquo;excitation devient extr\u00eamement forte et que l&rsquo;on a l&rsquo;impression d&rsquo;atteindre l&rsquo;apog\u00e9e dans une extase absolue, comme si on ne voulait plus en finir. Meta Pentyl Poppers est disponible en version 10ml et 24ml.     <\/span><\/p>\n","protected":false},"featured_media":109374,"comment_status":"open","ping_status":"closed","template":"","meta":{"_acf_changed":false,"iawp_total_views":15,"_glsr_average":0,"_glsr_ranking":0,"_glsr_reviews":0},"product_brand":[],"product_cat":[1046,78],"product_tag":[],"class_list":{"0":"post-109388","1":"product","2":"type-product","3":"status-publish","4":"has-post-thumbnail","6":"product_cat-poppers","7":"product_cat-petits-flacons","8":"pa_flaschenform-rond-petit","9":"pa_gewindegroesse-small","10":"pa_inhalt-10ml","11":"pa_inhaltsstoffe-nitrite-dalcool-isoamylique","12":"pa_staerke-90","14":"first","15":"instock","16":"taxable","17":"shipping-taxable","18":"purchasable","19":"product-type-simple"},"acf":[],"_links":{"self":[{"href":"https:\/\/poppers-online.ch\/fr\/wp-json\/wp\/v2\/product\/109388","targetHints":{"allow":["GET"]}}],"collection":[{"href":"https:\/\/poppers-online.ch\/fr\/wp-json\/wp\/v2\/product"}],"about":[{"href":"https:\/\/poppers-online.ch\/fr\/wp-json\/wp\/v2\/types\/product"}],"replies":[{"embeddable":true,"href":"https:\/\/poppers-online.ch\/fr\/wp-json\/wp\/v2\/comments?post=109388"}],"wp:featuredmedia":[{"embeddable":true,"href":"https:\/\/poppers-online.ch\/fr\/wp-json\/wp\/v2\/media\/109374"}],"wp:attachment":[{"href":"https:\/\/poppers-online.ch\/fr\/wp-json\/wp\/v2\/media?parent=109388"}],"wp:term":[{"taxonomy":"product_brand","embeddable":true,"href":"https:\/\/poppers-online.ch\/fr\/wp-json\/wp\/v2\/product_brand?post=109388"},{"taxonomy":"product_cat","embeddable":true,"href":"https:\/\/poppers-online.ch\/fr\/wp-json\/wp\/v2\/product_cat?post=109388"},{"taxonomy":"product_tag","embeddable":true,"href":"https:\/\/poppers-online.ch\/fr\/wp-json\/wp\/v2\/product_tag?post=109388"}],"curies":[{"name":"wp","href":"https:\/\/api.w.org\/{rel}","templated":true}]}}