{"id":109282,"date":"2025-01-08T19:49:57","date_gmt":"2025-01-08T18:49:57","guid":{"rendered":"https:\/\/poppers-online.ch\/produkt\/berlin-hard-pentyl-poppers-24ml\/"},"modified":"2025-10-23T13:00:53","modified_gmt":"2025-10-23T11:00:53","slug":"berlin-hard-pentyl-poppers-24ml","status":"publish","type":"product","link":"https:\/\/poppers-online.ch\/fr\/produit\/berlin-hard-pentyl-poppers-24ml\/","title":{"rendered":"Berlin Hard Pentyl Poppers 24ml"},"content":{"rendered":"","protected":false},"excerpt":{"rendered":"<p><span style=\"font-weight: 400;\">Le <\/span><b>Berlin Hard Pentyl Poppers 24ml <\/b> <span style=\"font-weight: 400;\">apporte les Berlin Vibes chez vous. Nous le savons tous : Berlin est la capitale du sexe gay en Europe. Aucun autre endroit en Europe n&rsquo;offre la garantie d&rsquo;une baise ou d&rsquo;un rendez-vous. Le Berlin Hard Pentyl Poppers vous rendra aussi cochon que Berlin elle-m\u00eame. Que vous aimiez \u00eatre passif et tendre votre cul de bonne gr\u00e2ce ou que vous vouliez baiser activement de mani\u00e8re encore plus dure et sans retenue. Nous aimons Berlin de A \u00e0 Z et nous aimons Berlin Hard Pentyl Poppers. Vous aussi ?      <\/span><\/p>\n","protected":false},"featured_media":133296,"comment_status":"open","ping_status":"closed","template":"","meta":{"_acf_changed":false,"iawp_total_views":20,"_glsr_average":0,"_glsr_ranking":0,"_glsr_reviews":0},"product_brand":[],"product_cat":[1046,77],"product_tag":[],"class_list":{"0":"post-109282","1":"product","2":"type-product","3":"status-publish","4":"has-post-thumbnail","6":"product_cat-poppers","7":"product_cat-grands-flacons","8":"pa_flaschenform-ovale","9":"pa_gewindegroesse-small","10":"pa_inhalt-24ml","11":"pa_inhaltsstoffe-nitrite-dalcool-isoamylique","12":"pa_marke-berlin-poppers","13":"pa_staerke-91","15":"first","16":"instock","17":"taxable","18":"shipping-taxable","19":"purchasable","20":"product-type-simple"},"acf":[],"_links":{"self":[{"href":"https:\/\/poppers-online.ch\/fr\/wp-json\/wp\/v2\/product\/109282","targetHints":{"allow":["GET"]}}],"collection":[{"href":"https:\/\/poppers-online.ch\/fr\/wp-json\/wp\/v2\/product"}],"about":[{"href":"https:\/\/poppers-online.ch\/fr\/wp-json\/wp\/v2\/types\/product"}],"replies":[{"embeddable":true,"href":"https:\/\/poppers-online.ch\/fr\/wp-json\/wp\/v2\/comments?post=109282"}],"wp:featuredmedia":[{"embeddable":true,"href":"https:\/\/poppers-online.ch\/fr\/wp-json\/wp\/v2\/media\/133296"}],"wp:attachment":[{"href":"https:\/\/poppers-online.ch\/fr\/wp-json\/wp\/v2\/media?parent=109282"}],"wp:term":[{"taxonomy":"product_brand","embeddable":true,"href":"https:\/\/poppers-online.ch\/fr\/wp-json\/wp\/v2\/product_brand?post=109282"},{"taxonomy":"product_cat","embeddable":true,"href":"https:\/\/poppers-online.ch\/fr\/wp-json\/wp\/v2\/product_cat?post=109282"},{"taxonomy":"product_tag","embeddable":true,"href":"https:\/\/poppers-online.ch\/fr\/wp-json\/wp\/v2\/product_tag?post=109282"}],"curies":[{"name":"wp","href":"https:\/\/api.w.org\/{rel}","templated":true}]}}