{"id":109279,"date":"2025-01-08T17:09:42","date_gmt":"2025-01-08T16:09:42","guid":{"rendered":"https:\/\/poppers-online.ch\/produkt\/super-rush-black-label-poppers-24ml\/"},"modified":"2026-03-02T09:12:09","modified_gmt":"2026-03-02T08:12:09","slug":"super-rush-black-label-poppers-24ml","status":"publish","type":"product","link":"https:\/\/poppers-online.ch\/fr\/produit\/super-rush-black-label-poppers-24ml\/","title":{"rendered":"Super Rush Black Label Poppers 24ml"},"content":{"rendered":"","protected":false},"excerpt":{"rendered":"<p><span style=\"font-weight: 400;\">Le site <\/span><b>Super Rush Black Label Poppers 24ml<\/b><span style=\"font-weight: 400;\"> fait partie de la famille des produits Rush et est conditionn\u00e9 avec une formulation puissante, con\u00e7ue pour tes nouvelles exp\u00e9riences perverses, intenses et stimulantes. Il est bas\u00e9 sur le nitrite d&rsquo;alkyle appel\u00e9 nitrite d&rsquo;alcool isoamylique. Le poppers SUPER RUSH Black Label Extreme fait partie des vari\u00e9t\u00e9s les plus puissantes du march\u00e9 avec une intensit\u00e9 de 5 et se distingue par son flacon Tall de 24 ml. SUPER RUSH Black Label Extreme Poppers rendra ton aventure encore plus intense, plus excitante et plus perverse.   <\/span><\/p>\n","protected":false},"featured_media":109239,"comment_status":"open","ping_status":"closed","template":"","meta":{"_acf_changed":false,"iawp_total_views":160,"_glsr_average":0,"_glsr_ranking":0,"_glsr_reviews":0},"product_brand":[],"product_cat":[1046,77],"product_tag":[],"class_list":{"0":"post-109279","1":"product","2":"type-product","3":"status-publish","4":"has-post-thumbnail","6":"product_cat-poppers","7":"product_cat-grands-flacons","8":"pa_flaschenform-rond-tall","9":"pa_gewindegroesse-small","10":"pa_inhalt-24ml","11":"pa_inhaltsstoffe-nitrite-dalcool-isoamylique","12":"pa_marke-rush-poppers","13":"pa_staerke-90","15":"first","16":"instock","17":"sale","18":"taxable","19":"shipping-taxable","20":"purchasable","21":"product-type-simple"},"acf":[],"_links":{"self":[{"href":"https:\/\/poppers-online.ch\/fr\/wp-json\/wp\/v2\/product\/109279","targetHints":{"allow":["GET"]}}],"collection":[{"href":"https:\/\/poppers-online.ch\/fr\/wp-json\/wp\/v2\/product"}],"about":[{"href":"https:\/\/poppers-online.ch\/fr\/wp-json\/wp\/v2\/types\/product"}],"replies":[{"embeddable":true,"href":"https:\/\/poppers-online.ch\/fr\/wp-json\/wp\/v2\/comments?post=109279"}],"wp:featuredmedia":[{"embeddable":true,"href":"https:\/\/poppers-online.ch\/fr\/wp-json\/wp\/v2\/media\/109239"}],"wp:attachment":[{"href":"https:\/\/poppers-online.ch\/fr\/wp-json\/wp\/v2\/media?parent=109279"}],"wp:term":[{"taxonomy":"product_brand","embeddable":true,"href":"https:\/\/poppers-online.ch\/fr\/wp-json\/wp\/v2\/product_brand?post=109279"},{"taxonomy":"product_cat","embeddable":true,"href":"https:\/\/poppers-online.ch\/fr\/wp-json\/wp\/v2\/product_cat?post=109279"},{"taxonomy":"product_tag","embeddable":true,"href":"https:\/\/poppers-online.ch\/fr\/wp-json\/wp\/v2\/product_tag?post=109279"}],"curies":[{"name":"wp","href":"https:\/\/api.w.org\/{rel}","templated":true}]}}