{"id":109183,"date":"2025-01-07T16:04:28","date_gmt":"2025-01-07T15:04:28","guid":{"rendered":"https:\/\/poppers-online.ch\/produkt\/boy-poppers-tall-bottle-24ml\/"},"modified":"2025-01-11T18:50:54","modified_gmt":"2025-01-11T17:50:54","slug":"boy-poppers-tall-bottle-24ml","status":"publish","type":"product","link":"https:\/\/poppers-online.ch\/fr\/produit\/boy-poppers-tall-bottle-24ml\/","title":{"rendered":"Boy Poppers Tall Bottle 24ml"},"content":{"rendered":"","protected":false},"excerpt":{"rendered":"<p><span style=\"font-weight: 400;\">Le <strong>Boy Poppers Tall Bottle 24ml <\/strong>fait de chaque gar\u00e7on un bad boy sans retenue. La bouteille haute et ronde contient de l&rsquo;alcool isoamylique nitrite de force 5. Le petit espace vide dans la partie sup\u00e9rieure de la bouteille de Poppers permet au Poppers de s&rsquo;\u00e9panouir de mani\u00e8re optimale. Laissez-vous aller et devenez un bad boy et rendez chaque partenaire insatiable avec le Boy Poppers dans la Tall Bottle.  <\/span><\/p>\n<p>D\u00e9couvrez d&rsquo;autres poppers puissants dans <a href=\"https:\/\/poppers-online.ch\/produkt-eigenschaft\/flaschenform\/rund-tall\/\">des bouteilles hautes et rondes<\/a> dans notre boutique Poppers.<\/p>\n<p>&nbsp;<\/p>\n","protected":false},"featured_media":109164,"comment_status":"open","ping_status":"closed","template":"","meta":{"_acf_changed":false,"iawp_total_views":6,"_glsr_average":0,"_glsr_ranking":0,"_glsr_reviews":0},"product_brand":[],"product_cat":[1046,77],"product_tag":[],"class_list":{"0":"post-109183","1":"product","2":"type-product","3":"status-publish","4":"has-post-thumbnail","6":"product_cat-poppers","7":"product_cat-grands-flacons","8":"pa_flaschenform-rond-tall","9":"pa_gewindegroesse-small","10":"pa_inhalt-24ml","11":"pa_inhaltsstoffe-nitrite-dalcool-isoamylique","12":"pa_staerke-90","14":"first","15":"instock","16":"taxable","17":"shipping-taxable","18":"purchasable","19":"product-type-simple"},"acf":[],"_links":{"self":[{"href":"https:\/\/poppers-online.ch\/fr\/wp-json\/wp\/v2\/product\/109183","targetHints":{"allow":["GET"]}}],"collection":[{"href":"https:\/\/poppers-online.ch\/fr\/wp-json\/wp\/v2\/product"}],"about":[{"href":"https:\/\/poppers-online.ch\/fr\/wp-json\/wp\/v2\/types\/product"}],"replies":[{"embeddable":true,"href":"https:\/\/poppers-online.ch\/fr\/wp-json\/wp\/v2\/comments?post=109183"}],"wp:featuredmedia":[{"embeddable":true,"href":"https:\/\/poppers-online.ch\/fr\/wp-json\/wp\/v2\/media\/109164"}],"wp:attachment":[{"href":"https:\/\/poppers-online.ch\/fr\/wp-json\/wp\/v2\/media?parent=109183"}],"wp:term":[{"taxonomy":"product_brand","embeddable":true,"href":"https:\/\/poppers-online.ch\/fr\/wp-json\/wp\/v2\/product_brand?post=109183"},{"taxonomy":"product_cat","embeddable":true,"href":"https:\/\/poppers-online.ch\/fr\/wp-json\/wp\/v2\/product_cat?post=109183"},{"taxonomy":"product_tag","embeddable":true,"href":"https:\/\/poppers-online.ch\/fr\/wp-json\/wp\/v2\/product_tag?post=109183"}],"curies":[{"name":"wp","href":"https:\/\/api.w.org\/{rel}","templated":true}]}}