{"id":109091,"date":"2025-01-06T16:01:06","date_gmt":"2025-01-06T15:01:06","guid":{"rendered":"https:\/\/poppers-online.ch\/produkt\/amsterdam-hardcore-poppers-10ml\/"},"modified":"2026-01-31T02:05:50","modified_gmt":"2026-01-31T01:05:50","slug":"amsterdam-hardcore-poppers-10ml","status":"publish","type":"product","link":"https:\/\/poppers-online.ch\/fr\/produit\/amsterdam-hardcore-poppers-10ml\/","title":{"rendered":"Amsterdam Hardcore Poppers 10ml"},"content":{"rendered":"","protected":false},"excerpt":{"rendered":"<p><b>Amsterdam Hardcore Poppers 10ml<\/b><span style=\"font-weight: 400;\"> garantit une exp\u00e9rience hardcore. Le nouveau et puissant N-pentanol procure un coup de boost instantan\u00e9 et un effet extra-longue dur\u00e9e. Pr\u00e9pare-toi \u00e0 l&rsquo;ultime rush de poppers et laisse tomber tes inhibitions pour faire monter ton plaisir \u00e0 l&rsquo;infini. Amsterdam Hardcore Poppers est disponible en 10ml et 24ml. Procure-toi Amsterdam Hardcore d\u00e8s maintenant et fais l&rsquo;exp\u00e9rience du frisson ultime.    <\/span><\/p>\n","protected":false},"featured_media":109074,"comment_status":"open","ping_status":"closed","template":"","meta":{"_acf_changed":false,"iawp_total_views":38,"_glsr_average":0,"_glsr_ranking":0,"_glsr_reviews":0},"product_brand":[],"product_cat":[1046,78],"product_tag":[],"class_list":{"0":"post-109091","1":"product","2":"type-product","3":"status-publish","4":"has-post-thumbnail","6":"product_cat-poppers","7":"product_cat-petits-flacons","8":"pa_gewindegroesse-small","9":"pa_inhalt-10ml","10":"pa_inhaltsstoffe-nitrite-de-n-pentanol","11":"pa_marke-amsterdam-poppers","12":"pa_staerke-90","14":"first","15":"instock","16":"taxable","17":"shipping-taxable","18":"purchasable","19":"product-type-simple"},"acf":[],"_links":{"self":[{"href":"https:\/\/poppers-online.ch\/fr\/wp-json\/wp\/v2\/product\/109091","targetHints":{"allow":["GET"]}}],"collection":[{"href":"https:\/\/poppers-online.ch\/fr\/wp-json\/wp\/v2\/product"}],"about":[{"href":"https:\/\/poppers-online.ch\/fr\/wp-json\/wp\/v2\/types\/product"}],"replies":[{"embeddable":true,"href":"https:\/\/poppers-online.ch\/fr\/wp-json\/wp\/v2\/comments?post=109091"}],"wp:featuredmedia":[{"embeddable":true,"href":"https:\/\/poppers-online.ch\/fr\/wp-json\/wp\/v2\/media\/109074"}],"wp:attachment":[{"href":"https:\/\/poppers-online.ch\/fr\/wp-json\/wp\/v2\/media?parent=109091"}],"wp:term":[{"taxonomy":"product_brand","embeddable":true,"href":"https:\/\/poppers-online.ch\/fr\/wp-json\/wp\/v2\/product_brand?post=109091"},{"taxonomy":"product_cat","embeddable":true,"href":"https:\/\/poppers-online.ch\/fr\/wp-json\/wp\/v2\/product_cat?post=109091"},{"taxonomy":"product_tag","embeddable":true,"href":"https:\/\/poppers-online.ch\/fr\/wp-json\/wp\/v2\/product_tag?post=109091"}],"curies":[{"name":"wp","href":"https:\/\/api.w.org\/{rel}","templated":true}]}}