{"id":109087,"date":"2025-01-06T15:36:11","date_gmt":"2025-01-06T14:36:11","guid":{"rendered":"https:\/\/poppers-online.ch\/produkt\/poppers-crane-dor-24ml\/"},"modified":"2025-11-03T08:27:28","modified_gmt":"2025-11-03T07:27:28","slug":"poppers-crane-dor-24ml","status":"publish","type":"product","link":"https:\/\/poppers-online.ch\/fr\/produit\/poppers-crane-dor-24ml\/","title":{"rendered":"Gold Skull Poppers 24ml"},"content":{"rendered":"","protected":false},"excerpt":{"rendered":"<p><span style=\"font-weight: 400;\">Cette extravagante <\/span><b>Gold Skull Poppers 24ml<\/b><span style=\"font-weight: 400;\"> La bouteille attire l&rsquo;attention. Le contenu \u00e0 base de nitrite de pentyle et d&rsquo;alcool isoamylique vous garantit des sensations d\u00e9sinhib\u00e9es et relaxantes. La bouteille de Gold Skull Poppers est \u00e9galement id\u00e9ale pour la d\u00e9coration ou comme cadeau original. Essayez ce hit belge et laissez votre avis sur le produit.<br \/>\n<\/span><\/p>\n<p><span style=\"font-weight: 400;\">Remarque : les embouts de taille S et L ne peuvent pas \u00eatre viss\u00e9s sur le filetage de cette bouteille de poppers.<\/span><\/p>\n","protected":false},"featured_media":109051,"comment_status":"open","ping_status":"closed","template":"","meta":{"_acf_changed":false,"iawp_total_views":22,"_glsr_average":0,"_glsr_ranking":0,"_glsr_reviews":0},"product_brand":[],"product_cat":[1046,77],"product_tag":[],"class_list":{"0":"post-109087","1":"product","2":"type-product","3":"status-publish","4":"has-post-thumbnail","6":"product_cat-poppers","7":"product_cat-grands-flacons","8":"pa_inhalt-24ml","9":"pa_inhaltsstoffe-nitrite-dalcool-isoamylique","10":"pa_staerke-90","12":"first","13":"instock","14":"taxable","15":"shipping-taxable","16":"purchasable","17":"product-type-simple"},"acf":[],"_links":{"self":[{"href":"https:\/\/poppers-online.ch\/fr\/wp-json\/wp\/v2\/product\/109087","targetHints":{"allow":["GET"]}}],"collection":[{"href":"https:\/\/poppers-online.ch\/fr\/wp-json\/wp\/v2\/product"}],"about":[{"href":"https:\/\/poppers-online.ch\/fr\/wp-json\/wp\/v2\/types\/product"}],"replies":[{"embeddable":true,"href":"https:\/\/poppers-online.ch\/fr\/wp-json\/wp\/v2\/comments?post=109087"}],"wp:featuredmedia":[{"embeddable":true,"href":"https:\/\/poppers-online.ch\/fr\/wp-json\/wp\/v2\/media\/109051"}],"wp:attachment":[{"href":"https:\/\/poppers-online.ch\/fr\/wp-json\/wp\/v2\/media?parent=109087"}],"wp:term":[{"taxonomy":"product_brand","embeddable":true,"href":"https:\/\/poppers-online.ch\/fr\/wp-json\/wp\/v2\/product_brand?post=109087"},{"taxonomy":"product_cat","embeddable":true,"href":"https:\/\/poppers-online.ch\/fr\/wp-json\/wp\/v2\/product_cat?post=109087"},{"taxonomy":"product_tag","embeddable":true,"href":"https:\/\/poppers-online.ch\/fr\/wp-json\/wp\/v2\/product_tag?post=109087"}],"curies":[{"name":"wp","href":"https:\/\/api.w.org\/{rel}","templated":true}]}}