{"id":109012,"date":"2025-01-06T12:08:18","date_gmt":"2025-01-06T11:08:18","guid":{"rendered":"https:\/\/poppers-online.ch\/produkt\/cock-and-ball-liquid-silicone-ring-titus-silicone-series\/"},"modified":"2025-01-11T18:16:06","modified_gmt":"2025-01-11T17:16:06","slug":"cock-and-ball-liquid-silicone-ring-titus-silicone-series","status":"publish","type":"product","link":"https:\/\/poppers-online.ch\/fr\/produit\/cock-and-ball-liquid-silicone-ring-titus-silicone-series\/","title":{"rendered":"Cock and Ball Liquid Silicone Ring Titus Silicone Series"},"content":{"rendered":"","protected":false},"excerpt":{"rendered":"<p><span style=\"font-weight: 400;\">Ce <strong>Cock and Ball Liquid Silicone Ring Titus Silicone Series<\/strong> extr\u00eamement flexible est exactement ce que vous cherchiez ! Cet anneau pour la queue et les testicules est fait de silicone liquide qui peut \u00eatre \u00e9tir\u00e9 jusqu&rsquo;\u00e0 quatre fois sa propre longueur. Vous pouvez donc le porter comme cockring ou comme ballstretcher. Ou bien vous voulez quelque chose qui enserre fermement votre p\u00e9nis et vos testicules &#8211; faites les deux ! D\u00e9couvrez d&rsquo;autres <a href=\"https:\/\/poppers-online.ch\/produkt-kategorie\/sex-toys\/balltoys\/\">ball-<\/a> et <a href=\"https:\/\/poppers-online.ch\/produkt-kategorie\/sex-toys\/cocktoys\/\">cocktoys<\/a> dans notre boutique.<br \/>\n<\/span><\/p>\n<p><span style=\"font-weight: 400;\">Fabriqu\u00e9 en silicone sans phtalate. \u00c0 utiliser avec un lubrifiant \u00e0 base d&rsquo;eau. Dimensions approximatives : diam\u00e8tre int\u00e9rieur 2,8 x 4,5 cm, \u00e9paisseur de l&rsquo;anneau 1,5 cm.<br \/>\n<\/span><\/p>\n","protected":false},"featured_media":109000,"comment_status":"open","ping_status":"closed","template":"","meta":{"_acf_changed":false,"iawp_total_views":8,"_glsr_average":0,"_glsr_ranking":0,"_glsr_reviews":0},"product_brand":[],"product_cat":[2088,2091,171],"product_tag":[],"class_list":{"0":"post-109012","1":"product","2":"type-product","3":"status-publish","4":"has-post-thumbnail","6":"product_cat-ball-play","7":"product_cat-cock-play","8":"product_cat-sex-toys","10":"first","11":"instock","12":"taxable","13":"shipping-taxable","14":"purchasable","15":"product-type-simple"},"acf":[],"_links":{"self":[{"href":"https:\/\/poppers-online.ch\/fr\/wp-json\/wp\/v2\/product\/109012","targetHints":{"allow":["GET"]}}],"collection":[{"href":"https:\/\/poppers-online.ch\/fr\/wp-json\/wp\/v2\/product"}],"about":[{"href":"https:\/\/poppers-online.ch\/fr\/wp-json\/wp\/v2\/types\/product"}],"replies":[{"embeddable":true,"href":"https:\/\/poppers-online.ch\/fr\/wp-json\/wp\/v2\/comments?post=109012"}],"wp:featuredmedia":[{"embeddable":true,"href":"https:\/\/poppers-online.ch\/fr\/wp-json\/wp\/v2\/media\/109000"}],"wp:attachment":[{"href":"https:\/\/poppers-online.ch\/fr\/wp-json\/wp\/v2\/media?parent=109012"}],"wp:term":[{"taxonomy":"product_brand","embeddable":true,"href":"https:\/\/poppers-online.ch\/fr\/wp-json\/wp\/v2\/product_brand?post=109012"},{"taxonomy":"product_cat","embeddable":true,"href":"https:\/\/poppers-online.ch\/fr\/wp-json\/wp\/v2\/product_cat?post=109012"},{"taxonomy":"product_tag","embeddable":true,"href":"https:\/\/poppers-online.ch\/fr\/wp-json\/wp\/v2\/product_tag?post=109012"}],"curies":[{"name":"wp","href":"https:\/\/api.w.org\/{rel}","templated":true}]}}