{"id":104258,"date":"2024-10-24T17:41:37","date_gmt":"2024-10-24T15:42:56","guid":{"rendered":"https:\/\/poppers-online.ch\/produkt\/master-poppers-combo\/"},"modified":"2025-09-08T09:42:37","modified_gmt":"2025-09-08T07:42:37","slug":"master-poppers-combo","status":"publish","type":"product","link":"https:\/\/poppers-online.ch\/fr\/produit\/master-poppers-combo\/","title":{"rendered":"Master Poppers Combo"},"content":{"rendered":"","protected":false},"excerpt":{"rendered":"<p>Le combo Master Poppers se compose de deux flacons de poppers : 1x ALPHA MASTER ULTRA STRONG Poppers 30ml et 1x MASTER Black Label Extreme 30ml Poppers. Le <b>ALPHA MASTER ULTRA STRONG Poppers 30ml<\/b> est destin\u00e9 \u00e0 tous les ma\u00eetres dominateurs qui recherchent un coup de fouet suppl\u00e9mentaire pour eux-m\u00eames et leurs esclaves lors de la domination et du BDSM.<\/p>\n<p>Il contient du nitrite d&rsquo;alkyle, appel\u00e9 nitrite d&rsquo;hexyle, qui est consid\u00e9r\u00e9 comme le moins nocif pour la sant\u00e9. Le poppers ALPHA MASTER ULTRA STRONG est l&rsquo;une des vari\u00e9t\u00e9s les plus puissantes du march\u00e9 avec une force de 6. Il est disponible dans un flacon de 30 ml avec un bouchon facile \u00e0 ouvrir. Vivez une session ma\u00eetre et esclave particuli\u00e8rement intense avec le poppers ALPHA MASTER ULTRA STRONG.<\/p>\n<p><strong>MASTER Black Label Extreme 30ml<\/strong> Poppers est une nouveaut\u00e9 mondiale de Royal Hexagon. La c\u00e9l\u00e8bre Canadian Pentyl Formula est enfin disponible dans une bouteille en aluminium styl\u00e9e et indestructible. Et pour que vous puissiez la sniffer encore plus longtemps, Royal Hexagon a mis 30 ml entiers de nitrite de pentyle extra fort dans la bouteille en aluminium MASTER Black Label Extreme. <span style=\"font-weight: 400;\">La taille du filetage de ce flacon en aluminium de 30 ml est XL. Utilise l&#8217;embout XL pour tes capsules Poppers Booster.<\/span><\/p>\n","protected":false},"featured_media":104254,"comment_status":"open","ping_status":"closed","template":"","meta":{"_acf_changed":false,"iawp_total_views":12,"_glsr_average":0,"_glsr_ranking":0,"_glsr_reviews":0},"product_brand":[],"product_cat":[1046,76,77],"product_tag":[],"class_list":{"0":"post-104258","1":"product","2":"type-product","3":"status-publish","4":"has-post-thumbnail","6":"product_cat-poppers","7":"product_cat-paquets-economiques","8":"product_cat-grands-flacons","9":"pa_flaschenform-rond-petit","10":"pa_flaschenform-rond-grand","11":"pa_gewindegroesse-small","12":"pa_gewindegroesse-large","13":"pa_inhalt-combo","14":"pa_inhalt-30ml","15":"pa_inhaltsstoffe-nitrite-dhexyle","16":"pa_inhaltsstoffe-formule-canadienne-de-pentyle","17":"pa_marke-royal-hexagon-fr","18":"pa_staerke-91","20":"first","21":"instock","22":"sale","23":"taxable","24":"shipping-taxable","25":"purchasable","26":"product-type-simple"},"acf":[],"_links":{"self":[{"href":"https:\/\/poppers-online.ch\/fr\/wp-json\/wp\/v2\/product\/104258","targetHints":{"allow":["GET"]}}],"collection":[{"href":"https:\/\/poppers-online.ch\/fr\/wp-json\/wp\/v2\/product"}],"about":[{"href":"https:\/\/poppers-online.ch\/fr\/wp-json\/wp\/v2\/types\/product"}],"replies":[{"embeddable":true,"href":"https:\/\/poppers-online.ch\/fr\/wp-json\/wp\/v2\/comments?post=104258"}],"wp:featuredmedia":[{"embeddable":true,"href":"https:\/\/poppers-online.ch\/fr\/wp-json\/wp\/v2\/media\/104254"}],"wp:attachment":[{"href":"https:\/\/poppers-online.ch\/fr\/wp-json\/wp\/v2\/media?parent=104258"}],"wp:term":[{"taxonomy":"product_brand","embeddable":true,"href":"https:\/\/poppers-online.ch\/fr\/wp-json\/wp\/v2\/product_brand?post=104258"},{"taxonomy":"product_cat","embeddable":true,"href":"https:\/\/poppers-online.ch\/fr\/wp-json\/wp\/v2\/product_cat?post=104258"},{"taxonomy":"product_tag","embeddable":true,"href":"https:\/\/poppers-online.ch\/fr\/wp-json\/wp\/v2\/product_tag?post=104258"}],"curies":[{"name":"wp","href":"https:\/\/api.w.org\/{rel}","templated":true}]}}