{"id":104244,"date":"2024-10-24T16:02:19","date_gmt":"2024-10-24T14:06:23","guid":{"rendered":"https:\/\/poppers-online.ch\/produkt\/xtreme-poppers-30ml\/"},"modified":"2025-04-24T08:50:34","modified_gmt":"2025-04-24T06:50:34","slug":"xtreme-poppers-30ml","status":"publish","type":"product","link":"https:\/\/poppers-online.ch\/fr\/produit\/xtreme-poppers-30ml\/","title":{"rendered":"XTREME Poppers 30ml"},"content":{"rendered":"","protected":false},"excerpt":{"rendered":"<p><span style=\"font-weight: 400\">Le site <\/span><b>XTREME Poppers 30ml<\/b><span style=\"font-weight: 400\">  intensifie encore plus vos \u00e9motions et vos perceptions et est de longue dur\u00e9e. Il contient du nitrite d&rsquo;alkyle, appel\u00e9 nitrite d&rsquo;hexyle, qui est consid\u00e9r\u00e9 comme le moins nocif pour la sant\u00e9. XTREME Poppers est l&rsquo;une des vari\u00e9t\u00e9s les plus puissantes du march\u00e9 avec une force de 6 et est disponible dans un flacon de 30 ml avec un bouchon facile \u00e0 ouvrir. Si vous rencontrez un gars extr\u00eamement excit\u00e9 pour une aventure ou si vous pr\u00e9voyez une session extr\u00eamement excit\u00e9e, le XTREME Poppers doit absolument en faire partie.   <\/span><\/p>\n","protected":false},"featured_media":104236,"comment_status":"open","ping_status":"closed","template":"","meta":{"_acf_changed":false,"iawp_total_views":13,"_glsr_average":0,"_glsr_ranking":0,"_glsr_reviews":0},"product_brand":[],"product_cat":[1046,77],"product_tag":[],"class_list":{"0":"post-104244","1":"product","2":"type-product","3":"status-publish","4":"has-post-thumbnail","6":"product_cat-poppers","7":"product_cat-grands-flacons","8":"pa_flaschenform-rond-petit","9":"pa_gewindegroesse-small","10":"pa_inhalt-30ml","11":"pa_inhaltsstoffe-nitrite-dhexyle","12":"pa_marke-royal-hexagon-fr","13":"pa_staerke-91","15":"first","16":"instock","17":"taxable","18":"shipping-taxable","19":"purchasable","20":"product-type-simple"},"acf":[],"_links":{"self":[{"href":"https:\/\/poppers-online.ch\/fr\/wp-json\/wp\/v2\/product\/104244","targetHints":{"allow":["GET"]}}],"collection":[{"href":"https:\/\/poppers-online.ch\/fr\/wp-json\/wp\/v2\/product"}],"about":[{"href":"https:\/\/poppers-online.ch\/fr\/wp-json\/wp\/v2\/types\/product"}],"replies":[{"embeddable":true,"href":"https:\/\/poppers-online.ch\/fr\/wp-json\/wp\/v2\/comments?post=104244"}],"wp:featuredmedia":[{"embeddable":true,"href":"https:\/\/poppers-online.ch\/fr\/wp-json\/wp\/v2\/media\/104236"}],"wp:attachment":[{"href":"https:\/\/poppers-online.ch\/fr\/wp-json\/wp\/v2\/media?parent=104244"}],"wp:term":[{"taxonomy":"product_brand","embeddable":true,"href":"https:\/\/poppers-online.ch\/fr\/wp-json\/wp\/v2\/product_brand?post=104244"},{"taxonomy":"product_cat","embeddable":true,"href":"https:\/\/poppers-online.ch\/fr\/wp-json\/wp\/v2\/product_cat?post=104244"},{"taxonomy":"product_tag","embeddable":true,"href":"https:\/\/poppers-online.ch\/fr\/wp-json\/wp\/v2\/product_tag?post=104244"}],"curies":[{"name":"wp","href":"https:\/\/api.w.org\/{rel}","templated":true}]}}