{"id":104158,"date":"2024-10-23T16:03:54","date_gmt":"2024-10-23T14:11:26","guid":{"rendered":"https:\/\/poppers-online.ch\/produkt\/kit-de-pompe-a-poppers-xtrm-bang\/"},"modified":"2026-03-05T10:28:18","modified_gmt":"2026-03-05T09:28:18","slug":"kit-de-pompe-a-poppers-xtrm-bang","status":"publish","type":"product","link":"https:\/\/poppers-online.ch\/fr\/produit\/kit-de-pompe-a-poppers-xtrm-bang\/","title":{"rendered":"Kit de pompe \u00e0 poppers XTRM BANG !"},"content":{"rendered":"","protected":false},"excerpt":{"rendered":"<p>Le site  <strong>Kit de pompe \u00e0 poppers XTRM BANG ! <\/strong>  fait passer l&rsquo;inhalation de poppers au niveau sup\u00e9rieur. Chaque fois que vous pompez, et seulement \u00e0 ce moment-l\u00e0, vous obtenez la pleine charge. \u00c9quip\u00e9 d&rsquo;une balle de pompage, ce syst\u00e8me innovant vous donne le coup de fouet ultime \u00e0 chaque utilisation. Con\u00e7u pour \u00e9liminer le besoin d&rsquo;un tuyau de masque \u00e0 gaz, le kit de pompe \u00e0 poppers XTRM BANG ! se connecte directement et sans d\u00e9tour \u00e0 votre masque \u00e0 gaz, offrant une flexibilit\u00e9 maximale pour un plaisir maximal !    <\/p>\n<p>Le site  <strong>Kit de pompe \u00e0 poppers XTRM BANG ! <\/strong>  a \u00e9t\u00e9 con\u00e7u pour rendre le tube superflu. Ce syst\u00e8me d&rsquo;inhalateur de poppers vous permet de contr\u00f4ler la quantit\u00e9 et le moment de l&rsquo;inhalation de mani\u00e8re cibl\u00e9e. Plus besoin de visser et d\u00e9visser, de t\u00e2tonner ou de chercher des poppers. Notre syst\u00e8me ing\u00e9nieux d&rsquo;inhalation de poppers est toujours pr\u00eat lorsque vous en avez besoin. Il suffit de connecter le kit de pompe \u00e0 poppers XTRM BANG ! \u00e0 votre masque \u00e0 gaz pr\u00e9f\u00e9r\u00e9, de choisir votre poppers pr\u00e9f\u00e9r\u00e9, de visser la petite bouteille en m\u00e9tal sur le filetage et de mettre le masque en place. En appuyant une fois sur la pompe, le poppers et l&rsquo;air p\u00e9n\u00e8trent dans le tube et donc dans votre masque &#8211; vous ressentez imm\u00e9diatement l&rsquo;effet. Vous obtenez le poppers \u00e0 chaque fois que vous pompez, et seulement \u00e0 ce moment-l\u00e0 ! Il s&rsquo;agit d&rsquo;un syst\u00e8me \u00ab\u00a0g\u00e9nial\u00a0\u00bb \u00e0 connecter \u00e0 un masque \u00e0 gaz pour vous fournir ou fournir \u00e0 votre partenaire des poppers de mani\u00e8re simple. Tr\u00e8s pratique pour toutes les sessions o\u00f9 vous avez besoin de vos mains pour faire autre chose. La bouteille en aluminium fournie peut contenir jusqu&rsquo;\u00e0 60 ml de liquide. Le kit comprend un bouchon pour la bouteille de poppers afin de pouvoir la fermer apr\u00e8s la session.         <\/p>\n<p>Nous vous recommandons de ne PAS verser de liquide dans la canette et d&rsquo;utiliser \u00e0 la place un mouchoir en papier ou un coton imbib\u00e9 de poppers qui ne coule pas ! Si vous \u00eates en position couch\u00e9e ou si vous ne faites pas attention, vous risquez de faire couler le poppers de la bouteille dans les tuyaux. Pour profiter longtemps de ce syst\u00e8me de tuyaux pour poppers, veillez \u00e0 ce que seule la bouteille soit en contact avec le poppers. Apr\u00e8s votre session, il vous suffit de refermer la bo\u00eete XTRM avec le couvercle &#8211; votre poppers est ainsi conserv\u00e9 en toute s\u00e9curit\u00e9 et pr\u00eat \u00e0 l&#8217;emploi \u00e0 tout moment.   <\/p>\n<p><strong>Kit de pompe \u00e0 poppers XTRM BANG ! <\/strong>  existe en rouge, jaune et noir.<\/p>\n","protected":false},"featured_media":104152,"comment_status":"open","ping_status":"closed","template":"","meta":{"_acf_changed":false,"iawp_total_views":26,"_glsr_average":0,"_glsr_ranking":0,"_glsr_reviews":0},"product_brand":[],"product_cat":[149],"product_tag":[],"class_list":{"0":"post-104158","1":"product","2":"type-product","3":"status-publish","4":"has-post-thumbnail","6":"product_cat-accessoires-poppers","8":"first","9":"instock","10":"taxable","11":"shipping-taxable","12":"purchasable","13":"product-type-simple"},"acf":[],"_links":{"self":[{"href":"https:\/\/poppers-online.ch\/fr\/wp-json\/wp\/v2\/product\/104158","targetHints":{"allow":["GET"]}}],"collection":[{"href":"https:\/\/poppers-online.ch\/fr\/wp-json\/wp\/v2\/product"}],"about":[{"href":"https:\/\/poppers-online.ch\/fr\/wp-json\/wp\/v2\/types\/product"}],"replies":[{"embeddable":true,"href":"https:\/\/poppers-online.ch\/fr\/wp-json\/wp\/v2\/comments?post=104158"}],"wp:featuredmedia":[{"embeddable":true,"href":"https:\/\/poppers-online.ch\/fr\/wp-json\/wp\/v2\/media\/104152"}],"wp:attachment":[{"href":"https:\/\/poppers-online.ch\/fr\/wp-json\/wp\/v2\/media?parent=104158"}],"wp:term":[{"taxonomy":"product_brand","embeddable":true,"href":"https:\/\/poppers-online.ch\/fr\/wp-json\/wp\/v2\/product_brand?post=104158"},{"taxonomy":"product_cat","embeddable":true,"href":"https:\/\/poppers-online.ch\/fr\/wp-json\/wp\/v2\/product_cat?post=104158"},{"taxonomy":"product_tag","embeddable":true,"href":"https:\/\/poppers-online.ch\/fr\/wp-json\/wp\/v2\/product_tag?post=104158"}],"curies":[{"name":"wp","href":"https:\/\/api.w.org\/{rel}","templated":true}]}}