{"id":104138,"date":"2024-10-23T13:46:13","date_gmt":"2024-10-23T11:46:13","guid":{"rendered":"https:\/\/poppers-online.ch\/produkt\/xtrm-ultimate-poppers-masque-v2\/"},"modified":"2026-04-02T20:47:28","modified_gmt":"2026-04-02T18:47:28","slug":"xtrm-ultimate-poppers-masque-v2","status":"publish","type":"product","link":"https:\/\/poppers-online.ch\/fr\/produit\/xtrm-ultimate-poppers-masque-v2\/","title":{"rendered":"XTRM Ultimate Poppers Masque V2"},"content":{"rendered":"","protected":false},"excerpt":{"rendered":"<p><span style=\"font-weight: 400;\">Vivez maintenant l&rsquo;exp\u00e9rience Poppers la plus intense et la plus unique.<strong> Le masque XTRM Ultimate Poppers V2<\/strong> offre une toute nouvelle dimension de moments intenses et excitants, parfaits pour les amateurs de poppers qui recherchent l&rsquo;ultime. Ce produit ne convient pas aux d\u00e9butants en poppers.   <\/span><span style=\"font-weight: 400;\">Le masque repose en douceur sur le visage gr\u00e2ce \u00e0 son bord rembourr\u00e9, tout en couvrant la zone du nez et de la bouche.  <\/span><span style=\"font-weight: 400;\">Le XTRM SNFFR est un support ing\u00e9nieux, sp\u00e9cialement con\u00e7u pour extraire efficacement le poppers de la bouteille en aluminium de 60 ml fournie. Placez un peu de coton ou des b\u00e2tonnets d&rsquo;ouate dans la bouteille, arrosez-la de votre poppers pr\u00e9f\u00e9r\u00e9.   <\/span><span style=\"font-weight: 400;\">Vissez la bouteille d&rsquo;Alu-Poppers sur l&rsquo;adaptateur. Fixez-le ensuite au masque respiratoire. <\/span><span style=\"font-weight: 400;\">  et c&rsquo;est parti !<\/span><\/p>\n<p>&nbsp;<\/p>\n<p><span style=\"font-weight: 400;\">Le <strong>masque XTRM Ultimate Poppers<\/strong> est tr\u00e8s pratique pour une prise en main libre confortable lors de jeux particuli\u00e8rement intenses, comme en sling, en levrette ou en gangbang. Le bandeau solide tient parfaitement en place, m\u00eame pendant les activit\u00e9s les plus intenses.   <\/span><span style=\"font-weight: 400;\">La valve sup\u00e9rieure du masque en latex vous permet de lib\u00e9rer ou d&rsquo;ajouter de l&rsquo;air.  <\/span><span style=\"font-weight: 400;\">Lavez le masque apr\u00e8s utilisation et laissez-le s\u00e9cher \u00e0 l&rsquo;air libre avant de le ranger. N&rsquo;utilisez pas de produits de nettoyage agressifs, car ils peuvent endommager le caoutchouc de l&#8217;embout. <\/span><\/p>\n","protected":false},"featured_media":131301,"comment_status":"open","ping_status":"closed","template":"","meta":{"_acf_changed":false,"iawp_total_views":173,"_glsr_average":0,"_glsr_ranking":0,"_glsr_reviews":0},"product_brand":[],"product_cat":[149],"product_tag":[],"class_list":{"0":"post-104138","1":"product","2":"type-product","3":"status-publish","4":"has-post-thumbnail","6":"product_cat-accessoires-poppers","8":"first","9":"instock","10":"taxable","11":"shipping-taxable","12":"purchasable","13":"product-type-simple"},"acf":[],"_links":{"self":[{"href":"https:\/\/poppers-online.ch\/fr\/wp-json\/wp\/v2\/product\/104138","targetHints":{"allow":["GET"]}}],"collection":[{"href":"https:\/\/poppers-online.ch\/fr\/wp-json\/wp\/v2\/product"}],"about":[{"href":"https:\/\/poppers-online.ch\/fr\/wp-json\/wp\/v2\/types\/product"}],"replies":[{"embeddable":true,"href":"https:\/\/poppers-online.ch\/fr\/wp-json\/wp\/v2\/comments?post=104138"}],"wp:featuredmedia":[{"embeddable":true,"href":"https:\/\/poppers-online.ch\/fr\/wp-json\/wp\/v2\/media\/131301"}],"wp:attachment":[{"href":"https:\/\/poppers-online.ch\/fr\/wp-json\/wp\/v2\/media?parent=104138"}],"wp:term":[{"taxonomy":"product_brand","embeddable":true,"href":"https:\/\/poppers-online.ch\/fr\/wp-json\/wp\/v2\/product_brand?post=104138"},{"taxonomy":"product_cat","embeddable":true,"href":"https:\/\/poppers-online.ch\/fr\/wp-json\/wp\/v2\/product_cat?post=104138"},{"taxonomy":"product_tag","embeddable":true,"href":"https:\/\/poppers-online.ch\/fr\/wp-json\/wp\/v2\/product_tag?post=104138"}],"curies":[{"name":"wp","href":"https:\/\/api.w.org\/{rel}","templated":true}]}}