{"id":104117,"date":"2024-10-23T13:00:09","date_gmt":"2024-10-23T11:19:24","guid":{"rendered":"https:\/\/poppers-online.ch\/produkt\/combo-extreme-poppers-play\/"},"modified":"2026-04-16T10:42:11","modified_gmt":"2026-04-16T08:42:11","slug":"combo-extreme-poppers-play","status":"publish","type":"product","link":"https:\/\/poppers-online.ch\/fr\/produit\/combo-extreme-poppers-play\/","title":{"rendered":"Combo Extreme Poppers Play"},"content":{"rendered":"","protected":false},"excerpt":{"rendered":"<p>Le<strong> combo Extreme Poppers Play<\/strong> se compose de deux bouteilles de poppers ultra puissants : 1x FIST HOLE EXTREME Poppers 30ml et 1x HARD FCK Extra Strong 30ml Poppers.<\/p>\n<p>Le <strong>poppers FIST HOLE EXTREME 30ml<\/strong> est destin\u00e9 aux pratiques extr\u00eames comme le fisting ou le sexe anal intense. Il contient du nitrite d&rsquo;alkyle, appel\u00e9 nitrite d&rsquo;hexyle, qui est consid\u00e9r\u00e9 comme le moins nocif pour la sant\u00e9. Le FIST HOLE EXTREME Poppers est l&rsquo;un des plus puissants du march\u00e9 avec une puissance de 6. Il est disponible dans un flacon de 30 ml avec un bouchon facile \u00e0 ouvrir. Repoussez vos limites en mati\u00e8re de fist avec le FIST HOLE EXTREME Poppers et vivez une session de fist particuli\u00e8rement intense et excitante. <\/p>\n<p><strong>HARD FCK Extra Strong 30ml<\/strong> Poppers est une nouveaut\u00e9 mondiale de Royal Hexagon. La c\u00e9l\u00e8bre Canadian Pentyl Formula est enfin disponible dans une bouteille en aluminium styl\u00e9e et indestructible. Et pour que vous puissiez renifler la bouteille encore plus longtemps, Royal Hexagon a mis 30 ml entiers de nitrite de pentyle extra fort dans la bouteille en aluminium HARD F*CK Extra Strong. HARD F*CK Poppers est destin\u00e9 \u00e0 tous ceux qui aiment les bonnes sessions bien hard.   <\/p>\n<p>&nbsp;<\/p>\n","protected":false},"featured_media":122608,"comment_status":"open","ping_status":"closed","template":"","meta":{"_acf_changed":false,"iawp_total_views":45,"_glsr_average":0,"_glsr_ranking":0,"_glsr_reviews":0},"product_brand":[],"product_cat":[1046,76,77],"product_tag":[],"class_list":{"0":"post-104117","1":"product","2":"type-product","3":"status-publish","4":"has-post-thumbnail","6":"product_cat-poppers","7":"product_cat-paquets-economiques","8":"product_cat-grands-flacons","9":"pa_flaschenform-rond-petit","10":"pa_flaschenform-rond-grand","11":"pa_gewindegroesse-small","12":"pa_inhalt-combo","13":"pa_inhalt-30ml","14":"pa_inhaltsstoffe-nitrite-dhexyle","15":"pa_inhaltsstoffe-formule-canadienne-de-pentyle","16":"pa_marke-fist-poppers","17":"pa_marke-royal-hexagon-fr","18":"pa_staerke-91","20":"first","21":"instock","22":"sale","23":"taxable","24":"shipping-taxable","25":"purchasable","26":"product-type-simple"},"acf":[],"_links":{"self":[{"href":"https:\/\/poppers-online.ch\/fr\/wp-json\/wp\/v2\/product\/104117","targetHints":{"allow":["GET"]}}],"collection":[{"href":"https:\/\/poppers-online.ch\/fr\/wp-json\/wp\/v2\/product"}],"about":[{"href":"https:\/\/poppers-online.ch\/fr\/wp-json\/wp\/v2\/types\/product"}],"replies":[{"embeddable":true,"href":"https:\/\/poppers-online.ch\/fr\/wp-json\/wp\/v2\/comments?post=104117"}],"wp:featuredmedia":[{"embeddable":true,"href":"https:\/\/poppers-online.ch\/fr\/wp-json\/wp\/v2\/media\/122608"}],"wp:attachment":[{"href":"https:\/\/poppers-online.ch\/fr\/wp-json\/wp\/v2\/media?parent=104117"}],"wp:term":[{"taxonomy":"product_brand","embeddable":true,"href":"https:\/\/poppers-online.ch\/fr\/wp-json\/wp\/v2\/product_brand?post=104117"},{"taxonomy":"product_cat","embeddable":true,"href":"https:\/\/poppers-online.ch\/fr\/wp-json\/wp\/v2\/product_cat?post=104117"},{"taxonomy":"product_tag","embeddable":true,"href":"https:\/\/poppers-online.ch\/fr\/wp-json\/wp\/v2\/product_tag?post=104117"}],"curies":[{"name":"wp","href":"https:\/\/api.w.org\/{rel}","templated":true}]}}