{"id":104063,"date":"2024-10-22T17:41:44","date_gmt":"2024-10-22T15:41:44","guid":{"rendered":"https:\/\/poppers-online.ch\/produkt\/super-rush-black-label-extreme-poppers-30ml\/"},"modified":"2026-03-26T16:19:34","modified_gmt":"2026-03-26T15:19:34","slug":"super-rush-black-label-extreme-poppers-30ml","status":"publish","type":"product","link":"https:\/\/poppers-online.ch\/fr\/produit\/super-rush-black-label-extreme-poppers-30ml\/","title":{"rendered":"SUPER RUSH Black Label Extreme Poppers 30ml"},"content":{"rendered":"","protected":false},"excerpt":{"rendered":"<p><span style=\"font-weight: 400;\">Le <strong>SUPER RUSH Black Label Extreme Poppers 30ml <\/strong>appartient \u00e0 la famille des produits Rush. Il est rempli d&rsquo;une formule puissante et con\u00e7u pour tes nouvelles exp\u00e9riences intenses et perverses. Il contient du nitrite d\u2019alkyle, appel\u00e9 nitrite d\u2019hexyle, qui est consid\u00e9r\u00e9 comme le nitrite le moins nocif pour la sant\u00e9. SUPER RUSH Black Label Extreme Poppers est l&rsquo;une des vari\u00e9t\u00e9s les plus puissantes du march\u00e9, avec une intensit\u00e9 de 6. Elle est disponible dans un flacon de 30 ml avec un bouchon facile \u00e0 ouvrir. SUPER RUSH Black Label Extreme Poppers rendra tes aventures encore plus intenses et perverses. <\/span><\/p>\n","protected":false},"featured_media":104051,"comment_status":"open","ping_status":"closed","template":"","meta":{"_acf_changed":false,"iawp_total_views":44,"_glsr_average":0,"_glsr_ranking":0,"_glsr_reviews":0},"product_brand":[],"product_cat":[1046,77],"product_tag":[],"class_list":{"0":"post-104063","1":"product","2":"type-product","3":"status-publish","4":"has-post-thumbnail","6":"product_cat-poppers","7":"product_cat-grands-flacons","8":"pa_flaschenform-rond-petit","9":"pa_gewindegroesse-small","10":"pa_inhalt-30ml","11":"pa_inhaltsstoffe-nitrite-dhexyle","12":"pa_marke-royal-hexagon-fr","13":"pa_marke-rush-poppers","14":"pa_staerke-91","16":"first","17":"instock","18":"taxable","19":"shipping-taxable","20":"purchasable","21":"product-type-simple"},"acf":[],"_links":{"self":[{"href":"https:\/\/poppers-online.ch\/fr\/wp-json\/wp\/v2\/product\/104063","targetHints":{"allow":["GET"]}}],"collection":[{"href":"https:\/\/poppers-online.ch\/fr\/wp-json\/wp\/v2\/product"}],"about":[{"href":"https:\/\/poppers-online.ch\/fr\/wp-json\/wp\/v2\/types\/product"}],"replies":[{"embeddable":true,"href":"https:\/\/poppers-online.ch\/fr\/wp-json\/wp\/v2\/comments?post=104063"}],"wp:featuredmedia":[{"embeddable":true,"href":"https:\/\/poppers-online.ch\/fr\/wp-json\/wp\/v2\/media\/104051"}],"wp:attachment":[{"href":"https:\/\/poppers-online.ch\/fr\/wp-json\/wp\/v2\/media?parent=104063"}],"wp:term":[{"taxonomy":"product_brand","embeddable":true,"href":"https:\/\/poppers-online.ch\/fr\/wp-json\/wp\/v2\/product_brand?post=104063"},{"taxonomy":"product_cat","embeddable":true,"href":"https:\/\/poppers-online.ch\/fr\/wp-json\/wp\/v2\/product_cat?post=104063"},{"taxonomy":"product_tag","embeddable":true,"href":"https:\/\/poppers-online.ch\/fr\/wp-json\/wp\/v2\/product_tag?post=104063"}],"curies":[{"name":"wp","href":"https:\/\/api.w.org\/{rel}","templated":true}]}}