{"id":104062,"date":"2024-10-22T17:19:02","date_gmt":"2024-10-22T16:01:06","guid":{"rendered":"https:\/\/poppers-online.ch\/produkt\/ram-super-strong-poppers-30ml\/"},"modified":"2024-10-24T10:36:58","modified_gmt":"2024-10-24T08:36:58","slug":"ram-super-strong-poppers-30ml","status":"publish","type":"product","link":"https:\/\/poppers-online.ch\/fr\/produit\/ram-super-strong-poppers-30ml\/","title":{"rendered":"ram Super Strong Poppers 30ml"},"content":{"rendered":"","protected":false},"excerpt":{"rendered":"<p><span style=\"font-weight: 400;\">Le <strong>ram Super Strong Poppers 30ml<\/strong> vous transforme en b\u00eate verte. Il contient du nitrite d&rsquo;alkyle, appel\u00e9 nitrite d&rsquo;hexyle, qui est consid\u00e9r\u00e9 comme le moins nocif pour la sant\u00e9. Le ram Super Strong Poppers, de force 5, fait partie des vari\u00e9t\u00e9s les plus fortes du march\u00e9 et est disponible dans un flacon de 30 ml avec un bouchon facile \u00e0 ouvrir. Laissez le ram Super Strong Poppers vous \u00e9craser et ressentir les coups plus fort. <\/span><\/p>\n","protected":false},"featured_media":104043,"comment_status":"open","ping_status":"closed","template":"","meta":{"_acf_changed":false,"iawp_total_views":12,"_glsr_average":0,"_glsr_ranking":0,"_glsr_reviews":0},"product_brand":[],"product_cat":[1046,77],"product_tag":[],"class_list":{"0":"post-104062","1":"product","2":"type-product","3":"status-publish","4":"has-post-thumbnail","6":"product_cat-poppers","7":"product_cat-grands-flacons","8":"pa_flaschenform-rond-petit","9":"pa_gewindegroesse-small","10":"pa_inhalt-30ml","11":"pa_inhaltsstoffe-nitrite-dhexyle","12":"pa_marke-royal-hexagon-fr","13":"pa_staerke-90","15":"first","16":"instock","17":"taxable","18":"shipping-taxable","19":"purchasable","20":"product-type-simple"},"acf":[],"_links":{"self":[{"href":"https:\/\/poppers-online.ch\/fr\/wp-json\/wp\/v2\/product\/104062","targetHints":{"allow":["GET"]}}],"collection":[{"href":"https:\/\/poppers-online.ch\/fr\/wp-json\/wp\/v2\/product"}],"about":[{"href":"https:\/\/poppers-online.ch\/fr\/wp-json\/wp\/v2\/types\/product"}],"replies":[{"embeddable":true,"href":"https:\/\/poppers-online.ch\/fr\/wp-json\/wp\/v2\/comments?post=104062"}],"wp:featuredmedia":[{"embeddable":true,"href":"https:\/\/poppers-online.ch\/fr\/wp-json\/wp\/v2\/media\/104043"}],"wp:attachment":[{"href":"https:\/\/poppers-online.ch\/fr\/wp-json\/wp\/v2\/media?parent=104062"}],"wp:term":[{"taxonomy":"product_brand","embeddable":true,"href":"https:\/\/poppers-online.ch\/fr\/wp-json\/wp\/v2\/product_brand?post=104062"},{"taxonomy":"product_cat","embeddable":true,"href":"https:\/\/poppers-online.ch\/fr\/wp-json\/wp\/v2\/product_cat?post=104062"},{"taxonomy":"product_tag","embeddable":true,"href":"https:\/\/poppers-online.ch\/fr\/wp-json\/wp\/v2\/product_tag?post=104062"}],"curies":[{"name":"wp","href":"https:\/\/api.w.org\/{rel}","templated":true}]}}